{"id":10599,"date":"2019-09-19T20:38:03","date_gmt":"2019-09-19T19:38:03","guid":{"rendered":"http:\/\/zonk-team.pl\/?page_id=10599"},"modified":"2019-09-19T20:38:04","modified_gmt":"2019-09-19T19:38:04","slug":"mistrzostwa-polski-f3f-grudziadz-2019","status":"publish","type":"page","link":"https:\/\/zonk-team.pl\/?page_id=10599","title":{"rendered":"Mistrzostwa Polski F3F Grudzi\u0105dz 2019"},"content":{"rendered":"\n<p class=\"wp-block-paragraph\">Od d\u0142u\u017cszego czasu w tej sekcji wia\u0142o nud\u0105 &#8211;  w k\u00f3\u0142ko tylko Pi\u0144cz\u00f3w i Pi\u0144cz\u00f3w + jakie\u015b zawody Vento. Na facebooku <a href=\"https:\/\/www.facebook.com\/modelarniazaleszany\/\">RC Pany Zaleszany<\/a> (czyli modelarni prowadzonej przez Wojtka), co prawda pojawiaj\u0105 si\u0119 mniejsze lub wi\u0119ksze relacje z wypad\u00f3w 'na poziomie&#8217;, ale reszta naszej ekipy raczej na wi\u0119ksze zawody nie je\u017adzi albo jak jedzie to relacji pisa\u0107 nie zamierza.<br \/>Tym razem by\u0142o jednak inaczej bo pojecha\u0142em tam ja &#8211; w roli obserwatora, operatora aparatu i czasem kamery, a do tego pisorza niniejszych wypocin \ud83d\ude00 Tak, pojecha\u0142em na MP bez modelu, za to zawioz\u0142em tam, dooko\u0142a komina i z powrotem ca\u0142\u0105 ekip\u0119, a do tego mia\u0142em sporo czasu by zaobserwowa\u0107 wszystko to, co teraz postaram si\u0119 opisa\u0107.<\/p>\n\n\n\n<p class=\"wp-block-paragraph\">Jako\u015b pocz\u0105tkiem wrze\u015bnia Wojtek rzuci\u0142 pytanie czy kto\u015b wybiera si\u0119 na MP F3F, Pawe\u0142 i Mario wyrazili ch\u0119\u0107, a do tego mia\u0142o te\u017c jecha\u0107 przynajmniej dw\u00f3ch zawodnik\u00f3w z Zaleszan. Finalnie ekipa by\u0142a na 8 os\u00f3b, co normalnie wymusza jazd\u0119 na min. dwa samochody. Jednak poniewa\u017c, gdy\u017c ja od zawsze by\u0142em skrzywiony w stron\u0119 samochod\u00f3w i w takiej te\u017c bran\u017cy pracuj\u0119, to uda\u0142o si\u0119 za\u0142atwi\u0107 8 osobowego vana i tym samym zmniejszy\u0107 koszta tej wyprawy oraz zwi\u0119kszy\u0107 hmm fun factor \ud83d\ude00<\/p>\n\n\n\n<p class=\"wp-block-paragraph\"><strong>Czwartek 12 Wrze\u015bnia<\/strong><\/p>\n\n\n\n<p class=\"wp-block-paragraph\">Dzie\u0144 wyjazdu. Rzadko si\u0119 zdarza\u0142o ostatnio \u017ceby jecha\u0107 na zawody ju\u017c w czwartek, ale tutaj by\u0142o to niezb\u0119dne. Nie wszyscy mieli tego dnia wolne od pracy\/szko\u0142y wi\u0119c realne zbieranie i pakowanie zesz\u0142o od 13:00 w Tarnobrzegu do prawie 16:00 w Stalowej Woli i okolicach, kiedy to zrobili\u015bmy ostatni przystanek i zabrali\u015bmy Wojtka Kieliszka.<br \/>Tak upchni\u0119ci z gratami w aucie i boksie na dachu ruszyli\u015bmy w ponad 500 km tras\u0119.<br \/>Trasa takim weso\u0142ym autobusem posz\u0142a do\u015b\u0107 sprawnie, cho\u0107 oczywi\u015bcie by\u0142o wi\u0119cej pit stop\u00f3w na zrzut\/uzupe\u0142nienie p\u0142yn\u00f3w \ud83d\ude00 By\u0142o troch\u0119 \u015bpiewania nawet &#8211; ten motyw b\u0119dzie si\u0119 z reszt\u0105 jeszcze tutaj przewija\u0142 \ud83d\ude42<br \/>Po doje\u017adzie na miejsce, gdzie wcze\u015bniej mieli\u015bmy zarezerwowane pokoje by\u0142a chwila niepewno\u015bci &#8211; g\u0142ucho, ciemno dooko\u0142a, a telefon obs\u0142ugi nie odpowiada. Na szcz\u0119\u015bcie po chwili uda\u0142o si\u0119 skontaktowa\u0107 i ka\u017cdy m\u00f3g\u0142 p\u00f3j\u015b\u0107 w kim\u0119 na swojej pryczy \ud83d\ude42 <\/p>\n\n\n\n<p class=\"wp-block-paragraph\"><strong>Pi\u0105tek 13 Wrze\u015bnia<\/strong><\/p>\n\n\n\n<p class=\"wp-block-paragraph\">Tym razem nie by\u0142o spania, spokojnego wcinania \u015bniadania itd. O 9:00 trzeba by\u0142o by\u0107 na rozpocz\u0119ciu w Lisich K\u0105tach, a my tam mieli\u015bmy ponad 20 km drogi, bak na rezerwie i nic na \u015bniadanie. Temat by\u0142 prosty &#8211;  wyjazd przed 8:00 i Orlen po drodze \ud83d\ude00 Uda\u0142o si\u0119.<br \/>Po oficjalnym rozpocz\u0119ciu zawod\u00f3w przed Aeroklubem, wyruszyli\u015bmy w kierunku zbocza wskazanego przez organizatora &#8211; prawie godzina jazdy.<br \/>Dojazd do zbocza prowadzi\u0142 le\u015bn\u0105 drog\u0105, a do kraw\u0119dzi g\u00f3rki by\u0142o raptem 300-400m z buta po p\u0142askim. <\/p>\n\n\n\n<p class=\"wp-block-paragraph\">Po kr\u00f3tkim briefingu dla zawodnik\u00f3w i testach sprz\u0119tu rozpocz\u0119\u0142o si\u0119 latanie. Dla Wojtka i Kamila ta klasa jest ju\u017c znana. Natomiast Pawe\u0142, Mario, Maciek i drugi Wojtek mieli troch\u0119 trudniej ze wzgl\u0119du na brak do\u015bwiadczenia w F3F lub latanie nowym modelem. Na szcz\u0119\u015bcie miejsce do l\u0105dowania by\u0142o do\u015b\u0107 model-friendly &#8211; zaorane piaszczyste pole, chocia\u017c z rotorami w po\u0142owie d\u0142ugo\u015bci podej\u015bcia \ud83d\ude09 Tutaj ciekawy manewr wyszed\u0142 Paw\u0142owi &#8211; podczas l\u0105dowania dolecia\u0142 do kraw\u0119dzi zbocza i skrzyd\u0142em zawadzi\u0142 o wystaj\u0105ce habezie, co wywin\u0119\u0142o go na plecy \ud83d\ude42 na szcz\u0119\u015bcie to pilot przeszkolony na wiele typ\u00f3w maszyn wi\u0119c po chwili lotu odwr\u00f3conego sko\u0144czy\u0142o si\u0119 na zrobieniu p\u00f3\u0142beczki i bezpiecznym l\u0105dowaniu. Tym razem wszyscy bili brawo, kierowca te\u017c \ud83d\ude00 Drug\u0105 kolejk\u0119 wygra\u0142 Wojtek, pozostali byli gdzie\u015b w drugiej dziesi\u0105tce, ale bardziej chodzi\u0142o o zapoznanie si\u0119 z tematem ni\u017c walka o czas.<br \/>Niestety po rozegraniu bodaj\u017ce dw\u00f3ch kolejek lot\u00f3w wiatr zacz\u0105\u0142 si\u0119 odkr\u0119ca\u0107 i zapad\u0142a decyzja o zmianie zbocza.<br \/>Ze wzgl\u0119d\u00f3w czasowych oraz z powodu przelotnego deszczu na drugim zboczu uda\u0142o si\u0119 rozegra\u0107 tego dnia jeszcze jedn\u0105 kolejk\u0119 lot\u00f3w, w kt\u00f3rej Wojtek by\u0142 dla odmiany drugi.<br \/>Po zebraniu grat\u00f3w pojechali\u015bmy na p\u00f3\u017any obiad do Grudzi\u0105dza, po drodze sklep i chill w kwaterach.<\/p>\n\n\n\n<p class=\"wp-block-paragraph\"><strong>Sobota 14 Wrze\u015bnia<\/strong><\/p>\n\n\n\n<p class=\"wp-block-paragraph\">Zn\u00f3w wczesne wstawanie bo na zboczu trzeba by\u0107 o 9:00, a kawa\u0142ek drogi tam by\u0142o. Dodatkowy klops &#8211; na Orlenie nie by\u0142o hot dog\u00f3w \ud83d\ude00 na szcz\u0119\u015bcie po drodze by\u0142 spo\u017cywczak si\u0119 poranny g\u0142\u00f3d zaspokojony, mo\u017cna startowa\u0107 :D. Tego dnia warunki pozwoli\u0142y na rozegranie 6 rund w do\u015b\u0107 przyjemnych warunkach. Latali\u015bmy na tym samym zboczu, na kt\u00f3rym sko\u0144czyli\u015bmy poprzedniego dnia. Jest to skarpa nad sam\u0105 Wis\u0142\u0105, z pi\u0119knym widokiem na rzek\u0119 i szerok\u0105 okolic\u0119, w galerii jest troch\u0119 fotek pokazuj\u0105cych to miejsce. <br \/>Co do samych wynik\u00f3w to Wojtek przewa\u017cnie by\u0142 w pierwszej dziesi\u0105tce, raz jeszcze uda\u0142o mu si\u0119 wygra\u0107 w 5 rundzie. Pozostali raczej w drugiej dziesi\u0105tce, z pojedynczymi wynikami w top 10. Przed ka\u017cdym lotem by\u0142o troch\u0119 rozkminy odno\u015bnie ilo\u015bci balastu, a tak\u017ce nauka latania szybko i bez utraty pr\u0119dko\u015bci. Na plus warto te\u017c uzna\u0107 fakt, \u017ce prawie nikt nie uszkodzi\u0142 znacz\u0105co modelu. Jedynie Maciek w ostatnim locie po\u0142ama\u0142 statecznik.<br \/>Inn\u0105 przygod\u0119 z kolei mia\u0142 Kamil &#8211; rozpocz\u0105\u0142 sw\u00f3j lot do\u015b\u0107 nisko, przez co s\u0119dzia bazowy zobaczy\u0142 jego model za p\u00f3\u017ano i przekroczy\u0142 czas startowy. Jest to sytuacja, kiedy zawodnik dostaje 0 za lot. Dla \u015bwie\u017cak\u00f3w lekcja typu 'tak nie r\u00f3b&#8217; :). <br \/>Po 9 kolejkach na prowadzeniu by\u0142 Wojtek, Pawe\u0142 16, potem na miejscach 22-25 Kamil, Mario, Maciek i Wojtek, kt\u00f3ry jako jedyny lata\u0142 mini\u00f3wk\u0105 a i tak uda\u0142o mu si\u0119 wyprzedzi\u0107 jednego zawodnika z du\u017cym modelem \ud83d\ude42<\/p>\n\n\n\n<p class=\"wp-block-paragraph\">Po lataniu pojechali\u015bmy na szybki obiad, potem Biedra po zapasy i do\u0142\u0105czyli\u015bmy do ogniska w Aeroklubie. Troch\u0119 pogadanek przy ognisku i browarku da\u0142o fajne odpr\u0119\u017cenie, jakie na zawodach zawsze jest w cenie \ud83d\ude42<br \/>Na powrocie do naszego o\u015brodka zn\u00f3w da\u0142 o sobie zna\u0107 ch\u00f3rek z ostatniego rz\u0119du siedze\u0144 w naszym busie \ud83d\ude00 Przed spaniem jedni ko\u0144czyli swoje browary, a ja mog\u0142em wreszcie co\u015b wypi\u0107 po ci\u0119\u017ckim dniu na krzese\u0142ku z aparatem w r\u0119ce \ud83d\ude42<\/p>\n\n\n\n<p class=\"wp-block-paragraph\"><strong>Niedziela 15 Wrze\u015bnia<\/strong><\/p>\n\n\n\n<p class=\"wp-block-paragraph\">Ostatni dzie\u0144 naszego wypadu. Tym razem wi\u0119cej pakowania bo musieli\u015bmy zabra\u0107 wszystko z pokoi i po 9:00 zjawi\u0107 si\u0119 na g\u00f3rce. Po drodze oczywi\u015bcie hot-dogi na Orlenie \ud83d\ude00 Prognozy ju\u017c poprzedniego dnia dawa\u0142y ma\u0142e szanse na wiatr z dobrego kierunku wi\u0119c po kr\u00f3tkim oczekiwaniu organizatorzy postanowili zako\u0144czy\u0107 zawody z wynikami z poprzedniego dnia. Tym samym Wojtek zdoby\u0142 sw\u00f3j drugi w tym roku tytu\u0142 Mistrza Polski i trzecie pud\u0142o \ud83d\ude42 Po rozdaniu nagr\u00f3d, wsp\u00f3lnych fotkach wyruszyli\u015bmy w drog\u0119 do domu. Z racji odleg\u0142o\u015bci brak kolejek tego dnia pozwoli\u0142 nam na powr\u00f3t o w miar\u0119 ludzkiej porze \ud83d\ude42<\/p>\n\n\n\n<p class=\"wp-block-paragraph\">My\u015bl\u0119, \u017ce wypad pomimo tylko jednej chocia\u017c bardzo cennej zdobyczy sportowej nale\u017cy uzna\u0107 za bardzo udany. Opr\u00f3cz zdobytych do\u015bwiadcze\u0144 w nowej klasie po prostu mieli\u015bmy troch\u0119 wolnego od pracy i szko\u0142y, a o to te\u017c przecie\u017c chodzi \ud83d\ude42 Nastroje, je\u015bli to nie s\u0142omiany zapa\u0142, wydaj\u0105 si\u0119 by\u0107 takie, \u017ce jeszcze w tym roku gdzie\u015b na F3F pojedziemy, a w kolejnym roku by\u0107 mo\u017ce uda si\u0119 odwiedzi\u0107 wi\u0119cej tego typu zawod\u00f3w \ud83d\ude42 <\/p>\n\n\n\n<p class=\"wp-block-paragraph\">pisa\u0142 Arek<\/p>\n\n\n\n<p class=\"wp-block-paragraph\"><br \/><br \/><\/p>\n\n\n\n<p class=\"wp-block-paragraph\"><\/p>\n","protected":false},"excerpt":{"rendered":"<p>Od d\u0142u\u017cszego czasu w tej sekcji wia\u0142o nud\u0105 &#8211; w k\u00f3\u0142ko tylko Pi\u0144cz\u00f3w i Pi\u0144cz\u00f3w + jakie\u015b zawody Vento. Na facebooku RC Pany Zaleszany (czyli modelarni prowadzonej przez Wojtka), co prawda pojawiaj\u0105 si\u0119 mniejsze lub wi\u0119ksze relacje z wypad\u00f3w 'na poziomie&#8217;, ale reszta naszej ekipy raczej na wi\u0119ksze zawody nie je\u017adzi albo jak jedzie to [&hellip;]<\/p>\n","protected":false},"author":1,"featured_media":0,"parent":9981,"menu_order":0,"comment_status":"closed","ping_status":"closed","template":"","meta":{"_crdt_document":"","ngg_post_thumbnail":0,"footnotes":""},"class_list":["post-10599","page","type-page","status-publish","hentry"],"_links":{"self":[{"href":"https:\/\/zonk-team.pl\/index.php?rest_route=\/wp\/v2\/pages\/10599","targetHints":{"allow":["GET"]}}],"collection":[{"href":"https:\/\/zonk-team.pl\/index.php?rest_route=\/wp\/v2\/pages"}],"about":[{"href":"https:\/\/zonk-team.pl\/index.php?rest_route=\/wp\/v2\/types\/page"}],"author":[{"embeddable":true,"href":"https:\/\/zonk-team.pl\/index.php?rest_route=\/wp\/v2\/users\/1"}],"replies":[{"embeddable":true,"href":"https:\/\/zonk-team.pl\/index.php?rest_route=%2Fwp%2Fv2%2Fcomments&post=10599"}],"version-history":[{"count":3,"href":"https:\/\/zonk-team.pl\/index.php?rest_route=\/wp\/v2\/pages\/10599\/revisions"}],"predecessor-version":[{"id":10602,"href":"https:\/\/zonk-team.pl\/index.php?rest_route=\/wp\/v2\/pages\/10599\/revisions\/10602"}],"up":[{"embeddable":true,"href":"https:\/\/zonk-team.pl\/index.php?rest_route=\/wp\/v2\/pages\/9981"}],"wp:attachment":[{"href":"https:\/\/zonk-team.pl\/index.php?rest_route=%2Fwp%2Fv2%2Fmedia&parent=10599"}],"curies":[{"name":"wp","href":"https:\/\/api.w.org\/{rel}","templated":true}]}}