{"id":10792,"date":"2019-11-07T00:52:38","date_gmt":"2019-11-06T23:52:38","guid":{"rendered":"http:\/\/zonk-team.pl\/?page_id=10792"},"modified":"2019-11-07T00:52:39","modified_gmt":"2019-11-06T23:52:39","slug":"pp-f3f-puchar-baltyku-2019","status":"publish","type":"page","link":"https:\/\/zonk-team.pl\/?page_id=10792","title":{"rendered":"PP F3F Puchar Ba\u0142tyku 2019"},"content":{"rendered":"\n<p class=\"wp-block-paragraph\">Po wypadzie na MP do Grudzi\u0105dza, a w\u0142a\u015bciwie ju\u017c w jego trakcie Wojtek jako przodownik w tej materii rzuci\u0142 pomys\u0142, \u017ceby wybra\u0107 si\u0119 jeszcze raz w tym sezonie w wi\u0119kszym sk\u0142adzie na zawody F3F. Wszystkim temat si\u0119 spodoba\u0142, szczeg\u00f3lnie \u017ce by\u0142 to wypad nad morze \ud83d\ude42 a dok\u0142adnie do Mechelinek nieopodal Tr\u00f3jmiasta.<\/p>\n\n\n\n<p class=\"wp-block-paragraph\"><strong>Pi\u0105tek 18 Pa\u017adziernika<\/strong><\/p>\n\n\n\n<p class=\"wp-block-paragraph\">Tym razem jazda weso\u0142ym autobusem nie wchodzi\u0142a w gr\u0119 i wyjechali\u015bmy na 3 samochody, o zupe\u0142nie r\u00f3\u017cnych porach. Mario wyjecha\u0142 rano i oko\u0142o po\u0142udnia zgarn\u0105\u0142 mnie z Warszawy, ekipa z Zaleszan\/Turbii wyjecha\u0142a wczesnym popo\u0142udniem a Wojtek jeszcze p\u00f3\u017aniej. Cel by\u0142 jedynie taki, aby dojecha\u0107 na nocleg, jakie\u015b piwko i w kim\u0119 \ud83d\ude42 Oczywi\u015bcie takie szczury l\u0105dowe jak my musieli\u015bmy jeszcze zaliczy\u0107 molo i pla\u017c\u0119, kt\u00f3re by\u0142y dos\u0142ownie kilka krok\u00f3w od pensjonatu \ud83d\ude42<\/p>\n\n\n\n<p class=\"wp-block-paragraph\"><strong>Sobota 19 Pa\u017adziernika<\/strong><\/p>\n\n\n\n<p class=\"wp-block-paragraph\">W por\u00f3wnaniu do naszego zwyczajowego pi\u0144czowskiego leniuchowania, tutaj pobudka by\u0142a do\u015b\u0107 wczesna. Szybkie \u015bniadanie i po 8:00 wyjazd na zbiornik przy Jeziorze \u017barnowieckim. Chyba wszyscy liczyli po cichu na latanie na klifie, ale kierunek wiatru by\u0142 zupe\u0142nie z innej strony.<br \/>Zbiornik jest do\u015b\u0107 specyficzn\u0105 miejsc\u00f3wk\u0105 &#8211; stoj\u0105c na szczycie zaraz za plecami jest siatka (do niej jeszcze wr\u00f3cimy \ud83d\ude00 ). Z drugiej strony jego kszta\u0142t pozwala na latanie przy prawie ka\u017cdym kierunku wiatru.<br \/>Tego dnia nie wia\u0142o jako\u015b super mocno, ale regulaminowe minimum by\u0142o spe\u0142nione.<br \/>Dla mnie te zawody by\u0142y pierwszym podej\u015bciem do tematu i&#8230;pierwszy lot nie poszed\u0142 najlepiej. Problemy z elektryk\u0105 sprawi\u0142y, \u017ce zacz\u0119\u0142y zacina\u0107 si\u0119 serwa od lotek i w po\u0142owie pr\u00f3by model znalaz\u0142 si\u0119 za siatk\u0105. Fuks w tym taki, \u017ce tu\u017c przy siatce, a nie w wodzie i uda\u0142o si\u0119 go wydosta\u0107 prawie bez strat&#8230;uff. Debiut &#8211; DNF, Zonk czuwa \ud83d\ude00 .<br \/>Wojtek w pierwszej rundzie by\u0142 pi\u0105ty, Pawe\u0142 i Mario w ko\u0144c\u00f3wce. Maciek bardzo zachowawczo rozpocz\u0105\u0142, Kamil wbi\u0142 si\u0119 do pierwszej 10.<br \/>Nast\u0119pne rundy w naszym wykonaniu by\u0142y mniej wi\u0119cej w podobnych obszarach &#8211; Wojtek walczy\u0142 w czo\u0142\u00f3wce, Pawe\u0142 i Mario w drugiej dziesi\u0105tce, Kamil w Top 10 a ja i Maciek w drugiej. Dla wyja\u015bnienia &#8211; ja lata\u0142em mini\u00f3wk\u0105, a Maciek do\u015b\u0107 wys\u0142u\u017conym Esso ;). Pawe\u0142 pr\u00f3bowa\u0142 dogada\u0107 si\u0119 z Vikingiem, kt\u00f3ry jest modelem do F5J. Mario z kolei lata\u0142 sprz\u0119tem w\u0142asnego wyrobu.<br \/>Pod koniec dnia wiatr zaczyna\u0142 s\u0142abn\u0105\u0107 i pojawia\u0142y si\u0119 re-flighty. Og\u00f3\u0142em tego dnia uda\u0142o si\u0119 rozegra\u0107 3 kolejki lot\u00f3w.<br \/>Po sko\u0144czonych lotach wr\u00f3cili\u015bmy do bazy na obiad &#8211; oczywi\u015bcie rybk\u0119, jak to nad morzem \ud83d\ude00 . Potem ju\u017c chill, piwko i pogadanki.<\/p>\n\n\n\n<p class=\"wp-block-paragraph\"><strong>Niedziela 20 Pa\u017adziernika<\/strong><\/p>\n\n\n\n<p class=\"wp-block-paragraph\">Drugiego dnia zawody r\u00f3wnie\u017c odbywa\u0142y si\u0119 w tym samym miejscu. Warunki by\u0142y bardzo podobne jak w sobot\u0119. Kolejki posz\u0142y jednak odrobin\u0119 sprawniej i uda\u0142o si\u0119 ich rozegra\u0107 4. Dzi\u0119ki temu jeden najgorszy lot by\u0142 odrzucany w ko\u0144cowej klasyfikacji. Najlepszy z nas, Wojtek mia\u0142 tego dnia miejsca 3,2,2 i 1 \ud83d\ude42 Pozostali prezentowali si\u0119 podobnie jak pierwszego dnia. Wi\u0119kszych zdarze\u0144 tego dnia nie by\u0142o \ud83d\ude42 <br \/>Ostatecznie miejsca dla naszej bandy wysz\u0142y nast\u0119puj\u0105co:<br \/>Wojtek &#8211; 2<br \/>Kamil &#8211; 7<br \/>Mario &#8211; 19<br \/>Pawe\u0142 &#8211; 20<br \/>Maciek &#8211; 21<br \/>Arek &#8211; 23<br \/>Sklasyfikowano 25 zawodnik\u00f3w, z czego ostatni lata\u0142 tylko pierwszego dnia.<br \/>Zawody wygra\u0142 Marcin Obru\u015bnik, przed Wojtkiem i Jerzym Kurkiem.<\/p>\n\n\n\n<p class=\"wp-block-paragraph\">Po rozdaniu nagr\u00f3d i zako\u0144czeniu starszyzna pojecha\u0142a na obiad do Rewy, aby jeszcze chwil\u0119 popatrze\u0107 na morze jesienn\u0105 por\u0105 \ud83d\ude42 a Kamil z ekip\u0105 zwiedzali wie\u017c\u0119 widokow\u0105 nieopodal zbiornika. W drog\u0119 powrotn\u0105 ruszyli\u015bmy wi\u0119c osobno.<br \/>Temat F3F chyba wkr\u0119ci\u0142 si\u0119 nam na d\u0142u\u017cej, niekt\u00f3rzy po tych zawodach ju\u017c si\u0119 dozbroili sprz\u0119towo, pozosta\u0142ym chodzi to mocno po g\u0142owie \ud83d\ude42 Sam wypad nale\u017cy uzna\u0107 za bardzo fajnie sp\u0119dzony weekend, nawet pomimo s\u0142abego wyniku sportowego (nie licz\u0105c Wojtka, kt\u00f3ry lata tu znacznie d\u0142u\u017cej). Ale powoli, na razie zbieramy do\u015bwiadczenia i mamy nadziej\u0119 na sowity progres w przysz\u0142ym roku \ud83d\ude42<\/p>\n\n\n\n<p class=\"wp-block-paragraph\">pisa\u0142 Arek<\/p>\n\n\n\n<p class=\"wp-block-paragraph\"><\/p>\n","protected":false},"excerpt":{"rendered":"<p>Po wypadzie na MP do Grudzi\u0105dza, a w\u0142a\u015bciwie ju\u017c w jego trakcie Wojtek jako przodownik w tej materii rzuci\u0142 pomys\u0142, \u017ceby wybra\u0107 si\u0119 jeszcze raz w tym sezonie w wi\u0119kszym sk\u0142adzie na zawody F3F. Wszystkim temat si\u0119 spodoba\u0142, szczeg\u00f3lnie \u017ce by\u0142 to wypad nad morze \ud83d\ude42 a dok\u0142adnie do Mechelinek nieopodal Tr\u00f3jmiasta. Pi\u0105tek 18 Pa\u017adziernika [&hellip;]<\/p>\n","protected":false},"author":1,"featured_media":0,"parent":9981,"menu_order":0,"comment_status":"closed","ping_status":"closed","template":"","meta":{"_crdt_document":"","ngg_post_thumbnail":0,"footnotes":""},"class_list":["post-10792","page","type-page","status-publish","hentry"],"_links":{"self":[{"href":"https:\/\/zonk-team.pl\/index.php?rest_route=\/wp\/v2\/pages\/10792","targetHints":{"allow":["GET"]}}],"collection":[{"href":"https:\/\/zonk-team.pl\/index.php?rest_route=\/wp\/v2\/pages"}],"about":[{"href":"https:\/\/zonk-team.pl\/index.php?rest_route=\/wp\/v2\/types\/page"}],"author":[{"embeddable":true,"href":"https:\/\/zonk-team.pl\/index.php?rest_route=\/wp\/v2\/users\/1"}],"replies":[{"embeddable":true,"href":"https:\/\/zonk-team.pl\/index.php?rest_route=%2Fwp%2Fv2%2Fcomments&post=10792"}],"version-history":[{"count":2,"href":"https:\/\/zonk-team.pl\/index.php?rest_route=\/wp\/v2\/pages\/10792\/revisions"}],"predecessor-version":[{"id":10796,"href":"https:\/\/zonk-team.pl\/index.php?rest_route=\/wp\/v2\/pages\/10792\/revisions\/10796"}],"up":[{"embeddable":true,"href":"https:\/\/zonk-team.pl\/index.php?rest_route=\/wp\/v2\/pages\/9981"}],"wp:attachment":[{"href":"https:\/\/zonk-team.pl\/index.php?rest_route=%2Fwp%2Fv2%2Fmedia&parent=10792"}],"curies":[{"name":"wp","href":"https:\/\/api.w.org\/{rel}","templated":true}]}}