{"id":11671,"date":"2021-07-19T23:36:23","date_gmt":"2021-07-19T22:36:23","guid":{"rendered":"http:\/\/zonk-team.pl\/?page_id=11671"},"modified":"2021-07-22T22:27:10","modified_gmt":"2021-07-22T21:27:10","slug":"zawody-2021","status":"publish","type":"page","link":"https:\/\/zonk-team.pl\/?page_id=11671","title":{"rendered":"Zawody 2021"},"content":{"rendered":"<p><a href=\"https:\/\/zonk-team.pl\/?page_id=11675\"><strong>Lafarge DLG CUP Kielce\/Kowala<\/strong><\/a><br \/>\nW tym dziwnym, post-pandemicznym (mam nadziej\u0119) roku w \u015bwiecie zawod\u00f3w modelarskich r\u00f3wnie\u017c nie jest ca\u0142kowicie po staremu\u2026<\/p>\n","protected":false},"excerpt":{"rendered":"<p>Lafarge DLG CUP Kielce\/Kowala W tym dziwnym, post-pandemicznym (mam nadziej\u0119) roku w \u015bwiecie zawod\u00f3w modelarskich r\u00f3wnie\u017c nie jest ca\u0142kowicie po staremu\u2026<\/p>\n","protected":false},"author":1,"featured_media":0,"parent":3576,"menu_order":0,"comment_status":"closed","ping_status":"closed","template":"","meta":{"_crdt_document":"","ngg_post_thumbnail":0,"footnotes":""},"class_list":["post-11671","page","type-page","status-publish","hentry"],"_links":{"self":[{"href":"https:\/\/zonk-team.pl\/index.php?rest_route=\/wp\/v2\/pages\/11671","targetHints":{"allow":["GET"]}}],"collection":[{"href":"https:\/\/zonk-team.pl\/index.php?rest_route=\/wp\/v2\/pages"}],"about":[{"href":"https:\/\/zonk-team.pl\/index.php?rest_route=\/wp\/v2\/types\/page"}],"author":[{"embeddable":true,"href":"https:\/\/zonk-team.pl\/index.php?rest_route=\/wp\/v2\/users\/1"}],"replies":[{"embeddable":true,"href":"https:\/\/zonk-team.pl\/index.php?rest_route=%2Fwp%2Fv2%2Fcomments&post=11671"}],"version-history":[{"count":4,"href":"https:\/\/zonk-team.pl\/index.php?rest_route=\/wp\/v2\/pages\/11671\/revisions"}],"predecessor-version":[{"id":11700,"href":"https:\/\/zonk-team.pl\/index.php?rest_route=\/wp\/v2\/pages\/11671\/revisions\/11700"}],"up":[{"embeddable":true,"href":"https:\/\/zonk-team.pl\/index.php?rest_route=\/wp\/v2\/pages\/3576"}],"wp:attachment":[{"href":"https:\/\/zonk-team.pl\/index.php?rest_route=%2Fwp%2Fv2%2Fmedia&parent=11671"}],"curies":[{"name":"wp","href":"https:\/\/api.w.org\/{rel}","templated":true}]}}