{"id":11675,"date":"2021-07-20T01:29:27","date_gmt":"2021-07-20T00:29:27","guid":{"rendered":"http:\/\/zonk-team.pl\/?page_id=11675"},"modified":"2021-07-20T01:29:27","modified_gmt":"2021-07-20T00:29:27","slug":"lafarge-dlg-cup-kielce-kowala","status":"publish","type":"page","link":"https:\/\/zonk-team.pl\/?page_id=11675","title":{"rendered":"Lafarge DLG CUP Kielce\/Kowala"},"content":{"rendered":"<p>W tym dziwnym, post-pandemicznym (mam nadziej\u0119) roku w \u015bwiecie zawod\u00f3w modelarskich r\u00f3wnie\u017c nie jest ca\u0142kowicie po staremu&#8230;<\/p>\n<p><!--more--><\/p>\n<p>Zanim jednak zaczn\u0119 sam\u0105 relacj\u0119, nale\u017cy si\u0119 chyba ma\u0142e wprowadzenie. Bo sk\u0105d zn\u00f3w F3K u Zonk\u00f3w?!<br \/>\nC\u00f3\u017c, mnie takie latanie zawsze si\u0119 podoba\u0142o &#8211; brak holu, ma\u0142e wi\u0119c \u0142atwe w transporcie modele i przede wszystkim &#8211; r\u00f3\u017cnorodno\u015b\u0107 i mnogo\u015b\u0107 zada\u0144. Przez poprzednie lata jednak ta klasa by\u0142a dla mnie i reszty teamu jako\u015b obok z r\u00f3\u017cnych wzgl\u0119d\u00f3w, ale zawsze m\u00f3wi\u0142em sobie &#8211; I&#8217;ll be back \ud83d\ude00 . No i wr\u00f3ci\u0142em w tym roku, na razie ze \u015brednim sprz\u0119tem i zamiarem zbierania do\u015bwiadcze\u0144. Pawe\u0142 te\u017c nied\u0142ugo pojawi si\u0119 na zawodach, a mo\u017ce i zadzia\u0142a prawo serii? \ud83d\ude42<br \/>\nJak wiadomo do\u015bwiadczenia najlepiej zbiera\u0107 na zawodach, co potwierdzi\u0142o si\u0119 ju\u017c wiele razy. Ostatnio chocia\u017cby przy wej\u015bciu w temat F3F&#8230;<\/p>\n<p>Zatem pojecha\u0142em na drugie po Mistrzostwach Polski zawody F3K w tym roku &#8211; towarzyskie zawody Lafarge DLG Cup organizowane na lotnisku KMS Kielce w Kowali przez stowarzyszenie, w kt\u00f3rym dzia\u0142a m.in. Karol i Maciek, znani chocia\u017cby z naszych pi\u0144czowskich zawod\u00f3w \ud83d\ude42<br \/>\nOpr\u00f3cz Karola i mnie w tych zawodach startowa\u0142 te\u017c Kamil z dobrze znanej Modelarni Zaleszany &#8211; nie by\u0142em wi\u0119c sam \ud83d\ude42 Warto te\u017c wspomnie\u0107, \u017ce dzi\u0119ki mieszkaniu w Warszawie na co dzie\u0144 mam mo\u017cliwo\u015b\u0107 trenowania z bardzo do\u015bwiadczonymi zawodnikami w tej klasie &#8211; Czarkiem, Arkiem i Micha\u0142em. To bardzo pomaga \ud83d\ude42<\/p>\n<p>Zawody na ten pierwszy raz by\u0142y jednodniowe, a wi\u0119c start o jakiej\u015b bandyckiej dla mnie porze w sobot\u0119&#8230; po drodze zabra\u0142em jeszcze jednego Micha\u0142a i do\u015b\u0107 sprawnie dolecieli\u015bmy na miejsce. Pogoda wydawa\u0142a si\u0119 niez\u0142a, by\u0142o s\u0142onecznie i ciep\u0142o, ale z jednej strony nadchodzi\u0142a spora chmura. Pocz\u0105tek wygl\u0105da\u0142 zatem tak, \u017ce uda\u0142o si\u0119 zrobi\u0107 troch\u0119 lot\u00f3w treningowych, zrobi\u0107 rozpocz\u0119cie z Prezesem KMS i zacz\u0119\u0142o pada\u0107 \ud83d\ude1b<\/p>\n<p>Na szcz\u0119\u015bcie po ok. godzinie by\u0142o ju\u017c po deszczu i mo\u017cna by\u0142o rozpocz\u0105\u0107 pierwsz\u0105 rund\u0119 &#8211; liczy\u0142y si\u0119 dwa ostatnie loty. Na m\u00f3j do\u015b\u0107 ci\u0119\u017cki i na dodatek nie do ko\u0144ca ustawiony model (zmienione skrzyd\u0142o) posz\u0142o do\u015b\u0107 \u015brednio &#8211; uda\u0142o si\u0119 zyska\u0107 nieco ponad 500 pkt. Kamil w swoim absolutnym debiucie wylata\u0142 blisko 800, a Karol 260 &#8211; uczymy si\u0119 \ud83d\ude42 . Na g\u00f3rze tabeli po 1000 pkt Czarek i Arek.<\/p>\n<p>Drugie zadanie &#8211; Wszyscy w g\u00f3r\u0119 i tak 3 razy, max 3 minuty. Tutaj najpierw mi si\u0119 pofarci\u0142o bo w pierwszej kolejce spad\u0142em jako ostatni, a potem niestety jako pierwszy. Za trzecim razem jako\u015b w \u015brodku stawki, w rezultacie nieca\u0142e 700 pkt. Kamil jakie\u015b 100 pkt mniej ode mnie, a Karol wylata\u0142 550. Na g\u00f3rze bez zmian &#8211; ex aequo Czarek z Arkiem i jeszcze dw\u00f3ch kolejnych zawodnik\u00f3w &#8211; ciasno \ud83d\ude42<\/p>\n<p>Zadanie trzecie &#8211; 5 najlepszych lot\u00f3w, max 2 minuty. Dla mnie, jak si\u0119 p\u00f3\u017aniej okaza\u0142o by\u0142o to najlepsze zadanie z ca\u0142ych zawod\u00f3w &#8211; ponad 890 punkt\u00f3w, ale Kamil zn\u00f3w lepszy o 924. Karol okolice 470. Czo\u0142\u00f3wka z kolei to 1000 pkt dla Czarka, Rafa\u0142a i Micha\u0142a, niewiele mniej zdobyli jeszcze \u0141ukasz i Arek.<\/p>\n<p>Kolejne, czwarte zadanie to loty na 1,2,3 i 4 minuty w dowolnej kolejno\u015bci. Uda\u0142o si\u0119 zdoby\u0142 nieca\u0142e 700 pkt, Kamil okolice 580, za\u015b Karol przekroczy\u0142 wynik 600 w tym zadaniu. Warto doda\u0107, \u017ce w tej fazie zawod\u00f3w upa\u0142 dawa\u0142 si\u0119 ju\u017c mocno we znaki. Oczywi\u015bcie by\u0142a te\u017c termika z niewielkimi tylko podmuchami wiatru. Taka pogoda utrzymywa\u0142a si\u0119 w\u0142a\u015bciwie przez ca\u0142y czas trwania zawod\u00f3w. T\u0105 rund\u0119 wygrali Czarek i \u0141ukasz, niewiele straci\u0142 te\u017c Micha\u0142 i Arek.<\/p>\n<p>Zadanie numer 5 &#8211; tylko dwa loty z maxem a\u017c 5 minut. Tutaj zacz\u0119\u0142a si\u0119 zabawa \ud83d\ude42 Ja startowa\u0142em w pierwszej grupie i po sygnale startu ka\u017cdy tylko patrzy\u0142 na siebie, pomimo \u017ce zdanie z tych 'na styk&#8217; \ud83d\ude42 . Pierwsi zawodnicy rzucili dopiero po ok 1,5 minuty, ale bez wyra\u017anego noszenia. Ja odczeka\u0142em jeszcze chwil\u0119 i wystartowa\u0142em. Nie wysz\u0142o za wiele &#8211; oba loty jako\u015b w okolicy 2 minut z groszem. Da\u0142o mi to jedynie 400 pkt. Kamil te\u017c straci\u0142 sporo &#8211; 370 pkt, Karol trzyma\u0142 nasz poziom &#8211; 395 :). T\u0105 rund\u0119 wygra\u0142 Micha\u0142 Soko\u0142owski, Czarek drugi, Arek trzeci.<\/p>\n<p>Sz\u00f3ste zadanie to tzw. Du\u017ca Drabina &#8211; czas ro\u015bnie o 30s zaczynaj\u0105c od 1:00. Pierwsze dwa loty zrobi\u0142em do\u015b\u0107 sprawnie i by\u0142y rokowania na dobry wynik&#8230; wi\u0119c w ferworze walki zaraz po l\u0105dowaniu cisn\u0105\u0142em ju\u017c do\u015b\u0107 nie\u017ale zapoznan\u0105 konfiguracj\u0119 modelu&#8230;niestety prosto w model innego z warszawskich zawodnik\u00f3w, kt\u00f3ry akurat walczy\u0142 nad polem. Niestety to nie sko\u0144czy\u0142o si\u0119 dobrze ani dla mnie ani dla niego. Z tego miejsca przepraszam raz jeszcze za t\u0105 sytuacj\u0119! Szybkie klejenie kad\u0142uba oraz zmiana skrzyd\u0142a nie pozwoli\u0142y mi ju\u017c wr\u00f3ci\u0107 do tej rundy, zatem jaki\u015b niemiarodajny wynik w moim przypadku. Kamil za to przebi\u0142 kolejny poziom &#8211; 900 pkt \ud83d\ude42 Karol 540, przy czym u niego po drodze by\u0142 problem z regulacj\u0105 modelu i awari\u0105 zasilania (na szcz\u0119\u015bcie na ziemi). A co w czo\u0142\u00f3wce? Po 1000 pkt dla Czarka, Rafa\u0142a i Micha\u0142a.&nbsp;<\/p>\n<p>Nast\u0119pne, si\u00f3dme zadanie to 6 lot\u00f3w, z kt\u00f3rych wybierane s\u0105 3 najlepsze, max 3:00. Po zmianie skrzyd\u0142a na takie, kt\u00f3re ju\u017c 2x z\u0142ama\u0142o si\u0119 przy rzucie na treningu by\u0142em pe\u0142en obaw czy wzmocnienia dadz\u0105 rad\u0119. S\u0119dziowa\u0142 mi Czarek i rund\u0119 zacz\u0105\u0142 od stwierdzenia: 'to co Arek? 3 rzuty na trymowanie i 3x 3 minuty?&#8217; \ud83d\ude00 . Tak dobrze nie by\u0142o, ale dzi\u0119ki jego podpowiedziom uda\u0142o si\u0119 raz do tej tr\u00f3jki mocno zbli\u017cy\u0107 i zdoby\u0107 prawie 680 pkt. Kamil nadal si\u0119 rozkr\u0119ca\u0142 i tym razem zdoby\u0142 950 pkt, Karol r\u00f3wnie\u017c si\u0119 podci\u0105gn\u0105\u0142 i mia\u0142 wynik 635 w tej rundzie. Po tysiaku dla Arka i \u0141ukasza tym razem. Czarek straci\u0142 do nich tylko 0,6 pkt.<\/p>\n<p>Zadanie \u00f3sme &#8211; tylko jeden lot, za to na 5 minut w czasie startowym 7 minut. Zatem zn\u00f3w czajenie si\u0119, tym razem w mojej grupie nieco kr\u00f3tsze. Dla mnie takie d\u0142ugie loty to jeszcze ma\u0142o powtarzalny temat wi\u0119c tu nie powalczy\u0142em i by\u0142 to m\u00f3j drugi najgorszy wynik w tych zawodach. Wyratowa\u0142 si\u0119 Kamil, 820 pkt w przeciwie\u0144stwie do Karola. Rund\u0119 wygra\u0142 Arek i \u0141ukasz.<\/p>\n<p>Zbli\u017ca\u0142a si\u0119 godzina 17:00, co wedle harmonogramu mia\u0142o ko\u0144czy\u0107 rozgrywk\u0119, ale za og\u00f3ln\u0105 zgod\u0105 zosta\u0142o rozegrane jeszcze jedno, 9-te zadanie. Liczy\u0142y si\u0119 najlepsze 3 loty z maxem 3:20 w czasie 10 minut, znowu na styk.<br \/>\nPomimo og\u00f3lnego ju\u017c zm\u0119czenia upa\u0142em i maj\u0105c ci\u0105gle w bani to nieszcz\u0119sne zderzenie odbi\u0142em si\u0119 nieco wzgl\u0119dem poprzedniego zadania, wpad\u0142o 670 pkt. Przesta\u0142em te\u017c oszcz\u0119dza\u0107 model, stopniowo rzuca\u0142em coraz mocniej i wytrzymywa\u0142o. Pami\u0119tam jednak uwag\u0119 s\u0119dziuj\u0105cego mi Kamila: 'ale to si\u0119 gnie przy starcie!&#8217; \ud83d\ude00 . Tym razem Kamil nieco zszed\u0142 z tempa i uzyska\u0142 blisko 600, a Karol 500 pkt. T\u0105 ostatni\u0105 rund\u0119 na 1000 pkt zaliczyli Arek, Czarek i \u0141ukasz i ta w\u0142a\u015bnie tr\u00f3jka w tej kolejno\u015bci zgarn\u0119\u0142a podium &#8211;&nbsp; gratulacje!.<br \/>\nKamil zaj\u0105\u0142 bardzo dobre, 10 miejsce, ja by\u0142em 16, a Karol 17. Wystartowa\u0142o 19.<\/p>\n<p>Podsumowuj\u0105c ten bardzo intensywny dzie\u0144 musz\u0119 przyzna\u0107, \u017ce zebra\u0142em kolejny w\u00f3r do\u015bwiadcze\u0144 i mam zamiar go wykorzysta\u0107 we wrze\u015bniowych Pucharach Polski. Jak wida\u0107 F3K jest zara\u017aliwe i najlepszym przyk\u0142adem tego jest Kamil. Na pewno zach\u0119cony tak dobrym pocz\u0105tkiem pojawi si\u0119 w kolejnych zawodach i b\u0119dzie gro\u017any \ud83d\ude42 Licz\u0119, \u017ce z czasem w tej klasie pojawi si\u0119 jeszcze wi\u0119cej os\u00f3b z ekipy oko\u0142o-Zonk Team&#8217;owej \ud83d\ude42<br \/>\nBrawa nale\u017c\u0105 si\u0119 tak\u017ce organizatorom za ch\u0119\u0107 i udost\u0119pnienie bardzo fajnego miejsca pod tak\u0105 rywalizacj\u0119. Maciek dzielnie wprowadza\u0142 wyniki do komputera i ogarn\u0105\u0142 pizz\u0119 \ud83d\ude42 , za to te\u017c nale\u017c\u0105 si\u0119 podzi\u0119kowania \ud83d\ude42 .<br \/>\nJe\u015bli tylko si\u0119 uda to liczymy na sta\u0142\u0105 obecno\u015b\u0107 tych zawod\u00f3w w kalendarzu F3K w kolejnych latach \ud83d\ude42<\/p>\n<p>&nbsp;<\/p>\n<p>pisa\u0142 Arek<\/p>\n","protected":false},"excerpt":{"rendered":"<p>W tym dziwnym, post-pandemicznym (mam nadziej\u0119) roku w \u015bwiecie zawod\u00f3w modelarskich r\u00f3wnie\u017c nie jest ca\u0142kowicie po staremu&#8230;<\/p>\n","protected":false},"author":1,"featured_media":0,"parent":11671,"menu_order":0,"comment_status":"closed","ping_status":"closed","template":"","meta":{"_crdt_document":"","ngg_post_thumbnail":0,"footnotes":""},"class_list":["post-11675","page","type-page","status-publish","hentry"],"_links":{"self":[{"href":"https:\/\/zonk-team.pl\/index.php?rest_route=\/wp\/v2\/pages\/11675","targetHints":{"allow":["GET"]}}],"collection":[{"href":"https:\/\/zonk-team.pl\/index.php?rest_route=\/wp\/v2\/pages"}],"about":[{"href":"https:\/\/zonk-team.pl\/index.php?rest_route=\/wp\/v2\/types\/page"}],"author":[{"embeddable":true,"href":"https:\/\/zonk-team.pl\/index.php?rest_route=\/wp\/v2\/users\/1"}],"replies":[{"embeddable":true,"href":"https:\/\/zonk-team.pl\/index.php?rest_route=%2Fwp%2Fv2%2Fcomments&post=11675"}],"version-history":[{"count":8,"href":"https:\/\/zonk-team.pl\/index.php?rest_route=\/wp\/v2\/pages\/11675\/revisions"}],"predecessor-version":[{"id":11683,"href":"https:\/\/zonk-team.pl\/index.php?rest_route=\/wp\/v2\/pages\/11675\/revisions\/11683"}],"up":[{"embeddable":true,"href":"https:\/\/zonk-team.pl\/index.php?rest_route=\/wp\/v2\/pages\/11671"}],"wp:attachment":[{"href":"https:\/\/zonk-team.pl\/index.php?rest_route=%2Fwp%2Fv2%2Fmedia&parent=11675"}],"curies":[{"name":"wp","href":"https:\/\/api.w.org\/{rel}","templated":true}]}}