{"id":3569,"date":"2015-01-11T12:03:40","date_gmt":"2015-01-11T11:03:40","guid":{"rendered":"http:\/\/zonk-team.hostit.pl\/wordpress\/?page_id=3569"},"modified":"2017-05-31T23:22:13","modified_gmt":"2017-05-31T22:22:13","slug":"team","status":"publish","type":"page","link":"https:\/\/zonk-team.pl\/?page_id=3569","title":{"rendered":"Team"},"content":{"rendered":"<p>Zonk Team to kilku go\u015bci, kt\u00f3rym budowanie i latanie modelami zdalnie sterowanymi zosta\u0142o z czas\u00f3w szkolnych. To hobby zrobi\u0142o z nas grup\u0119 przyjaci\u00f3\u0142 i ci\u0105gle trzyma nas w kupie. Poni\u017cej nasze mordki, a wi\u0119cej informacji po klikni\u0119ciu na imi\u0119 lub fotk\u0119 (profil na Facebooku).<\/p>\n<p>&nbsp;<\/p>\n<p>&nbsp;<\/p>\n<p>&nbsp;&nbsp;&nbsp;&nbsp;<a href=\"https:\/\/www.facebook.com\/arekkubik\"><img loading=\"lazy\" decoding=\"async\" class=\"alignleft\" src=\"\/wp-content\/team\/arek.jpg\" alt=\"\" width=\"160\" height=\"160\"\/><\/a><\/p>\n<p><strong><a href=\"https:\/\/www.facebook.com\/arekkubik\">Arek<\/a><\/strong><\/p>\n<p>Tarnobrzeg\/Warszawa<\/p>\n<p>&nbsp;<\/p>\n<p>&nbsp;<\/p>\n<p>&nbsp;<\/p>\n<p><strong><a href=\"https:\/\/www.facebook.com\/mariusz.jaroszak\"><img loading=\"lazy\" decoding=\"async\" class=\"alignleft\" src=\"\/wp-content\/team\/mario.jpg\" alt=\"\" width=\"160\" height=\"160\"\/><\/a><\/strong><\/p>\n<p>&nbsp;<\/p>\n<p><strong><a href=\"https:\/\/www.facebook.com\/mariusz.jaroszak\">Mario<\/a><\/strong><\/p>\n<p>Stalowa Wola<\/p>\n<p>&nbsp;<\/p>\n<p>&nbsp;<\/p>\n<p>&nbsp;<\/p>\n<p><strong><a href=\"https:\/\/www.facebook.com\/vvoy.tec\"><img loading=\"lazy\" decoding=\"async\" class=\"alignleft\" src=\"\/wp-content\/team\/wojtek.jpg\" alt=\"\" width=\"160\" height=\"160\"\/><\/a><\/strong><\/p>\n<p>&nbsp;<\/p>\n<p><strong><a href=\"https:\/\/www.facebook.com\/vvoy.tec\">Wojtek<\/a><\/strong><\/p>\n<p>Stalowa Wola<\/p>\n<p>&nbsp;<\/p>\n<p>&nbsp;<\/p>\n<p>&nbsp;<\/p>\n<p><strong><a href=\"https:\/\/www.facebook.com\/adrian.juszczak.73\"><img loading=\"lazy\" decoding=\"async\" class=\"alignleft\" src=\"\/wp-content\/team\/adrian.jpg\" alt=\"\" width=\"160\" height=\"160\"\/><\/a><\/strong><\/p>\n<p>&nbsp;<\/p>\n<p><strong><a href=\"https:\/\/www.facebook.com\/adrian.juszczak.73\">Adrian<\/a><\/strong><\/p>\n<p>Tarnobrzeg<br \/>\n&nbsp;<\/p>\n<p>&nbsp;<\/p>\n<p>&nbsp;<\/p>\n<p><strong><a href=\"https:\/\/www.facebook.com\/paweu.zak\"><img loading=\"lazy\" decoding=\"async\" class=\"alignleft\" src=\"\/wp-content\/team\/pawel.jpg\" alt=\"\" width=\"160\" height=\"160\"\/><\/a><\/strong><\/p>\n<p>&nbsp;<\/p>\n<p><strong><a href=\"https:\/\/www.facebook.com\/paweu.zak\">Pawe\u0142<\/a><\/strong><\/p>\n<p>Tarnobrzeg<\/p>\n<p>&nbsp;<\/p>\n<p>&nbsp;<\/p>\n<p>&nbsp;<\/p>\n<p>&nbsp;<\/p>\n","protected":false},"excerpt":{"rendered":"<p>Zonk Team to kilku go\u015bci, kt\u00f3rym budowanie i latanie modelami zdalnie sterowanymi zosta\u0142o z czas\u00f3w szkolnych. To hobby zrobi\u0142o z nas grup\u0119 przyjaci\u00f3\u0142 i ci\u0105gle trzyma nas w kupie. Poni\u017cej nasze mordki, a wi\u0119cej informacji po klikni\u0119ciu na imi\u0119 lub fotk\u0119 (profil na Facebooku). &nbsp; &nbsp; &nbsp;&nbsp;&nbsp;&nbsp; Arek Tarnobrzeg\/Warszawa &nbsp; &nbsp; &nbsp; &nbsp; Mario Stalowa [&hellip;]<\/p>\n","protected":false},"author":1,"featured_media":0,"parent":0,"menu_order":0,"comment_status":"closed","ping_status":"closed","template":"","meta":{"_crdt_document":"","ngg_post_thumbnail":0,"footnotes":""},"class_list":["post-3569","page","type-page","status-publish","hentry"],"_links":{"self":[{"href":"https:\/\/zonk-team.pl\/index.php?rest_route=\/wp\/v2\/pages\/3569","targetHints":{"allow":["GET"]}}],"collection":[{"href":"https:\/\/zonk-team.pl\/index.php?rest_route=\/wp\/v2\/pages"}],"about":[{"href":"https:\/\/zonk-team.pl\/index.php?rest_route=\/wp\/v2\/types\/page"}],"author":[{"embeddable":true,"href":"https:\/\/zonk-team.pl\/index.php?rest_route=\/wp\/v2\/users\/1"}],"replies":[{"embeddable":true,"href":"https:\/\/zonk-team.pl\/index.php?rest_route=%2Fwp%2Fv2%2Fcomments&post=3569"}],"version-history":[{"count":15,"href":"https:\/\/zonk-team.pl\/index.php?rest_route=\/wp\/v2\/pages\/3569\/revisions"}],"predecessor-version":[{"id":7978,"href":"https:\/\/zonk-team.pl\/index.php?rest_route=\/wp\/v2\/pages\/3569\/revisions\/7978"}],"wp:attachment":[{"href":"https:\/\/zonk-team.pl\/index.php?rest_route=%2Fwp%2Fv2%2Fmedia&parent=3569"}],"curies":[{"name":"wp","href":"https:\/\/api.w.org\/{rel}","templated":true}]}}