{"id":3576,"date":"2015-01-11T12:30:12","date_gmt":"2015-01-11T11:30:12","guid":{"rendered":"http:\/\/zonk-team.hostit.pl\/wordpress\/?page_id=3576"},"modified":"2021-07-19T23:41:45","modified_gmt":"2021-07-19T22:41:45","slug":"zawody","status":"publish","type":"page","link":"https:\/\/zonk-team.pl\/?page_id=3576","title":{"rendered":"Zawody"},"content":{"rendered":"<p>Poni\u017cej znajdziecie relacje z zawod\u00f3w, na kt\u00f3re uda\u0142o nam si\u0119 wybra\u0107.<\/p>\n<p>&nbsp;<br \/>\n<strong><a class=\"ngg-fancybox\" title=\" \" href=\"https:\/\/zonk-team.pl\/wp-content\/gallery\/2021-07-17-zawody-lafarge-dlg-cup-kielce-kowala\/IMG_0049.jpg\" rel=\"\" data-image-id=\"6076\" data-src=\"https:\/\/zonk-team.pl\/wp-content\/gallery\/2021-07-17-zawody-lafarge-dlg-cup-kielce-kowala\/IMG_0049.jpg\" data-thumbnail=\"https:\/\/zonk-team.pl\/wp-content\/gallery\/2021-07-17-zawody-lafarge-dlg-cup-kielce-kowala\/thumbs\/thumbs_IMG_0049.jpg\" data-title=\"IMG_0049\" data-description=\" \"><img decoding=\"async\" class=\"ngg-singlepic ngg-none alignleft\" src=\"https:\/\/zonk-team.pl\/wp-content\/gallery\/2021-07-17-zawody-lafarge-dlg-cup-kielce-kowala\/thumbs\/thumbs_IMG_0049.jpg\" alt=\"IMG_0049\"\/><\/a><a href=\"https:\/\/zonk-team.pl\/?page_id=11671\">Zawody 2021<\/a><\/strong><\/p>\n<p>Co\u015b o rywalizacji w 2021 roku<br \/>\n&nbsp;<\/p>\n<p>&nbsp;<\/p>\n<p><a href=\"https:\/\/zonk-team.pl\/?page_id=9981\"><img loading=\"lazy\" decoding=\"async\" class=\"ngg-singlepic ngg-left alignleft\" src=\"https:\/\/zonk-team.pl\/wp-content\/gallery\/zawody-modeli-szybowcow-ponidzie-summer-cup-2019-3\/thumbs\/thumbs_MG_0122.jpg\" alt=\"MG_0122\" width=\"150\" height=\"100\"\/><\/a> <strong><a href=\"https:\/\/zonk-team.pl\/?page_id=9981\">Zawody 2019<\/a><\/strong><\/p>\n<p>Par\u0119 s\u0142\u00f3w o wyjazdach w roku &#8217;19<\/p>\n<p>&nbsp;<\/p>\n<p>&nbsp;<\/p>\n<p><a title=\" \" href=\"https:\/\/zonk-team.pl\/?page_id=9099\" data-image-id=\"3866\" data-src=\"https:\/\/zonk-team.pl\/wp-content\/gallery\/2018-06-29-07-01-zawody-ponidzie-summer-cup-2018-1\/thumbs\/thumbs_DSC___314.JPG\" data-thumbnail=\"https:\/\/zonk-team.pl\/wp-content\/gallery\/2017-09-22-24-zawody-f3jm-pinczow-jesien\/thumbs\/thumbs_DSCN2313.JPG\" data-title=\"DSCN2313\" data-description=\" \"><img loading=\"lazy\" decoding=\"async\" class=\"ngg-singlepic ngg-left alignleft\" src=\"https:\/\/zonk-team.pl\/wp-content\/gallery\/2018-06-29-07-01-zawody-ponidzie-summer-cup-2018-1\/thumbs\/thumbs_DSC___314.JPG\" alt=\"DSC___314\" width=\"150\" height=\"113\"\/><\/a><a href=\"https:\/\/zonk-team.pl\/?page_id=9099\"><strong>Zawody 2018<\/strong><\/a><\/p>\n<p>Nasze zawodnicze wyst\u0119py w roku 2018<\/p>\n<p>&nbsp;<\/p>\n<p>&nbsp;<\/p>\n<p><a title=\" \" href=\"https:\/\/zonk-team.pl\/?page_id=8521\" data-image-id=\"3866\" data-src=\"https:\/\/zonk-team.pl\/wp-content\/gallery\/2017-09-22-24-zawody-f3jm-pinczow-jesien\/DSCN2313.JPG\" data-thumbnail=\"https:\/\/zonk-team.pl\/wp-content\/gallery\/2017-09-22-24-zawody-f3jm-pinczow-jesien\/thumbs\/thumbs_DSCN2313.JPG\" data-title=\"DSCN2313\" data-description=\" \"><img loading=\"lazy\" decoding=\"async\" class=\"ngg-singlepic ngg-left alignleft\" src=\"https:\/\/zonk-team.pl\/wp-content\/gallery\/2017-09-22-24-zawody-f3jm-pinczow-jesien\/thumbs\/thumbs_DSCN2313.JPG\" alt=\"DSCN2313\" width=\"150\" height=\"113\"\/><\/a><a href=\"https:\/\/zonk-team.pl\/?page_id=8521\"><strong>Zawody 2017<\/strong><\/a><\/p>\n<p>Mniej lub bardziej oficjalne wyst\u0119py w &#8217;17 roku<\/p>\n<p>&nbsp;<\/p>\n<p>&nbsp;<\/p>\n<p><a title=\" \" href=\"https:\/\/zonk-team.pl\/?page_id=7469\" data-image-id=\"3400\" data-src=\"https:\/\/zonk-team.pl\/wp-content\/gallery\/2016.07.02---Zawody---F3J-Mielec\/IMG_3935.JPG\" data-thumbnail=\"https:\/\/zonk-team.pl\/wp-content\/gallery\/2016.07.02---Zawody---F3J-Mielec\/thumbs\/thumbs_IMG_3935.JPG\" data-title=\"IMG_3935\" data-description=\" \"><img loading=\"lazy\" decoding=\"async\" class=\"ngg-singlepic ngg-left alignleft\" src=\"https:\/\/zonk-team.pl\/wp-content\/gallery\/2016.07.02---Zawody---F3J-Mielec\/thumbs\/thumbs_IMG_3935.JPG\" alt=\"IMG_3935\" width=\"150\" height=\"113\"\/><\/a><span style=\"text-decoration: underline;\"><strong><a href=\"https:\/\/zonk-team.pl\/?page_id=7469\">Zawody 2016<\/a><\/strong><\/span><\/p>\n<p>Wypady w &#8217;16 roku<\/p>\n<p>&nbsp;<\/p>\n<p>&nbsp;<\/p>\n<p><strong><a href=\"https:\/\/zonk-team.pl\/?page_id=6548\"><img loading=\"lazy\" decoding=\"async\" class=\"ngg-singlepic ngg-left alignleft\" src=\"https:\/\/zonk-team.pl\/wp-content\/gallery\/2015-05-29-31-zawody-f3j-mini-pinczow\/thumbs\/thumbs_pinczof_186.jpg\" alt=\"pinczof_(186)\" width=\"150\" height=\"100\"\/><\/a><a title=\"Zawody 2014\" href=\"https:\/\/zonk-team.pl\/?page_id=6548\">Zawody 2015<\/a><\/strong><\/p>\n<p>Nasze wypady w teren z roku 2015<\/p>\n<p>&nbsp;<\/p>\n<p>&nbsp;<\/p>\n<p><a title=\"Zawody 2014\" href=\"https:\/\/zonk-team.pl\/?page_id=6005\"><img decoding=\"async\" class=\"ngg-singlepic ngg-left\" src=\"https:\/\/zonk-team.pl\/wp-content\/gallery\/2014-05-09-11-zawody-f3jmini-pinczow\/thumbs\/thumbs_dsc_152.jpg\" alt=\"dsc_152\"\/><\/a>&nbsp;<strong><a title=\"Zawody 2014\" href=\"https:\/\/zonk-team.pl\/?page_id=6005\">Zawody 2014<\/a><\/strong><\/p>\n<p>Challege zaliczone w &#8217;14 roku<\/p>\n<p>&nbsp;<\/p>\n<p>&nbsp;<\/p>\n<p><a title=\"Zawody 2013\" href=\"https:\/\/zonk-team.pl\/?page_id=6003\"><img decoding=\"async\" class=\"ngg-singlepic ngg-left\" src=\"https:\/\/zonk-team.pl\/wp-content\/gallery\/2013-07-05-07-zawody-f3jmini-sawin-k-chelma\/thumbs\/thumbs_dsc_0252.jpg\" alt=\"dsc_0252\"\/><\/a>&nbsp;<strong><a title=\"Zawody 2013\" href=\"https:\/\/zonk-team.pl\/?page_id=6003\">Zawody 2013<\/a><\/strong><\/p>\n<p>Przebieg naszych dzia\u0142a\u0144\u0084 w sezonie 2013<\/p>\n<p>&nbsp;<\/p>\n<p>&nbsp;<\/p>\n<p><a title=\"Zawody 2012\" href=\"https:\/\/zonk-team.pl\/?page_id=6001\"><img decoding=\"async\" class=\"ngg-singlepic ngg-left\" src=\"https:\/\/zonk-team.pl\/wp-content\/gallery\/2012-05-18-20-zawody-kielce\/thumbs\/thumbs_20-dsc_7220.jpg\" alt=\"20-dsc_7220\"\/><\/a>&nbsp;<strong><a title=\"Zawody 2012\" href=\"https:\/\/zonk-team.pl\/?page_id=6001\">Zawody 2012<\/a><\/strong><\/p>\n<p>Co, kto, gdzie, kiedy w 2012 roku<\/p>\n<p>&nbsp;<\/p>\n<p>&nbsp;<\/p>\n<p><a title=\"Zawody 2011\" href=\"https:\/\/zonk-team.pl\/?page_id=3585\"><img decoding=\"async\" class=\"ngg-singlepic ngg-left\" src=\"https:\/\/zonk-team.pl\/wp-content\/gallery\/2011-05-13-15-zawody-f3jmini-pinczow\/thumbs\/thumbs_1-26.jpg\" alt=\"1-26\"\/><\/a>&nbsp;<strong><a title=\"Zawody 2011\" href=\"https:\/\/zonk-team.pl\/?page_id=3585\">Zawody 2011<\/a><\/strong><\/p>\n<p>Szerzej o naszych poczynaniach w 2011 roku<\/p>\n<p>&nbsp;<\/p>\n<p>&nbsp;<\/p>\n<p><a title=\"Zawody 2010\" href=\"https:\/\/zonk-team.pl\/?page_id=3579\"><img decoding=\"async\" class=\"ngg-singlepic ngg-left\" src=\"https:\/\/zonk-team.pl\/wp-content\/gallery\/2010-04-24-zawody-f3j-lublin\/thumbs\/thumbs_dsc_2441.jpg\" alt=\"dsc_2441\"\/><\/a>&nbsp;<strong><a title=\"Zawody 2010\" href=\"https:\/\/zonk-team.pl\/?page_id=3579\">Zawody 2010<\/a><\/strong><\/p>\n<p>Relacje, opisy zdarze\u0144 z sezonu 2010<\/p>\n<p>&nbsp;<\/p>\n<p>&nbsp;<\/p>\n","protected":false},"excerpt":{"rendered":"<p>Poni\u017cej znajdziecie relacje z zawod\u00f3w, na kt\u00f3re uda\u0142o nam si\u0119 wybra\u0107. &nbsp; Zawody 2021 Co\u015b o rywalizacji w 2021 roku &nbsp; &nbsp; Zawody 2019 Par\u0119 s\u0142\u00f3w o wyjazdach w roku &#8217;19 &nbsp; &nbsp; Zawody 2018 Nasze zawodnicze wyst\u0119py w roku 2018 &nbsp; &nbsp; Zawody 2017 Mniej lub bardziej oficjalne wyst\u0119py w &#8217;17 roku &nbsp; &nbsp; [&hellip;]<\/p>\n","protected":false},"author":1,"featured_media":0,"parent":0,"menu_order":0,"comment_status":"closed","ping_status":"closed","template":"","meta":{"_crdt_document":"","ngg_post_thumbnail":0,"footnotes":""},"class_list":["post-3576","page","type-page","status-publish","hentry"],"_links":{"self":[{"href":"https:\/\/zonk-team.pl\/index.php?rest_route=\/wp\/v2\/pages\/3576","targetHints":{"allow":["GET"]}}],"collection":[{"href":"https:\/\/zonk-team.pl\/index.php?rest_route=\/wp\/v2\/pages"}],"about":[{"href":"https:\/\/zonk-team.pl\/index.php?rest_route=\/wp\/v2\/types\/page"}],"author":[{"embeddable":true,"href":"https:\/\/zonk-team.pl\/index.php?rest_route=\/wp\/v2\/users\/1"}],"replies":[{"embeddable":true,"href":"https:\/\/zonk-team.pl\/index.php?rest_route=%2Fwp%2Fv2%2Fcomments&post=3576"}],"version-history":[{"count":33,"href":"https:\/\/zonk-team.pl\/index.php?rest_route=\/wp\/v2\/pages\/3576\/revisions"}],"predecessor-version":[{"id":11674,"href":"https:\/\/zonk-team.pl\/index.php?rest_route=\/wp\/v2\/pages\/3576\/revisions\/11674"}],"wp:attachment":[{"href":"https:\/\/zonk-team.pl\/index.php?rest_route=%2Fwp%2Fv2%2Fmedia&parent=3576"}],"curies":[{"name":"wp","href":"https:\/\/api.w.org\/{rel}","templated":true}]}}