{"id":3579,"date":"2015-01-11T13:36:00","date_gmt":"2015-01-11T12:36:00","guid":{"rendered":"http:\/\/zonk-team.hostit.pl\/wordpress\/?page_id=3579"},"modified":"2015-01-13T20:37:49","modified_gmt":"2015-01-13T19:37:49","slug":"zawody-2010","status":"publish","type":"page","link":"https:\/\/zonk-team.pl\/?page_id=3579","title":{"rendered":"Zawody 2010"},"content":{"rendered":"<p><strong><a title=\"MP F3J Bielsko-Bia\u0142a 2010.07.09-11\" href=\"https:\/\/zonk-team.pl\/?page_id=6011\">MP F3J Bielsko-Bia\u0142aa 2010.07.09-11<\/a><\/strong><br \/>\nTym razem nasz eksportowy zawodnik Mar!o zapragn\u0105\u0142\u0082 zastartowa\u0107 w Mistrzostwach Polski F3J&#8230;<\/p>\n<p><a title=\"Puchar G\u00f3r \u015awi\u0119tokrzyskich F3JMini Pi\u0144cz\u00f3w 2010.10.01-03\" href=\"https:\/\/zonk-team.pl\/?page_id=6017\"><strong>Puchar G\u00f3r \u015awi\u0119tokrzyskich F3JMini Pi\u0144cz\u00f3w 2010.10.01-03<\/strong><\/a><br \/>\nJakby nie patrze\u0107 to od lipca Zonk Team nie startowa\u0142 nigdzie&#8230;noo, ale sezon si\u0119 nie sko\u0142\u0144czy\u0142 i czas jeszcze si\u0119 odezwa\u0107 w sta\u0142ym punkcie naszego zawodniczego programu czyli jesiennej edycji zawod\u00f3w w Pi\u0144czowie&#8230;.<\/p>\n<p><strong><a title=\"Puchar Polski F3J 2010.04.24\" href=\"https:\/\/zonk-team.pl\/?page_id=6020\">Puchar Polski F3J 2010.04.24<\/a><\/strong><br \/>\nI przyszed\u0142 nareszcie ten dzie\u0144, w kt\u00f3rym trzeba by\u0142o nowiutk\u0105 jot\u0119 ochrzci\u0107 pierwszy raz zawodami&#8230;<\/p>\n<p><a title=\"Zawody F3Jmini Pi\u0144cz\u00f3w 2010.05.21-23\" href=\"https:\/\/zonk-team.pl\/?page_id=6025\"><strong>Zawody F3Jmini Pi\u0144cz\u00f3w 2010.05.21-23<\/strong><\/a><br \/>\nPo ca\u0142otygodniowych deszczach, nadesz\u0142o wreszcie majowe s\u0142oneczko, w sam raz w dzie\u0144\u0084 wyjazdu do Pi\u0144czowa&#8230;<\/p>\n<p><a title=\"Zawody F3K Bielsko Bia\u0142a 2010.05.09\" href=\"https:\/\/zonk-team.pl\/?page_id=6029\"><strong>Zawody F3K Bielsko Bia\u0142a 2010.05.09<\/strong><\/a><br \/>\nTym razem trafi\u0142 si\u0119 jednodniowy wypad do Bielska Bia\u0142ej na zawody samolot\u00f3w klasy F3K&#8230;<\/p>\n","protected":false},"excerpt":{"rendered":"<p>MP F3J Bielsko-Bia\u0142aa 2010.07.09-11 Tym razem nasz eksportowy zawodnik Mar!o zapragn\u0105\u0142\u0082 zastartowa\u0107 w Mistrzostwach Polski F3J&#8230; Puchar G\u00f3r \u015awi\u0119tokrzyskich F3JMini Pi\u0144cz\u00f3w 2010.10.01-03 Jakby nie patrze\u0107 to od lipca Zonk Team nie startowa\u0142 nigdzie&#8230;noo, ale sezon si\u0119 nie sko\u0142\u0144czy\u0142 i czas jeszcze si\u0119 odezwa\u0107 w sta\u0142ym punkcie naszego zawodniczego programu czyli jesiennej edycji zawod\u00f3w w Pi\u0144czowie&#8230;. [&hellip;]<\/p>\n","protected":false},"author":1,"featured_media":0,"parent":3576,"menu_order":0,"comment_status":"closed","ping_status":"closed","template":"","meta":{"_crdt_document":"","ngg_post_thumbnail":0,"footnotes":""},"class_list":["post-3579","page","type-page","status-publish","hentry"],"_links":{"self":[{"href":"https:\/\/zonk-team.pl\/index.php?rest_route=\/wp\/v2\/pages\/3579","targetHints":{"allow":["GET"]}}],"collection":[{"href":"https:\/\/zonk-team.pl\/index.php?rest_route=\/wp\/v2\/pages"}],"about":[{"href":"https:\/\/zonk-team.pl\/index.php?rest_route=\/wp\/v2\/types\/page"}],"author":[{"embeddable":true,"href":"https:\/\/zonk-team.pl\/index.php?rest_route=\/wp\/v2\/users\/1"}],"replies":[{"embeddable":true,"href":"https:\/\/zonk-team.pl\/index.php?rest_route=%2Fwp%2Fv2%2Fcomments&post=3579"}],"version-history":[{"count":10,"href":"https:\/\/zonk-team.pl\/index.php?rest_route=\/wp\/v2\/pages\/3579\/revisions"}],"predecessor-version":[{"id":6032,"href":"https:\/\/zonk-team.pl\/index.php?rest_route=\/wp\/v2\/pages\/3579\/revisions\/6032"}],"up":[{"embeddable":true,"href":"https:\/\/zonk-team.pl\/index.php?rest_route=\/wp\/v2\/pages\/3576"}],"wp:attachment":[{"href":"https:\/\/zonk-team.pl\/index.php?rest_route=%2Fwp%2Fv2%2Fmedia&parent=3579"}],"curies":[{"name":"wp","href":"https:\/\/api.w.org\/{rel}","templated":true}]}}