{"id":6001,"date":"2015-01-13T16:47:29","date_gmt":"2015-01-13T15:47:29","guid":{"rendered":"http:\/\/zonk-team.pl\/?page_id=6001"},"modified":"2015-01-13T21:02:02","modified_gmt":"2015-01-13T20:02:02","slug":"zawody-2012","status":"publish","type":"page","link":"https:\/\/zonk-team.pl\/?page_id=6001","title":{"rendered":"Zawody 2012"},"content":{"rendered":"<p><strong><a title=\"Zawody F3JMini Kielce wiosna 2012\" href=\"https:\/\/zonk-team.pl\/?page_id=6040\">Zawody F3JMini Kielce wiosna 2012<\/a><\/strong><br \/>\nO zawodach w Kielcach ju\u017c dawno wszyscy zapomnieli, od kilku lat zar\u00f3wno edycja wiosenna jak i jesienna odbywa\u0142\u0082y si\u0119\u0099 w Pi\u0144\u0084czowie&#8230;a tu&#8230;ZONK \ud83d\ude00<\/p>\n","protected":false},"excerpt":{"rendered":"<p>Zawody F3JMini Kielce wiosna 2012 O zawodach w Kielcach ju\u017c dawno wszyscy zapomnieli, od kilku lat zar\u00f3wno edycja wiosenna jak i jesienna odbywa\u0142\u0082y si\u0119\u0099 w Pi\u0144\u0084czowie&#8230;a tu&#8230;ZONK \ud83d\ude00<\/p>\n","protected":false},"author":1,"featured_media":0,"parent":3576,"menu_order":0,"comment_status":"closed","ping_status":"closed","template":"","meta":{"_crdt_document":"","ngg_post_thumbnail":0,"footnotes":""},"class_list":["post-6001","page","type-page","status-publish","hentry"],"_links":{"self":[{"href":"https:\/\/zonk-team.pl\/index.php?rest_route=\/wp\/v2\/pages\/6001","targetHints":{"allow":["GET"]}}],"collection":[{"href":"https:\/\/zonk-team.pl\/index.php?rest_route=\/wp\/v2\/pages"}],"about":[{"href":"https:\/\/zonk-team.pl\/index.php?rest_route=\/wp\/v2\/types\/page"}],"author":[{"embeddable":true,"href":"https:\/\/zonk-team.pl\/index.php?rest_route=\/wp\/v2\/users\/1"}],"replies":[{"embeddable":true,"href":"https:\/\/zonk-team.pl\/index.php?rest_route=%2Fwp%2Fv2%2Fcomments&post=6001"}],"version-history":[{"count":5,"href":"https:\/\/zonk-team.pl\/index.php?rest_route=\/wp\/v2\/pages\/6001\/revisions"}],"predecessor-version":[{"id":6064,"href":"https:\/\/zonk-team.pl\/index.php?rest_route=\/wp\/v2\/pages\/6001\/revisions\/6064"}],"up":[{"embeddable":true,"href":"https:\/\/zonk-team.pl\/index.php?rest_route=\/wp\/v2\/pages\/3576"}],"wp:attachment":[{"href":"https:\/\/zonk-team.pl\/index.php?rest_route=%2Fwp%2Fv2%2Fmedia&parent=6001"}],"curies":[{"name":"wp","href":"https:\/\/api.w.org\/{rel}","templated":true}]}}