{"id":6003,"date":"2015-01-13T16:47:47","date_gmt":"2015-01-13T15:47:47","guid":{"rendered":"http:\/\/zonk-team.pl\/?page_id=6003"},"modified":"2015-01-13T21:03:05","modified_gmt":"2015-01-13T20:03:05","slug":"zawody-2013","status":"publish","type":"page","link":"https:\/\/zonk-team.pl\/?page_id=6003","title":{"rendered":"Zawody 2013"},"content":{"rendered":"<p><strong><a title=\"Zawody mini\u00f3wek \u2013 Pi\u0144\u0084cz\u00f3w, wiosna 2013\" href=\"https:\/\/zonk-team.pl\/?page_id=6046\">Zawody mini\u00f3wek &#8211; Pi\u0144\u0084cz\u00f3w, wiosna 2013<\/a><\/strong><br \/>\nDo kalendarza naszych imprez rozrywkowo-zawodniczych powr\u00f3ci\u0142\u0082 w tym roku Pi\u0144\u0084cz\u00f3w, co wszystkich nas bardzo pozytywnie zaskoczy\u0142\u0082o&#8230;<\/p>\n<p><strong><a title=\"F3JMini \u2013 Sawin k\/Che\u0142\u0082ma\" href=\"https:\/\/zonk-team.pl\/?page_id=6049\">F3JMini &#8211; Sawin k\/Che\u0142\u0082ma<\/a><\/strong><br \/>\nSezon w pe\u0142ni wi\u0119c pora ruszy\u0107\u0087 si\u0119\u0099 gdzie\u015b\u009b dalej &#8211; tym razem pad\u0142\u0082o na Bliski Wsch\u00f3d \ud83d\ude00<\/p>\n","protected":false},"excerpt":{"rendered":"<p>Zawody mini\u00f3wek &#8211; Pi\u0144\u0084cz\u00f3w, wiosna 2013 Do kalendarza naszych imprez rozrywkowo-zawodniczych powr\u00f3ci\u0142\u0082 w tym roku Pi\u0144\u0084cz\u00f3w, co wszystkich nas bardzo pozytywnie zaskoczy\u0142\u0082o&#8230; F3JMini &#8211; Sawin k\/Che\u0142\u0082ma Sezon w pe\u0142ni wi\u0119c pora ruszy\u0107\u0087 si\u0119\u0099 gdzie\u015b\u009b dalej &#8211; tym razem pad\u0142\u0082o na Bliski Wsch\u00f3d \ud83d\ude00<\/p>\n","protected":false},"author":1,"featured_media":0,"parent":3576,"menu_order":0,"comment_status":"closed","ping_status":"closed","template":"","meta":{"_crdt_document":"","ngg_post_thumbnail":0,"footnotes":""},"class_list":["post-6003","page","type-page","status-publish","hentry"],"_links":{"self":[{"href":"https:\/\/zonk-team.pl\/index.php?rest_route=\/wp\/v2\/pages\/6003","targetHints":{"allow":["GET"]}}],"collection":[{"href":"https:\/\/zonk-team.pl\/index.php?rest_route=\/wp\/v2\/pages"}],"about":[{"href":"https:\/\/zonk-team.pl\/index.php?rest_route=\/wp\/v2\/types\/page"}],"author":[{"embeddable":true,"href":"https:\/\/zonk-team.pl\/index.php?rest_route=\/wp\/v2\/users\/1"}],"replies":[{"embeddable":true,"href":"https:\/\/zonk-team.pl\/index.php?rest_route=%2Fwp%2Fv2%2Fcomments&post=6003"}],"version-history":[{"count":6,"href":"https:\/\/zonk-team.pl\/index.php?rest_route=\/wp\/v2\/pages\/6003\/revisions"}],"predecessor-version":[{"id":6066,"href":"https:\/\/zonk-team.pl\/index.php?rest_route=\/wp\/v2\/pages\/6003\/revisions\/6066"}],"up":[{"embeddable":true,"href":"https:\/\/zonk-team.pl\/index.php?rest_route=\/wp\/v2\/pages\/3576"}],"wp:attachment":[{"href":"https:\/\/zonk-team.pl\/index.php?rest_route=%2Fwp%2Fv2%2Fmedia&parent=6003"}],"curies":[{"name":"wp","href":"https:\/\/api.w.org\/{rel}","templated":true}]}}