{"id":6005,"date":"2015-01-13T16:48:05","date_gmt":"2015-01-13T15:48:05","guid":{"rendered":"http:\/\/zonk-team.pl\/?page_id=6005"},"modified":"2015-01-13T20:55:46","modified_gmt":"2015-01-13T19:55:46","slug":"zawody-2014","status":"publish","type":"page","link":"https:\/\/zonk-team.pl\/?page_id=6005","title":{"rendered":"Zawody 2014"},"content":{"rendered":"<p><strong><a title=\"F3JMini w Pi\u0144\u0084czowie \u2013 wiosna 2014\" href=\"https:\/\/zonk-team.pl\/?page_id=6054\">F3JMini w Pi\u0144\u0084czowie &#8211; wiosna 2014<\/a><\/strong><br \/>\nWiosna, maj &#8211; wi\u0119\u0099c? Pi\u0144\u0084cz\u00f3w! \ud83d\ude42 Kolejny raz wybrali\u015b\u009bmy si\u0119 na piknikowe zawody F3JMini do Aeroklubu Pi\u0144\u0084czowskiego&#8230;<\/p>\n<p><a title=\"Zawody F3JMini Sawin k\/Che\u0142\u0082ma\" href=\"https:\/\/zonk-team.pl\/?page_id=6057\"><strong>Zawody F3JMini Sawin k\/Che\u0142\u0082ma<\/strong><\/a><br \/>\nUjawnia si\u0119\u0099 nowy trend w je\u017cd\u017ceniu na zawody &#8211; pi\u0105\u0085tek ju\u017c jest passe \ud83d\ude1b teraz zaczynamy od czwartku :), a je\u017ce\u009bli jest to pocz\u0105\u0085tek wakacji to jedziemy na Bliski Wsch\u00f3d!<\/p>\n","protected":false},"excerpt":{"rendered":"<p>F3JMini w Pi\u0144\u0084czowie &#8211; wiosna 2014 Wiosna, maj &#8211; wi\u0119\u0099c? Pi\u0144\u0084cz\u00f3w! \ud83d\ude42 Kolejny raz wybrali\u015b\u009bmy si\u0119 na piknikowe zawody F3JMini do Aeroklubu Pi\u0144\u0084czowskiego&#8230; Zawody F3JMini Sawin k\/Che\u0142\u0082ma Ujawnia si\u0119\u0099 nowy trend w je\u017cd\u017ceniu na zawody &#8211; pi\u0105\u0085tek ju\u017c jest passe \ud83d\ude1b teraz zaczynamy od czwartku :), a je\u017ce\u009bli jest to pocz\u0105\u0085tek wakacji to jedziemy na [&hellip;]<\/p>\n","protected":false},"author":1,"featured_media":0,"parent":3576,"menu_order":0,"comment_status":"closed","ping_status":"closed","template":"","meta":{"_crdt_document":"","ngg_post_thumbnail":0,"footnotes":""},"class_list":["post-6005","page","type-page","status-publish","hentry"],"_links":{"self":[{"href":"https:\/\/zonk-team.pl\/index.php?rest_route=\/wp\/v2\/pages\/6005","targetHints":{"allow":["GET"]}}],"collection":[{"href":"https:\/\/zonk-team.pl\/index.php?rest_route=\/wp\/v2\/pages"}],"about":[{"href":"https:\/\/zonk-team.pl\/index.php?rest_route=\/wp\/v2\/types\/page"}],"author":[{"embeddable":true,"href":"https:\/\/zonk-team.pl\/index.php?rest_route=\/wp\/v2\/users\/1"}],"replies":[{"embeddable":true,"href":"https:\/\/zonk-team.pl\/index.php?rest_route=%2Fwp%2Fv2%2Fcomments&post=6005"}],"version-history":[{"count":5,"href":"https:\/\/zonk-team.pl\/index.php?rest_route=\/wp\/v2\/pages\/6005\/revisions"}],"predecessor-version":[{"id":6059,"href":"https:\/\/zonk-team.pl\/index.php?rest_route=\/wp\/v2\/pages\/6005\/revisions\/6059"}],"up":[{"embeddable":true,"href":"https:\/\/zonk-team.pl\/index.php?rest_route=\/wp\/v2\/pages\/3576"}],"wp:attachment":[{"href":"https:\/\/zonk-team.pl\/index.php?rest_route=%2Fwp%2Fv2%2Fmedia&parent=6005"}],"curies":[{"name":"wp","href":"https:\/\/api.w.org\/{rel}","templated":true}]}}