{"id":6011,"date":"2015-01-13T18:28:19","date_gmt":"2015-01-13T17:28:19","guid":{"rendered":"http:\/\/zonk-team.pl\/?page_id=6011"},"modified":"2015-01-13T20:58:23","modified_gmt":"2015-01-13T19:58:23","slug":"mp-f3j-bielsko-biala-2010-07-09-11","status":"publish","type":"page","link":"https:\/\/zonk-team.pl\/?page_id=6011","title":{"rendered":"MP F3J Bielsko-Bia\u0142a 2010.07.09-11"},"content":{"rendered":"<p>Tym razem nasz eksportowy zawodnik Mar!o zapragn\u0105\u0142 za startowa\u0107 w Mistrzostwach Polski F3J. Oczywi\u015bcie jot\u0105 startowa\u0107 samemu si\u0119 prawie nie da wi\u0119c jako niewolnicy pojechali z nim Areq i Yoseph<\/p>\n<p>&nbsp;<\/p>\n<p><strong>Pi\u0105tek 9 Lipca<\/strong><\/p>\n<p>W okolicach po\u0142udnia nast\u0105pi\u0142o przegrupowanie pod modelarni\u0105 i wylot w kierunku Krakowa super popielat\u0105 strza\u0142\u0105 Yoseph&#8217;a :). Po drodze bez niespodzianek bo trasa znana od co najmniej roku i regularnie napierdzielana \u015brednio co dwa tygodnie :P. Na miejscu rozeznanie co i jak no i jedziemy po jakie\u015b piwko co by wieczorem \u0142adnie si\u0119 zrelaksowa\u0107 \ud83d\ude42<\/p>\n<p>&nbsp;<\/p>\n<p><strong>Sobota 10 Lipca<\/strong><\/p>\n<p>Jak zwykle gdy mamy wyjecha\u0107 o godzinie X z rana to wyje\u017cd\u017camy o godzinie X+1 :D. Tym razem by\u0142o podobnie no bo kto by s\u0142ucha\u0142 jakiego\u015b budzika przed 6 rano ;). Mimo to nadganiaj\u0105c troch\u0119 po drodze dojechali\u015bmy na czas do Bielska :). Szybkie rozeznanie terenu, parkowanie na starcie, rejestracja u s\u0119dziego g\u0142\u00f3wnego (albowiem on prawd\u0119 ci powie :D) i rozk\u0142adamy nasz majdan :). Pierwszy lot jak to ostatnio niestety wychodzi nie podkr\u0119ca naszego asa. W trakcie holowania p\u0119ka \u017cy\u0142ka, Yoseph dostaje w czo\u0142o a Areq zalicza gleb\u0119 prawie robi\u0105c szpagat :D, a wi\u0119c Zonk p\u00f3ki co g\u00f3r\u0105 :P. W kolejnym holowaniu te\u017c nie za cudownie, ale tym razem \u017cy\u0142ka p\u0119ka po drugiej stronie i nie ma ofiar :P. Kolejne holowania po tuningu holi pod okiem Tomka z Lublina zaczynaj\u0105 przynosi\u0107 efekty w postaci konkurencyjnych czas\u00f3w lotu. Ca\u0142o\u015b\u0107 kolejek trwa\u0142a do\u015b\u0107 d\u0142ugo bo zawodnik\u00f3w by\u0142o ca\u0142kiem sporo zar\u00f3wno w seniorach jak i juniorach (niekt\u00f3rzy latali w obu grupach). Pi\u0119\u0107 kolejek rozgrywanych by\u0142o od 10 z hakiem do ok 18.00 z przerw\u0105 na obiad. Oczywi\u015bcie s\u0142onko dawa\u0142o w tym czasie w palnik elegancko, tak\u017ce z deka si\u0119 nam kolorki pozmienia\u0142y :D. W trakcie dnia doszli\u015bmy do wniosku, \u017ce zamiast p\u0142aci\u0107 za nocleg to taniej wyjdzie wr\u00f3ci\u0107 na noc do KRK wi\u0119c Mar!o wynegocjowa\u0142 u s\u0119dziego g\u0142\u00f3wnego (albowiem on prawd\u0119 ci powie) zwrot cz\u0119\u015bci koszt\u00f3w wpisowego i pojechalim.<\/p>\n<p>&nbsp;<\/p>\n<p><strong>Niedziela 11 Lipca<\/strong><\/p>\n<p>Drugiego dnia wyjechali\u015bmy jeszcze p\u00f3\u017aniej ni\u017c w sobot\u0119, a na miejscu byli\u015bmy por\u00f3wnywalnie jak dzie\u0144 wcze\u015bniej (trening czyni mistrza :D) i za\u0142apali\u015bmy si\u0119 jeszcze na \u015bniadanko :). Drugiego dnia zaplanowana by\u0142a ostatnia, sz\u00f3sta kolejka lot\u00f3w eliminacyjnych i fina\u0142y &#8211; 3 kolejki. Wprawiony ju\u017c Mar!o ostatni\u0105 kolejk\u0119 polecia\u0142 ca\u0142kiem nie\u017ale i w og\u00f3lnym rozrachunku wszed\u0142 do fina\u0142u na 9 miejscu ;). Walka w finale wyra\u017anie si\u0119 zaostrzy\u0142a, ale nasza ekipa dawa\u0142a rad\u0119:). Pike Perfect l\u0105dowa\u0142 z podobnymi b\u0105d\u017a nieznacznie gorszymi czasami co inne modele w stawce ;). Jednak w ca\u0142ym tym naszym lataniu\/holowaniu gdzie\u015b zaczai\u0142 si\u0119 Zonk \ud83d\ude00 bo ostatecznie Mar!o zaj\u0105\u0142 4te miejsce ze strat\u0105 zaledwie 5 pkt do trzeciego Tomka Fr\u0105ka. Wygra\u0142 Wojciech Byrski (szacun za powr\u00f3t bez jednego ucha po zderzeniu z innym modelem), drugi by\u0142 Miron Geratowski. Niestety taki wynik pozwoli\u0142 Mariuszowi jedynie na wyczytanie przez sedziego g\u0142\u00f3wnego (albowiem on prawd\u0119 ci powie) i u\u015bcisk d\u0142oni prezesa &#8211; lipa! \ud83d\ude1b<\/p>\n<p>Na pocieszenie po zwini\u0119ciu si\u0119 z lotniska zaliczyli\u015bmy jeszcze kr\u00f3tk\u0105 wycieczk\u0119 na G\u00f3r\u0119 \u017bar ;). Pi\u0119kne miejsce :).<\/p>\n<p>Powr\u00f3t do domu szed\u0142 troch\u0119 gorzej z racji kork\u00f3w i og\u00f3lnego zmachania, ale by\u0142 to ca\u0142kiem ciekawy weekend i na pewno nie ostatni na tych wakacjach :).<\/p>\n<p>&nbsp;<\/p>\n<p>pisa\u0142 Areq<\/p>\n","protected":false},"excerpt":{"rendered":"<p>Tym razem nasz eksportowy zawodnik Mar!o zapragn\u0105\u0142 za startowa\u0107 w Mistrzostwach Polski F3J. Oczywi\u015bcie jot\u0105 startowa\u0107 samemu si\u0119 prawie nie da wi\u0119c jako niewolnicy pojechali z nim Areq i Yoseph &nbsp; Pi\u0105tek 9 Lipca W okolicach po\u0142udnia nast\u0105pi\u0142o przegrupowanie pod modelarni\u0105 i wylot w kierunku Krakowa super popielat\u0105 strza\u0142\u0105 Yoseph&#8217;a :). Po drodze bez niespodzianek [&hellip;]<\/p>\n","protected":false},"author":1,"featured_media":0,"parent":3579,"menu_order":0,"comment_status":"closed","ping_status":"closed","template":"","meta":{"_crdt_document":"","ngg_post_thumbnail":0,"footnotes":""},"class_list":["post-6011","page","type-page","status-publish","hentry"],"_links":{"self":[{"href":"https:\/\/zonk-team.pl\/index.php?rest_route=\/wp\/v2\/pages\/6011","targetHints":{"allow":["GET"]}}],"collection":[{"href":"https:\/\/zonk-team.pl\/index.php?rest_route=\/wp\/v2\/pages"}],"about":[{"href":"https:\/\/zonk-team.pl\/index.php?rest_route=\/wp\/v2\/types\/page"}],"author":[{"embeddable":true,"href":"https:\/\/zonk-team.pl\/index.php?rest_route=\/wp\/v2\/users\/1"}],"replies":[{"embeddable":true,"href":"https:\/\/zonk-team.pl\/index.php?rest_route=%2Fwp%2Fv2%2Fcomments&post=6011"}],"version-history":[{"count":4,"href":"https:\/\/zonk-team.pl\/index.php?rest_route=\/wp\/v2\/pages\/6011\/revisions"}],"predecessor-version":[{"id":6060,"href":"https:\/\/zonk-team.pl\/index.php?rest_route=\/wp\/v2\/pages\/6011\/revisions\/6060"}],"up":[{"embeddable":true,"href":"https:\/\/zonk-team.pl\/index.php?rest_route=\/wp\/v2\/pages\/3579"}],"wp:attachment":[{"href":"https:\/\/zonk-team.pl\/index.php?rest_route=%2Fwp%2Fv2%2Fmedia&parent=6011"}],"curies":[{"name":"wp","href":"https:\/\/api.w.org\/{rel}","templated":true}]}}