{"id":6017,"date":"2015-01-13T18:48:56","date_gmt":"2015-01-13T17:48:56","guid":{"rendered":"http:\/\/zonk-team.pl\/?page_id=6017"},"modified":"2015-01-13T20:59:16","modified_gmt":"2015-01-13T19:59:16","slug":"puchar-gor-swietokrzyskich-f3jmini-pinczow-2010-10-01-03","status":"publish","type":"page","link":"https:\/\/zonk-team.pl\/?page_id=6017","title":{"rendered":"Puchar G\u00f3r \u015awi\u0119tokrzyskich F3JMini Pi\u0144cz\u00f3w 2010.10.01-03"},"content":{"rendered":"<p>Jakby nie patrze\u0107 to od lipca Zonk Team nie startowa\u0142 nigdzie&#8230;noo ale sezon si\u0119 nie sko\u0144czy\u0142 i czas jeszcze si\u0119 odezwa\u0107 w sta\u0142ym punkcie naszego zawodniczego programu czyli jesiennej edycji zawod\u00f3w w Pi\u0144czowie.<\/p>\n<p>&nbsp;<\/p>\n<p><strong>Pi\u0105tek 1 Pa\u017adziernika<\/strong><\/p>\n<p>Podobnie jak ostatnio zjazd naszej ekipy nast\u0105pi\u0142 z dw\u00f3ch stron. Z Krakowa przyjechali Yoseph z Areq jego now\u0105 Hond\u0105 Civic coupe ;), a z naszych rdzennych okolic prawie r\u00f3wnocze\u015bnie na lotnisku w Pi\u0144czowie zameldowa\u0142 si\u0119 Mar!o wraz z dwoma delikwentami z Gorzyc ;). Voy-tec wraz z nasz\u0105 maskotk\u0105 (Kamilkiem) oraz osobist\u0105 fank\u0105 pojawili si\u0119 deko p\u00f3\u017aniej ;). Jako stali klienci na zawodach w Pi\u0144czowie szybko zostali\u015bmy przywo\u0142ani do porz\u0105dku pi\u0105tkowych obrad przez pana Wie\u015bka z Che\u0142ma oraz organizatora pana Stefana ;)&#8230;.dalej ju\u017c posz\u0142o samo :D. Areq w por\u0119 dorwa\u0142 si\u0119 do aparatu i r\u00f3wnie\u017c ta cz\u0119\u015b\u0107 rywalizacji jest w galeryjce :D.<\/p>\n<p>&nbsp;<\/p>\n<p><strong>Sobota 2 Pa\u017adziernika<\/strong><\/p>\n<p>Zdeka zmarzni\u0119ci i zm\u0119czeni Areq, Mar!o i Yoseph oraz ca\u0142kiem wypocz\u0119ty Voy-tec zwlekli si\u0119 z wyrek na \u015bniadanie by us\u0142ysze\u0107 niusa, \u017ce wiatru jest ma\u0142o, pogoda lipna i na dodatek wieje na \u017caden w\u0142a\u015bciwie kierunek :\/. Po og\u00f3lnej debacie zapad\u0142a decyzja, \u017ce pojedziemy na zbocze i zrobimy po 3 loty pomimo niekorzystnych warunk\u00f3w. Po wturlaniu si\u0119 na g\u00f3r\u0119 ka\u017cdy zrobi\u0142 jakie\u015btam loty pr\u00f3bne, ale na start w kokursie nie by\u0142o mowy&#8230;wi\u0119c jak nie latamy no to gadanie, zianie i czas sobie leci :P. A tu nagle godzina zako\u0144czenia lot\u00f3w si\u0119 zbili\u017ca a warunk\u00f3w nadal brak, wieje po zboczu i w og\u00f3le :P. No i zosta\u0142o latanie z prostej w pola. Niestety wi\u0119kszo\u015b\u0107 z nas zd\u0105\u017cy\u0142a zrobi\u0107 tylko po jednym locie. Po wylataniu si\u0119 za wszystkie czasy na zboczu \ud83d\ude00 nasta\u0142 czas wszamania obiadu w tzw. barze 'na cornerze&#8217; \ud83d\ude00 (bardzo dobre \u017care\u0142ko, polecamy :D) oraz zaj\u0119cia w 'podgrupach&#8217; :). Areq, Yoseph oraz Kamilek latali sobie na helipadzie rzutkami (Mar!o foci\u0142)&#8230;.a\u017c do czasu gdy my\u015bl\u0105cy tylko cz\u0119\u015bciowo Kamilek zrobi\u0142 z rzutki Areq&#8217;a wi\u00f3ry ;|. Mimo tego uda\u0142o si\u0119 pacn\u0105\u0107 kilka fajnych fotek :). Wieczorem by\u0142o ju\u017c spokojniej ni\u017c dnia poprzedniego, ot jakie\u015b tam chipsy, film Top Gun itp :D.<\/p>\n<p>&nbsp;<\/p>\n<p><strong>Niedziela 3 Pa\u017adziernika<\/strong><\/p>\n<p>Niedzielny poranek pod wzgl\u0119dem pogody wygl\u0105da\u0142 w sumie jeszcze gorzej ni\u017c sobotni. Zachmurzenie, wiatr ze z\u0142ego kierunku i pizga :|. Zn\u00f3w do zrobienia jedynie a mo\u017ce a\u017c trzy loty przy wietrze po skosie zza plec\u00f3w :P. Yoseph powiedzia\u0142 do\u015b\u0107 i nie poszed\u0142 na g\u00f3r\u0119, Areq i Mar!o poszli mimo to, Voy-tec doszed\u0142 p\u00f3\u017aniej. Niechc\u0105c zaliczy\u0107 zonka z dnia poprzedniego zacz\u0119li\u015bmy robi\u0107 loty wcze\u015bniej i spokojnie wraca\u0107 z modelami na g\u00f3r\u0119. Tym razem jednak na ostatni\u0105 godzin\u0119 czasu startowego wysz\u0142o s\u0142o\u0144ce i ci, kt\u00f3rzy startowali p\u00f3\u017aniej mieli troch\u0119 lepsze warunki. Ostatecznie zawody wygra\u0142 Mar!o przed Grze\u015bkiem Kosiorem z ASW, trzeci by\u0142 Krzysiek Borkowski z Aeroklubu Pi\u0144czowskiego. Kamilek by\u0142 5ty, Voy-tec 6ty a Areq 8my. Po wyj\u0105tkowo nieudanych zawodach pasuje sobie to jako\u015b odbi\u0107 i st\u0105d nale\u017cy spodziewa\u0107 si\u0119 jeszcze w tym roku jakiej\u015b galerii z latania zboczowego \ud83d\ude09<\/p>\n","protected":false},"excerpt":{"rendered":"<p>Jakby nie patrze\u0107 to od lipca Zonk Team nie startowa\u0142 nigdzie&#8230;noo ale sezon si\u0119 nie sko\u0144czy\u0142 i czas jeszcze si\u0119 odezwa\u0107 w sta\u0142ym punkcie naszego zawodniczego programu czyli jesiennej edycji zawod\u00f3w w Pi\u0144czowie. &nbsp; Pi\u0105tek 1 Pa\u017adziernika Podobnie jak ostatnio zjazd naszej ekipy nast\u0105pi\u0142 z dw\u00f3ch stron. Z Krakowa przyjechali Yoseph z Areq jego now\u0105 [&hellip;]<\/p>\n","protected":false},"author":1,"featured_media":0,"parent":3579,"menu_order":0,"comment_status":"closed","ping_status":"closed","template":"","meta":{"_crdt_document":"","ngg_post_thumbnail":0,"footnotes":""},"class_list":["post-6017","page","type-page","status-publish","hentry"],"_links":{"self":[{"href":"https:\/\/zonk-team.pl\/index.php?rest_route=\/wp\/v2\/pages\/6017","targetHints":{"allow":["GET"]}}],"collection":[{"href":"https:\/\/zonk-team.pl\/index.php?rest_route=\/wp\/v2\/pages"}],"about":[{"href":"https:\/\/zonk-team.pl\/index.php?rest_route=\/wp\/v2\/types\/page"}],"author":[{"embeddable":true,"href":"https:\/\/zonk-team.pl\/index.php?rest_route=\/wp\/v2\/users\/1"}],"replies":[{"embeddable":true,"href":"https:\/\/zonk-team.pl\/index.php?rest_route=%2Fwp%2Fv2%2Fcomments&post=6017"}],"version-history":[{"count":2,"href":"https:\/\/zonk-team.pl\/index.php?rest_route=\/wp\/v2\/pages\/6017\/revisions"}],"predecessor-version":[{"id":6061,"href":"https:\/\/zonk-team.pl\/index.php?rest_route=\/wp\/v2\/pages\/6017\/revisions\/6061"}],"up":[{"embeddable":true,"href":"https:\/\/zonk-team.pl\/index.php?rest_route=\/wp\/v2\/pages\/3579"}],"wp:attachment":[{"href":"https:\/\/zonk-team.pl\/index.php?rest_route=%2Fwp%2Fv2%2Fmedia&parent=6017"}],"curies":[{"name":"wp","href":"https:\/\/api.w.org\/{rel}","templated":true}]}}