{"id":6020,"date":"2015-01-13T20:29:33","date_gmt":"2015-01-13T19:29:33","guid":{"rendered":"http:\/\/zonk-team.pl\/?page_id=6020"},"modified":"2015-01-13T20:34:09","modified_gmt":"2015-01-13T19:34:09","slug":"puchar-polski-f3j-2010-04-24","status":"publish","type":"page","link":"https:\/\/zonk-team.pl\/?page_id=6020","title":{"rendered":"Puchar Polski F3J 2010.04.24"},"content":{"rendered":"<p>I przyszed\u0142 nareszcie ten dzie\u0144 w kt\u00f3rym trzeba by\u0142o nowiu\u015bk\u0105 jot ochrzci\u0107 pierwszy raz zawodami;).<\/p>\n<p>W t\u0119 podr\u00f3\u017c do Radawca pod Lublinem Mario zabra\u0142 Wojtusia i Pawe\u0142ka. Jako, \u017ce Mario ma zwyczaj pojawia\u0142 si\u0119 na zawodach F3J za ka\u017cdym razem w innej bryce tym razem pad\u0142o na Xpr&#8217;a ze swoim Ojdi A3. Po zajechaniu i przywitaniu si\u0119 ze znajomymi z Lublina (pozdro ;)) przyszedl czas na odpraw\u0119 zawodnikow i rozpocz\u0119cie zawod\u00f3w.<\/p>\n<p>&nbsp;<\/p>\n<p>Naturalnie niestety mario polecia\u0142 w pierwszej rundzie w pierwszej kolejce, a co za tym idzie w po\u0142\u0105czeniu z brakiem obcykania modelu, holowania, pogody, terenu, i blizej nie okreslon\u0105 prac\u0105 serca, dalo niezbyt dobre pierwsze czasy. Po lekkim wlataniu si\u0119 3 i 4 lot poszed\u0142 ca\u0142kiem znakomicie i udalo sie zdoby\u0142 1000 points\u00f3w ;). Niestety jaki\u015b nadgorliwy zawodnik obok z zazdrosci podkapowa\u0142 o ladowaniu do r\u0119ki w strefie startow co skutkowa\u0142o -100pkt&#8230; (&#8217;\u017cesz ty taki owaki&#8217; jak mawia\u0142 pies w jednej kresk\u00f3wce \ud83d\ude1b ). Dalsze pr\u00f3by latania zako\u0144czy\u0142y si\u0119 ca\u0142kiem niedobrze, w 5 kolejce niedolot( przynajmneij na lotnisku siad\u0142 ok. 700m od siebie, ale uda\u0142o si\u0119 przynajmniej wr\u00f3ci\u0142 tak z ~1000m). Sz\u00f3sty lot to ju\u017c wogle pora\u017cka by\u0142a, niecale 3 min po powt\u00f3rce i l\u0105dowanie 7m od punktu &#8230; .<\/p>\n<p>Pogoda byla zdradliwa z tego wynika ;P. Niby \u0142adnie, pi\u0119knie s\u0142onko, \u015bredni wiaterek ale zimny, sporo turbulencji, mocne dynamiczne noszenia, ale ciasne i trudne w wycentrowaniu. No i tak zakonczy\u0142o si\u0119 latanko na 9 pozycji &#8230;. 'W fina\u0142ach zosta\u0142em poproszony o pomoc w wypuszceniu i nawigacji Tomkowi Fr\u0105kowi. Jak sie okaza\u0142o by\u0142em na tyle skuteczny ze kole\u015b wygra\u0142, chyba si\u0119 b\u0119d\u0119 musial przerzuci\u0142 na nawigacj\u0119 zamiast pilotarzu&#8217; &#8211; skwitowa\u0142 rozczarowany Mario . Nieczekawszy na rozdanie pojechalismy wydmuchani na baz\u0119&#8230;.<\/p>\n<p>&nbsp;<\/p>\n<p>pisa\u0142 Xms, poprawia\u0142 Areq<\/p>\n","protected":false},"excerpt":{"rendered":"<p>I przyszed\u0142 nareszcie ten dzie\u0144 w kt\u00f3rym trzeba by\u0142o nowiu\u015bk\u0105 jot ochrzci\u0107 pierwszy raz zawodami;). W t\u0119 podr\u00f3\u017c do Radawca pod Lublinem Mario zabra\u0142 Wojtusia i Pawe\u0142ka. Jako, \u017ce Mario ma zwyczaj pojawia\u0142 si\u0119 na zawodach F3J za ka\u017cdym razem w innej bryce tym razem pad\u0142o na Xpr&#8217;a ze swoim Ojdi A3. Po zajechaniu i [&hellip;]<\/p>\n","protected":false},"author":1,"featured_media":0,"parent":3579,"menu_order":0,"comment_status":"closed","ping_status":"closed","template":"","meta":{"_crdt_document":"","ngg_post_thumbnail":0,"footnotes":""},"class_list":["post-6020","page","type-page","status-publish","hentry"],"_links":{"self":[{"href":"https:\/\/zonk-team.pl\/index.php?rest_route=\/wp\/v2\/pages\/6020","targetHints":{"allow":["GET"]}}],"collection":[{"href":"https:\/\/zonk-team.pl\/index.php?rest_route=\/wp\/v2\/pages"}],"about":[{"href":"https:\/\/zonk-team.pl\/index.php?rest_route=\/wp\/v2\/types\/page"}],"author":[{"embeddable":true,"href":"https:\/\/zonk-team.pl\/index.php?rest_route=\/wp\/v2\/users\/1"}],"replies":[{"embeddable":true,"href":"https:\/\/zonk-team.pl\/index.php?rest_route=%2Fwp%2Fv2%2Fcomments&post=6020"}],"version-history":[{"count":2,"href":"https:\/\/zonk-team.pl\/index.php?rest_route=\/wp\/v2\/pages\/6020\/revisions"}],"predecessor-version":[{"id":6023,"href":"https:\/\/zonk-team.pl\/index.php?rest_route=\/wp\/v2\/pages\/6020\/revisions\/6023"}],"up":[{"embeddable":true,"href":"https:\/\/zonk-team.pl\/index.php?rest_route=\/wp\/v2\/pages\/3579"}],"wp:attachment":[{"href":"https:\/\/zonk-team.pl\/index.php?rest_route=%2Fwp%2Fv2%2Fmedia&parent=6020"}],"curies":[{"name":"wp","href":"https:\/\/api.w.org\/{rel}","templated":true}]}}