{"id":6035,"date":"2015-01-13T20:40:45","date_gmt":"2015-01-13T19:40:45","guid":{"rendered":"http:\/\/zonk-team.pl\/?page_id=6035"},"modified":"2015-01-13T21:01:38","modified_gmt":"2015-01-13T20:01:38","slug":"zawody-f3jmini-pinczow-wiosna-2011","status":"publish","type":"page","link":"https:\/\/zonk-team.pl\/?page_id=6035","title":{"rendered":"Zawody F3JMini Pi\u0144cz\u00f3w wiosna 2011"},"content":{"rendered":"<p><strong>Pi\u0105tek 13 Maja<\/strong><\/p>\n<p>Pi\u0105tek to tradycyjnie dzie\u0144 zje\u017cd\u017cania si\u0119, ju\u017c od jakiego\u015b czasu, z r\u00f3\u017cnych stron tego ma\u0142ego, ale ca\u0142kiem sympatycznego miasteczka na Ponidziu :). Pierwszy na miejscu by\u0142 Voy-tec ze swoj\u0105 \u015bwit\u0105 w sk\u0142adzie Ania, Debilek and Karol :). Chwil\u0119 potem z Korkowa przyjecha\u0142 Areq. Po szybkim meldunku ta ekipa pojecha\u0142a na zbocze celem rekonesansu :). Wieczorem dobili tak\u017ce Mar!o i Yoseph. \u017beby tradycji sta\u0142o si\u0119 za do\u015b\u0142 no to by\u0142 grill i piwo i kie\u0142baski itd ;). No i by\u0142o te\u017c dobre zianie na r\u00f3\u017cne tematy. Legenda g\u0142osi, \u017ce kto\u015b wtedy wymienia do\u015bwiadczenia :D. Potem jeszcze by\u0142a projekcja filmu ze zlotu Hondy w Rzeszowie, na kt\u00f3rym byli nasi Hondziarze &#8211; Areq i Mar!o.<\/p>\n<p>&nbsp;<\/p>\n<p><strong>Sobota 14 Maja<\/strong><\/p>\n<p>Po spokojnym, w por\u00f3wnaniu do poprzednich zawod\u00f3w, pi\u0105tku wstawanie nie by\u0142o, a\u017c tak trudne pomimo i\u017c Yoseph i Mar!o spali na jakiej\u015b kanapie w niezbyt ciep\u0142ym korytarzu, a Areq na pod\u0142odze :P. Za to pogoda z rana by\u0142a ca\u0142kiem obiecuj\u0105ca cho\u0142 bezwietrzna. Po pewnych dywagacjach zosta\u0142o ustalone, \u017ce latamy na zboczu :). Rozpocz\u0119cie zawod\u00f3w, pakowanie rupieci i jedziem :). Nale\u017cy r\u00f3wnie\u017c zaznaczy\u0142, \u017ce w sobot\u0119 pojawi\u0142 si\u0119 tak\u017ce Ralv &#8211; pami\u0119tacie go jeszcze :D?. Na szczycie naszej g\u00f3recki wiatr by\u0142 bardzo mizerny, st\u0105d niekt\u00f3rzy postanowili lata\u0142 rzutkami F3K, co dawa\u0142o ca\u0142kiem niez\u0142e rezultaty. Dzi\u0119ki s\u0142o\u0144cu realne by\u0142o naku&#8230;. komin\u00f3w :D. Niestety prawie ka\u017cdy z nas musia\u0142 zaliczy\u0142 spacer na d\u00f3\u0142 po model bo warunki lubi\u0142y si\u0105\u015b\u0107. Jedynie Mar!o unikn\u0105\u0142 tego typu akcji i dzieki temu po pierwszym dniu prowadzi\u0142. Pomimo \u0142adnego s\u0142oneczka nikomu nie chcia\u0142o si\u0119 struga\u0142 po zawodach latania i zgodnie ca\u0142a ekipa pojecha\u0142a na obiad :).<\/p>\n<p>Po po\u0142udniu podziwiali\u015bmy loty silnik\u00f3wek na lotnisku a potem Mar!o uzbraja\u0142 rzutk\u0119 dla Areq i wieczorem odby\u0142 si\u0119 oblot bardzo dziarskiego samolotu :D. Po zmierzchu oczywi\u015bcie grill, kie\u0142baski itd \ud83d\ude42<\/p>\n<p>&nbsp;<\/p>\n<p><strong>Niedziela 15 Maja<\/strong><\/p>\n<p>W niedziel\u0119 pogoda mia\u0142a chyba sp\u00f3\u0142\u0119 z zonkiem :P. Z rana by\u0142o ca\u0142kiem przyjemnie, ale zgodnie z zapowiedziami po 11 zacz\u0119\u0142o pada\u0142. Tym sposobem kolejki posz\u0142y bardzo sprawnie bo o 12 wszyscy ju\u017c byli na dole. Wraz z deszczem przysz\u0142o troch\u0119 wiatru na kierunek nawet (latali\u015bmy na zachodnim zboczu) i mo\u017cna by\u0142o zmieni\u0142 modele na deko szybsze ;). Po odb\u0119bnieniu kolejek okaza\u0142o sie, \u017ce Mar!o utrzyma\u0142 prowadzenie z poprzedniego dnia, za nim by\u0142 Voy-tec. Si\u00f3dmy za spraw\u0105 problem\u00f3w z bateriami w rzutce by\u0142 Areq, a za nim Yoseph. Debilek po raz kolejny zgarn\u0105\u0142 puchar dla najm\u0142odszego zawodnika :). Pi\u0144cz\u00f3w po\u017cegnali\u015bmy w deszczowej atmosferze. Pomimo tego weekend nale\u017cy zaliczy\u0142 do baaaaardzo udanych :). Nast\u0119pny kompetyszyn to jednodni\u00f3wka w konkurencji 'uszatki&#8217; w Lublinie, a p\u00f3\u017aniej kolejny weekendowy wypad. Tym razem w okolice Che\u0142ma \ud83d\ude42<\/p>\n","protected":false},"excerpt":{"rendered":"<p>Pi\u0105tek 13 Maja Pi\u0105tek to tradycyjnie dzie\u0144 zje\u017cd\u017cania si\u0119, ju\u017c od jakiego\u015b czasu, z r\u00f3\u017cnych stron tego ma\u0142ego, ale ca\u0142kiem sympatycznego miasteczka na Ponidziu :). Pierwszy na miejscu by\u0142 Voy-tec ze swoj\u0105 \u015bwit\u0105 w sk\u0142adzie Ania, Debilek and Karol :). Chwil\u0119 potem z Korkowa przyjecha\u0142 Areq. Po szybkim meldunku ta ekipa pojecha\u0142a na zbocze celem [&hellip;]<\/p>\n","protected":false},"author":1,"featured_media":0,"parent":3585,"menu_order":0,"comment_status":"closed","ping_status":"closed","template":"","meta":{"_crdt_document":"","ngg_post_thumbnail":0,"footnotes":""},"class_list":["post-6035","page","type-page","status-publish","hentry"],"_links":{"self":[{"href":"https:\/\/zonk-team.pl\/index.php?rest_route=\/wp\/v2\/pages\/6035","targetHints":{"allow":["GET"]}}],"collection":[{"href":"https:\/\/zonk-team.pl\/index.php?rest_route=\/wp\/v2\/pages"}],"about":[{"href":"https:\/\/zonk-team.pl\/index.php?rest_route=\/wp\/v2\/types\/page"}],"author":[{"embeddable":true,"href":"https:\/\/zonk-team.pl\/index.php?rest_route=\/wp\/v2\/users\/1"}],"replies":[{"embeddable":true,"href":"https:\/\/zonk-team.pl\/index.php?rest_route=%2Fwp%2Fv2%2Fcomments&post=6035"}],"version-history":[{"count":2,"href":"https:\/\/zonk-team.pl\/index.php?rest_route=\/wp\/v2\/pages\/6035\/revisions"}],"predecessor-version":[{"id":6063,"href":"https:\/\/zonk-team.pl\/index.php?rest_route=\/wp\/v2\/pages\/6035\/revisions\/6063"}],"up":[{"embeddable":true,"href":"https:\/\/zonk-team.pl\/index.php?rest_route=\/wp\/v2\/pages\/3585"}],"wp:attachment":[{"href":"https:\/\/zonk-team.pl\/index.php?rest_route=%2Fwp%2Fv2%2Fmedia&parent=6035"}],"curies":[{"name":"wp","href":"https:\/\/api.w.org\/{rel}","templated":true}]}}