{"id":6040,"date":"2015-01-13T20:44:15","date_gmt":"2015-01-13T19:44:15","guid":{"rendered":"http:\/\/zonk-team.pl\/?page_id=6040"},"modified":"2015-01-13T20:45:07","modified_gmt":"2015-01-13T19:45:07","slug":"zawody-f3jmini-kielce-wiosna-2012","status":"publish","type":"page","link":"https:\/\/zonk-team.pl\/?page_id=6040","title":{"rendered":"Zawody F3JMini Kielce wiosna 2012"},"content":{"rendered":"<p><strong>Pi\u0105tek 18 Maja<\/strong><\/p>\n<p>&nbsp;<\/p>\n<p>W tym roku z racji lekkiego poprzestawiania si\u0119 w\u0142adzom o\u015brodka w Pi\u0144czowie pan Stefan zaprosi\u0142 wszystkich do siebie na zawody :). Z naszej ekipy byli wszyscy plus Ilonek na dok\u0142adke \ud83d\ude42 Areq pozadupca\u0142 (po krakosku :P) kapke szybciej w kieleckie, jak\u0105\u015b godzink\u0119 p\u00f3\u017aniej dojecha\u0142a ekipa z naszych rdzennych stron:). Nast\u0119pnie wybrali\u015bmy si\u0119 wszyscy na zwiedzanie kieleckich galerii celem zrobienia zaopatrzenia ;). P\u00f3\u017aniej przyszed\u0142 czas na 'wymian\u0119 do\u015bwiadcze\u0144&#8217; wsp\u00f3lnie z innymi samolociarzami ;). Lekko odpr\u0119\u017ceni poszli\u015bmy w kimono, elegancko zapewnione przez organizatora \ud83d\ude42<\/p>\n<p>&nbsp;<\/p>\n<p><strong>Sobota 19 Maja<\/strong><\/p>\n<p>&nbsp;<\/p>\n<p>Po ca\u0142ym tygodniu lipnej pogody i niez\u0142ym pi\u0105tku w sobot\u0119 poranek zapowiada\u0142 typowo majow\u0105 pogod\u0119 &#8211; porz\u0105dne s\u0142onko, lekki wiaterek, w\u0142a\u015bciwie zero chmur :). Warunki do latania nieidealne, ale zdatne :). Poniewa\u017c zbocze, na kt\u00f3rym latali\u015bmy w ostatnich zawodach by\u0142o totalnie zaro\u015bni\u0119te, tym razem konkurencja mia\u0142a rozegra\u0142 si\u0119 nad czym\u015b na kszta\u0142t kamienio\u0142omu :). Samo zbocze przy wietrze na kierunek pracowa\u0142o bardzo \u0142adnie, ale tego dnia to tak nie zawsze :P. Wiatr raczej s\u0142aby sk\u0142ania\u0142 do szukania jakiej\u015b termiki. Od nas najlepiej radzi\u0142 sobie Xpr oraz Mar!o, Areq i Yoseph nie trafili w warunki w conajmniej jednej kolejce co zaowocowa\u0142o lotami po 1-2 minuty (max 5 minut). Dodatkowo Areq lataj\u0105cy rzutk\u0105 mia\u0142 przygod\u0119 w postaci nag\u0142ego podmuchu i l\u0105dowania na ska\u0142ach w do\u015b\u0142 s\u0142abo dost\u0119pnym miejscu. Po d\u0142u\u017cszej chwili jednak uda\u0142o si\u0119 odzyska\u0142 model ci\u0105gle zdolny do latania :). Poza tym cz\u0119\u015b\u0142 zawodnik\u00f3w r\u00f3wnie\u017c l\u0105dowa\u0142a na dole lub drzewach ;).<\/p>\n<p>Oko\u0142o godziny 15:00 wszyscy wylatali co swoje, Xpr, Mar!o oraz Areq polatali sobie jeszcze troch\u0119 po zawodach. Po po\u0142udniu pocz\u0119stowano nas porz\u0105dnym domowym obiadkiem&#8230;i poszli\u015bmy po piwo :). Wieczorem by\u0142 grill, przypa\u0142owe fotki, inne napoje \ud83d\ude00 itd z graniem w pi\u0142k\u0119 po ciemku w\u0142\u0105cznie ;). Tym razem troch\u0119 bardziej zm\u0119czeni w kimono poszli\u015bmy ju\u017c dnia nast\u0119pnego \ud83d\ude42<\/p>\n<p>&nbsp;<\/p>\n<p><strong>Niedziela 20 Maja<\/strong><\/p>\n<p>&nbsp;<\/p>\n<p>W ca\u0142kiem niez\u0142ym stanie podnie\u015bli\u015bmy si\u0119 ostatniego dnia zawod\u00f3w i zobaczyli\u015bmy w\u0142a\u015bciwie wersj\u0119 rozwojow\u0105 wczorajszej pogody &#8211; r\u00f3wnie ciep\u0142o, par\u0119 chmurek i lekko silniejszy wiatr, ale nie do ko\u0144ca wiej\u0105cy z kierunku nas interesuj\u0105cego ;). Po wdrapaniu na g\u00f3rk\u0119 czeka\u0142o nas wylatanie kolejnych 5 kolejek. Xpr oraz Mar!o b\u0119d\u0105cy w czo\u0142\u00f3wce po 1 dniu mieli jeden cel &#8211; wylata\u0142 wszystko lub straci\u0142 mo\u017cliwie ma\u0142o. Yoseph i Areq z kolei chcieli odrobi\u0142 mo\u017cliwie du\u017co strat z poprzedniego dnia. Pierwsza dw\u00f3jka da\u0142a rad\u0119 i w efekcie wygra\u0142 Xpr, za\u015b Mar!o by\u0142 trzeci. Reszta naszej ekipy sko\u0144czy\u0142a grubo poni\u017cej oczekiwa\u0144 &#8211; Yoseph 11. a Areq 12. Ciekawy incydent mia\u0142 miejsce w 4 locie Areq&#8217;a &#8211; jego rzutek zderzy\u0142 si\u0119 z Kamilka uszatkiem, w wyniku czego statecznik pionowy rzutki zosta\u0142 praktycznie w ca\u0142o\u015bci wbity w skrzyd\u0142o drugiego modelu. Areq zdo\u0142a\u0142 co prawda dolecie\u0142 w rejon ko\u0142a l\u0105dowa\u0144, ale wybitnie niesterowny model pozwoli\u0142 tylko na wyl\u0105dowanie w miar\u0119 bezpiecznie z niepe\u0142nym czasem. Kamilek za\u015b doko\u0144czy\u0142 sw\u00f3j lot i wyl\u0105dowa\u0142 z dodatkowym elementem w kole. Dzieki decyzji s\u0119dzi\u00f3w Areq m\u00f3g\u0142 po naprawie powt\u00f3rzy\u0142 lot, kt\u00f3ry okaza\u0142 si\u0119 zdecydowanie lepszy od poprzedniego. Niestety w ostatnim locie wszystkie szanse na odrobienie strat posz\u0142y si\u0119&#8230;opala\u0142 :P. Pr\u00f3ba \u017cebrania przy kraw\u0119dzi zbocza zako\u0144czy\u0142a si\u0119 delikatnym mu\u015bni\u0119ciem ga\u0142\u0119zi drzewa i przedterminowym l\u0105dowaniem :\/.<\/p>\n<p>&nbsp;<\/p>\n<p>Warto r\u00f3wnie\u017c wspomnie\u0107 o akcji, kt\u00f3rej pomys\u0142odawc\u0105, wykonawc\u0105, przewodnicz\u0105cym komisji i co tam jeszcze chcecie by\u0142 Yoseph. Ot\u00f3\u017c postanowili\u015bmy podzi\u0119kowa\u0142 panu Stefanowi za te i X jak nie XX zawod\u00f3w wstecz, kt\u00f3re dla nas zorganizowa\u0142, dzi\u0119ki kt\u00f3rym takie wyjazdy zawsze by\u0142y dobrze sp\u0119dzonym weekendem z odrobin\u0105 rywalizacji, pozwala\u0142y pozna\u0142 innych fan\u00f3w tego sportu i si\u0119 wsp\u00f3lnie nawali\u0107 :D. Odk\u0105d je\u017adzimy na zawody w G\u00f3rach \u015awi\u0119tokrzyskich nigdy nie by\u0142o op\u0142at za tzw. 'wpisowe&#8217;, co nam studentom tak\u017ce obni\u017ca koszty. W podzi\u0119kowania za powy\u017csze wr\u0119czyli\u015bmy panu Stefanowi jedyny i niepowtarzalny grawerton, wykonany przez Yoseph&#8217;a, kt\u00f3ry wyra\u017anie ucieszy\u0142 organizatora &#8211; i o to chodzi\u0142o !<\/p>\n<p>&nbsp;<\/p>\n<p>Po wszystkich ceremoniach, spakowaniu maneli pojechali\u015bmy jeszcze na obiad, po czym team zn\u00f3w rozdzieli\u0142 si\u0119 na dwie dywizje i pojecha\u0142 w swoje strony :). Nast\u0119pnych zawod\u00f3w p\u00f3ki co w planie nie mamy, liczymy na zaproszenia \ud83d\ude42<\/p>\n","protected":false},"excerpt":{"rendered":"<p>Pi\u0105tek 18 Maja &nbsp; W tym roku z racji lekkiego poprzestawiania si\u0119 w\u0142adzom o\u015brodka w Pi\u0144czowie pan Stefan zaprosi\u0142 wszystkich do siebie na zawody :). Z naszej ekipy byli wszyscy plus Ilonek na dok\u0142adke \ud83d\ude42 Areq pozadupca\u0142 (po krakosku :P) kapke szybciej w kieleckie, jak\u0105\u015b godzink\u0119 p\u00f3\u017aniej dojecha\u0142a ekipa z naszych rdzennych stron:). Nast\u0119pnie wybrali\u015bmy [&hellip;]<\/p>\n","protected":false},"author":1,"featured_media":0,"parent":6001,"menu_order":0,"comment_status":"closed","ping_status":"closed","template":"","meta":{"_crdt_document":"","ngg_post_thumbnail":0,"footnotes":""},"class_list":["post-6040","page","type-page","status-publish","hentry"],"_links":{"self":[{"href":"https:\/\/zonk-team.pl\/index.php?rest_route=\/wp\/v2\/pages\/6040","targetHints":{"allow":["GET"]}}],"collection":[{"href":"https:\/\/zonk-team.pl\/index.php?rest_route=\/wp\/v2\/pages"}],"about":[{"href":"https:\/\/zonk-team.pl\/index.php?rest_route=\/wp\/v2\/types\/page"}],"author":[{"embeddable":true,"href":"https:\/\/zonk-team.pl\/index.php?rest_route=\/wp\/v2\/users\/1"}],"replies":[{"embeddable":true,"href":"https:\/\/zonk-team.pl\/index.php?rest_route=%2Fwp%2Fv2%2Fcomments&post=6040"}],"version-history":[{"count":1,"href":"https:\/\/zonk-team.pl\/index.php?rest_route=\/wp\/v2\/pages\/6040\/revisions"}],"predecessor-version":[{"id":6042,"href":"https:\/\/zonk-team.pl\/index.php?rest_route=\/wp\/v2\/pages\/6040\/revisions\/6042"}],"up":[{"embeddable":true,"href":"https:\/\/zonk-team.pl\/index.php?rest_route=\/wp\/v2\/pages\/6001"}],"wp:attachment":[{"href":"https:\/\/zonk-team.pl\/index.php?rest_route=%2Fwp%2Fv2%2Fmedia&parent=6040"}],"curies":[{"name":"wp","href":"https:\/\/api.w.org\/{rel}","templated":true}]}}