{"id":6049,"date":"2015-01-13T20:50:49","date_gmt":"2015-01-13T19:50:49","guid":{"rendered":"http:\/\/zonk-team.pl\/?page_id=6049"},"modified":"2015-01-13T20:51:25","modified_gmt":"2015-01-13T19:51:25","slug":"f3jmini-sawin-kchel%c2%82ma","status":"publish","type":"page","link":"https:\/\/zonk-team.pl\/?page_id=6049","title":{"rendered":"F3JMini &#8211; Sawin k\/Che\u0142\u0082ma"},"content":{"rendered":"<p>Sezon w pe\u0142ni wi\u0119c pora ruszy\u0142 si\u0119 gdzie\u015b dalej &#8211; tym razem pad\u0142o na Bliski Wsch\u00f3d \ud83d\ude00<\/p>\n<p>&nbsp;<\/p>\n<p><strong>Pi\u0105tek 05 Lipca<\/strong><\/p>\n<p>Po wielu pytaniach zadawanych sobie i mi\u0119dzy sob\u0105 z rodzaju: jecha\u0142? Nie jecha\u0142? Mam kase? Nie mam kasy, ale szkoda nie pojecha\u0142 itd w ostateczno\u015bci wyklarowa\u0142 si\u0119 sk\u0142ad: Yoseph, Areq, Mar!o + Dagmara :). Zbi\u00f3rka pod mdl w Tarnobrzegu i lecimy bur\u017cujsko na dwa samochody (Areq potem do wawy odbija\u0142) do Stalowej spotka\u0142 si\u0119 z Mar!o ;). Tradycja wyjazdu na zawody w tamt\u0105 stron\u0119 nakazuje zje\u015b\u0142 kebab u turasa obok Mariowego bloku &#8211; co te\u017c ze smakiem uczynili\u015bmy. Nast\u0119pnie do Niska po Dagmare i lecimy do celu \ud83d\ude42 Droga momentami paskudna, a my wszyscy na niskim profilu, zawiasy te\u017c niezbyt terenowe, ale dajemy rade \ud83d\ude42 Zesz\u0142o nam nawet szybciej ni\u017c przemieszcza si\u0119 tabor cyga\u0144ski, co akurat by\u0142o wbrew tradycji wyjazd\u00f3w do Che\u0142ma, gdzie 200 km jecha\u0142o si\u0119 \u015brednio 5h :D. Wyl\u0105dowali\u015bmy w Sawinie, ale tym razem miejsc\u00f3wk\u0105 do spania nie by\u0142a szko\u0142a, ale gospodarstwo agroturystyczne i baaardzo nam to spasowa\u0142o &#8211; fajnie urz\u0105dzone pokoje, trawka, miejsce do melan\u017cowania eleganckie &#8211; wypas!. Kiedy si\u0119 ju\u017c rozpiwkowali\u015bmy lekko dotar\u0142a tak\u017ce zaprzyja\u017aniona ekipa kielecka, Yoseph lata\u0142 biedronk\u0105, by\u0142 grill i klimat taki, jaki lubimy \ud83d\ude42 Komary nawet dawa\u0142y \u017cy\u0142 :). Jako\u015b tak wysz\u0142o, \u017ce generalnie zamkn\u0119li\u015bmy imprez\u0119 oko\u0142o 1:30 i poszli\u015bmy kima\u0142 \ud83d\ude42<\/p>\n<p>&nbsp;<\/p>\n<p><strong>Sobota 06 Lipca<\/strong><\/p>\n<p>Z rana wszystko spoko poza&#8230;.pawiem czy innym pierzastym, kt\u00f3ry dar\u0142 jape od 5:00 rano chyba :P. Poogarniali\u015bmy si\u0119, jakie\u015b \u015bniadanie zaliczone i wyjazd&#8230;w pole na zawody :D. Og\u00f3lnie by\u0142a sugestia, \u017ce jak b\u0119d\u0119 pisa\u0142 relacj\u0119 to mam wklei\u0142 jaki\u015b obrazek m\u0119skiego organu rozrodczego k\u0142adzionego na wszystko bo tak nam si\u0119 chcia\u0142o lata\u0142 :P, ale po kolei jednak opisz\u0119 co by\u0142o bo po to ten dzia\u0142 jest ;). Pierwszy cz\u0142onek jaki po\u0142o\u017cyli\u015bmy to: ee co b\u0119dziemy rozk\u0142ada\u0142 hol z bloczka, tak se polatamy z gumy bo ju\u017c jest roz\u0142o\u017cona. Dalej Yoseph jak ju\u017c si\u0119 wzi\u0105\u0142 za latanie to 10 kolejek (kolejny cz\u0142onek, \u017ceby nie lata\u0142 dwa dni tylko wszystko odb\u0119bni\u0142 w sobot\u0119) pykn\u0105\u0142 w serii a\u017c po 9 locie z\u0142ama\u0142 mocowanie statecznika i&#8230; po\u0142o\u017cy\u0142 lask\u0119 ca\u0142kiem :D. Mar!o reprezentowa\u0142 nawet nawet poziom, czasy mo\u017ce nie zawsze maksy, ale na tle reszty przyzwoite. Areq generalnie czasy po oko\u0142o 2 minuty (4 max) + wi\u0119kszo\u015b\u0142 l\u0105dowa\u0144, a dwa razy uda\u0142o mu si\u0119 trafi\u0142 warunki i by\u0142 max. Ci\u0105gle jednak model lata\u0142 mu strasznie kwadratowo, co po sko\u0144czonych kolejkach i pr\u00f3bie zasi\u0119gu na dw\u00f3ch odbiornikach jednoznacznie wskazywa\u0142o na odbiornik (prawdopodobnie antena uszkodzona). Jak ju\u017c kolejki si\u0119 wylata\u0142y, Mar!o odpali\u0142 sw\u00f3j nowy wyr\u00f3b &#8211; Jote i lata\u0142 z GoPRO na pok\u0142adzie &#8211; mo\u017ce powstanie wkr\u00f3tce z tego jaki\u015b filmik :). Reszta natomiast zacz\u0119\u0142a rozkminia\u0142 jaki\u015b obiad, zgadnijcie na co pad\u0142o \ud83d\ude1b No tak, tak pizza \ud83d\ude09 Po obiedzie i lekkim odpoczynku od bardzo ci\u0119\u017ckiej rywalizacji pojechali\u015bmy nad okoliczny zalew pouczestniczy\u0142 w Pikniku Modelarskim, powystawiali\u015bmy swoje samoloty, w miar\u0119 warunk\u00f3w pod koniec dnia polatali\u015bmy troch\u0119 itd. Tam odby\u0142o si\u0119 te\u017c zako\u0144czenie zawod\u00f3w &#8211; wygra\u0142 Mar!o, drugi by\u0142 Tadeusz Stachniuk &#8211; organizator ca\u0142ego przedsi\u0119wi\u0119cia, a trzeci Areq. Yoseph-obibok zaj\u0105\u0142 V miejsce. Wszystkich zawodnik\u00f3w naliczono 9 :). Po kolejnym sukcesie naszego teamu nie pozosta\u0142o nic innego jak sobie po\u015bwi\u0119towa\u0142 (i tak by\u015bmy to zrobili :P). W naszym o\u015brodku by\u0142o tego wieczoru troch\u0119 wi\u0119cej os\u00f3b, rozm\u00f3w wi\u0119cej i r\u00f3wnie ciekawy wiecz\u00f3r.<\/p>\n<p>&nbsp;<\/p>\n<p><strong>Niedziela 07 Lipca<\/strong><\/p>\n<p>Dzie\u0144 generalnie rozjazdowy bo wszystko ambitnie \ud83d\ude00 wczoraj wylatali\u015bmy, ale g\u0142upio tak od razu wyje\u017cd\u017ca\u0142. Po spakowaniu maneli i opuszczeniu gospodarstwa (jeszcze raz wspomn\u0119, \u017ce bardzo fajnego miejsca :)) pojechali\u015bmy sobie nad zalew, odbywa\u0142y si\u0119 tam zawody latawc\u00f3w. Jako, \u017ce w tym raczej nie siedzimy to Mar!o oraz Karol z Kielc poszli sobie wzd\u0142u\u017c brzegu pomoczy\u0142 kije, a reszta \u0142wiczy\u0142a dalej opierdayling :P. Po 13:00 jako\u015b nast\u0105pi\u0142a zbi\u00f3rka i wsp\u00f3lnie z kieleckimi ruszyli\u015bmy w kierunku Lublina, gdzie mia\u0142 by\u0142 McDonald&#8217;s i potem rozjazd, ka\u017cdy w swoj\u0105 stron\u0119&#8230;ale tu\u017c przed niestety Maciek nie wyhamowa\u0142 przed Yosephem przy znaku STOP i si\u0119 troch\u0119 pot\u0142ukli :\/ poza t\u0105 przygod\u0105 reszta powrot\u00f3w przebieg\u0142a ca\u0142kiem normalnie i tym samym zako\u0144czyli\u015bmy bardzo fajnie sp\u0119dzony lipcowy weekend \ud83d\ude42 Brawa dla organizator\u00f3w za wk\u0142ad w\u0142o\u017cony w organizacj\u0119 tej imprezy, ch\u0119tnie tam wr\u00f3cimy \ud83d\ude42<\/p>\n<p>&nbsp;<\/p>\n<p>pisa\u0142 Areq<\/p>\n","protected":false},"excerpt":{"rendered":"<p>Sezon w pe\u0142ni wi\u0119c pora ruszy\u0142 si\u0119 gdzie\u015b dalej &#8211; tym razem pad\u0142o na Bliski Wsch\u00f3d \ud83d\ude00 &nbsp; Pi\u0105tek 05 Lipca Po wielu pytaniach zadawanych sobie i mi\u0119dzy sob\u0105 z rodzaju: jecha\u0142? Nie jecha\u0142? Mam kase? Nie mam kasy, ale szkoda nie pojecha\u0142 itd w ostateczno\u015bci wyklarowa\u0142 si\u0119 sk\u0142ad: Yoseph, Areq, Mar!o + Dagmara :). [&hellip;]<\/p>\n","protected":false},"author":1,"featured_media":0,"parent":6003,"menu_order":0,"comment_status":"closed","ping_status":"closed","template":"","meta":{"_crdt_document":"","ngg_post_thumbnail":0,"footnotes":""},"class_list":["post-6049","page","type-page","status-publish","hentry"],"_links":{"self":[{"href":"https:\/\/zonk-team.pl\/index.php?rest_route=\/wp\/v2\/pages\/6049","targetHints":{"allow":["GET"]}}],"collection":[{"href":"https:\/\/zonk-team.pl\/index.php?rest_route=\/wp\/v2\/pages"}],"about":[{"href":"https:\/\/zonk-team.pl\/index.php?rest_route=\/wp\/v2\/types\/page"}],"author":[{"embeddable":true,"href":"https:\/\/zonk-team.pl\/index.php?rest_route=\/wp\/v2\/users\/1"}],"replies":[{"embeddable":true,"href":"https:\/\/zonk-team.pl\/index.php?rest_route=%2Fwp%2Fv2%2Fcomments&post=6049"}],"version-history":[{"count":1,"href":"https:\/\/zonk-team.pl\/index.php?rest_route=\/wp\/v2\/pages\/6049\/revisions"}],"predecessor-version":[{"id":6050,"href":"https:\/\/zonk-team.pl\/index.php?rest_route=\/wp\/v2\/pages\/6049\/revisions\/6050"}],"up":[{"embeddable":true,"href":"https:\/\/zonk-team.pl\/index.php?rest_route=\/wp\/v2\/pages\/6003"}],"wp:attachment":[{"href":"https:\/\/zonk-team.pl\/index.php?rest_route=%2Fwp%2Fv2%2Fmedia&parent=6049"}],"curies":[{"name":"wp","href":"https:\/\/api.w.org\/{rel}","templated":true}]}}