{"id":6054,"date":"2015-01-13T20:54:15","date_gmt":"2015-01-13T19:54:15","guid":{"rendered":"http:\/\/zonk-team.pl\/?page_id=6054"},"modified":"2015-01-13T20:54:15","modified_gmt":"2015-01-13T19:54:15","slug":"f3jmini-w-pin%c2%84czowie-wiosna-2014","status":"publish","type":"page","link":"https:\/\/zonk-team.pl\/?page_id=6054","title":{"rendered":"F3JMini w Pi\u0144\u0084czowie &#8211; wiosna 2014"},"content":{"rendered":"<p><strong>Pi\u0105tek 09 Maja<\/strong><\/p>\n<p>W\u0142a\u015bciwie ta relacja powinna rozpoczyna\u0142 si\u0119 od czwartku bo zar\u00f3wno ekipa Wojtka jak i Mario oraz Adrian z Gorzyc siedzieli tam ju\u017c dzie\u0144 wcze\u015bniej. W pi\u0105tek, p\u00f3\u017anym popo\u0142udniem dojecha\u0142 tak\u017ce Areq oraz Yoseph na dw\u00f3ch k\u00f3\u0142kach w celach bardziej towarzyskich ni\u017c zawodniczych ;). Ekipa czwartkowa tego dnia zd\u0105\u017cy\u0142a jeszcze troch\u0119 polata\u0142 na g\u00f3rce, a wieczorem ju\u017c wszyscy zaopatrzeni w odpowiedni prowiant uprawiali chill-out, wymian\u0119 do\u015bwiadcze\u0144 czy jak to si\u0119 tam nazywa :D.<\/p>\n<p>&nbsp;<\/p>\n<p><strong>Sobota 10 Maja<\/strong><\/p>\n<p>Po do\u015b\u0142 rze\u015bkiej \ud83d\ude1b dla niekt\u00f3rych nocy, przyszed\u0142 deszczowy poranek. Na ca\u0142e szcz\u0119\u015bcie nie pada\u0142o d\u0142ugo i wiatru te\u017c nie wyp\u0142uka\u0142o wi\u0119c g\u00f3rka jak najbardziej by\u0142a grana ;). Sz\u0142o nam raczej dobrze, tracili\u015bmy punkty jedynie na l\u0105dowaniach lub wcale. Co warto odnotowa\u0142, zarz\u0105dzono 7 kolejek lot\u00f3w ze wzgl\u0119du na kiepsk\u0105 prognoz\u0119 pogody w niedziel\u0119. Wylatanie tego nie stanowi\u0142o problemu i po kolejkach jeszcze troch\u0119 korzystali\u015bmy z okazji do polatania za darmo ;).<\/p>\n<p>Popo\u0142udnie w Pi\u0144czowie wygl\u0105da\u0142o tak jak w poprzednich latach i tak jak lubimy &#8211; obiadek w barze na rogu, potem le\u017cing, flying albo fishing, co kto chcia\u0142 :). Areq z Ma\u0142kiem z Kielc uskuteczniali Combat (2:2 ;)), Mario zapada\u0142 si\u0119 w mule rzecznym itd ;). Wieczorem grane by\u0142y butelki i grill :).<\/p>\n<p>&nbsp;<\/p>\n<p><strong>Niedziela 11 Maja<\/strong><\/p>\n<p>Zapowiedzi lipnej pogody na ten dzie\u0144 nie sprawdzi\u0142y si\u0119 do ko\u0144ca, i dobrze ;). Owszem troch\u0119 kropi\u0142o z rana i wiatr momentami by\u0142 s\u0142abszy, ale dzi\u0119ki temu drugi dzie\u0144 zawod\u00f3w by\u0142 odrobin\u0119 ciekawszy. \u017beby wyl\u0105dowa\u0142 w kole, czasem trzeba by\u0142o si\u0119 wi\u0119cej napoci\u0142 albo uderzy\u0142 z prostej, bez zapasu wysoko\u015bci. Niekt\u00f3rym zdarza\u0142o si\u0119 spa\u015b\u0142, kilka drobnych kolizji r\u00f3wnie\u017c mia\u0142o miejsce. Z naszej ekipy najwi\u0119ksze k\u0142opoty mia\u0142 Mario &#8211; serwo w lotce odm\u00f3wi\u0142o pos\u0142ugi :\/. Pierwotnie tego dnia mia\u0142y by\u0142 rozegrane jedynie 3 kolejki lot\u00f3w, ale gdy ka\u017cdy ju\u017c to wylata\u0142, wyd\u0142u\u017cono rund\u0119 do tradycyjnych 5 lot\u00f3w ze wzgl\u0119du na dobre warunki. W sumie wi\u0119c wylatali\u015bmy 12 kolejek w dwa dni :). W ostatecznej klasyfikacji wysz\u0142o to nawet nie\u017ale, aczkolwiek zwyci\u0119stwo posz\u0142o w r\u0119ce Kamila &#8211; go\u015bcia z modelarni prowadzonej przez Wojtka. Sam mistrz by\u0142 za swoim uczniem, trzecie miejsce przypad\u0142o Ma\u0142kowi Wawrzyckiemu z Kielc, a 4 miejsca ex aequo ugrali Areq oraz Adrian \u017bak. Mario z powodu awarii tym razem 6 miejsce.<\/p>\n<p>Podsumowanie b\u0119dzie bardzo podobne do tych z poprzednich lat. Znowu zaliczyli\u015bmy fajne zawody, w gronie znajomych po\u0142\u0105czone z weekendowym wypoczynkiem w ma\u0142ym miasteczku w G\u00f3rach \u015awi\u0119tokrzyskich. Zawsze lubimy tam wraca\u0142 i pewnie b\u0119dziemy tak d\u0142ugo, jak b\u0119dzie to mo\u017cliwe. Kolejny cel to pewnie wakacyjny trip na Bliski Wsch\u00f3d \ud83d\ude42<\/p>\n<p>&nbsp;<\/p>\n<p>pisa\u0142 Areq<\/p>\n","protected":false},"excerpt":{"rendered":"<p>Pi\u0105tek 09 Maja W\u0142a\u015bciwie ta relacja powinna rozpoczyna\u0142 si\u0119 od czwartku bo zar\u00f3wno ekipa Wojtka jak i Mario oraz Adrian z Gorzyc siedzieli tam ju\u017c dzie\u0144 wcze\u015bniej. W pi\u0105tek, p\u00f3\u017anym popo\u0142udniem dojecha\u0142 tak\u017ce Areq oraz Yoseph na dw\u00f3ch k\u00f3\u0142kach w celach bardziej towarzyskich ni\u017c zawodniczych ;). Ekipa czwartkowa tego dnia zd\u0105\u017cy\u0142a jeszcze troch\u0119 polata\u0142 na [&hellip;]<\/p>\n","protected":false},"author":1,"featured_media":0,"parent":6005,"menu_order":0,"comment_status":"closed","ping_status":"closed","template":"","meta":{"_crdt_document":"","ngg_post_thumbnail":0,"footnotes":""},"class_list":["post-6054","page","type-page","status-publish","hentry"],"_links":{"self":[{"href":"https:\/\/zonk-team.pl\/index.php?rest_route=\/wp\/v2\/pages\/6054","targetHints":{"allow":["GET"]}}],"collection":[{"href":"https:\/\/zonk-team.pl\/index.php?rest_route=\/wp\/v2\/pages"}],"about":[{"href":"https:\/\/zonk-team.pl\/index.php?rest_route=\/wp\/v2\/types\/page"}],"author":[{"embeddable":true,"href":"https:\/\/zonk-team.pl\/index.php?rest_route=\/wp\/v2\/users\/1"}],"replies":[{"embeddable":true,"href":"https:\/\/zonk-team.pl\/index.php?rest_route=%2Fwp%2Fv2%2Fcomments&post=6054"}],"version-history":[{"count":1,"href":"https:\/\/zonk-team.pl\/index.php?rest_route=\/wp\/v2\/pages\/6054\/revisions"}],"predecessor-version":[{"id":6055,"href":"https:\/\/zonk-team.pl\/index.php?rest_route=\/wp\/v2\/pages\/6054\/revisions\/6055"}],"up":[{"embeddable":true,"href":"https:\/\/zonk-team.pl\/index.php?rest_route=\/wp\/v2\/pages\/6005"}],"wp:attachment":[{"href":"https:\/\/zonk-team.pl\/index.php?rest_route=%2Fwp%2Fv2%2Fmedia&parent=6054"}],"curies":[{"name":"wp","href":"https:\/\/api.w.org\/{rel}","templated":true}]}}