{"id":6548,"date":"2015-05-31T22:09:23","date_gmt":"2015-05-31T21:09:23","guid":{"rendered":"http:\/\/zonk-team.pl\/?page_id=6548"},"modified":"2015-05-31T23:00:38","modified_gmt":"2015-05-31T22:00:38","slug":"zawody-2015","status":"publish","type":"page","link":"https:\/\/zonk-team.pl\/?page_id=6548","title":{"rendered":"Zawody 2015"},"content":{"rendered":"<p><strong><a href=\"https:\/\/zonk-team.pl\/?page_id=6558\">Zawody F3J Mini Pi\u0144cz\u00f3w<\/a><\/strong><\/p>\n<p>Jak zwykle nasz sezon wypadowy rozpoczyna si\u0119 od zawod\u00f3w w Pi\u0144czowie&#8230;<\/p>\n","protected":false},"excerpt":{"rendered":"<p>Zawody F3J Mini Pi\u0144cz\u00f3w Jak zwykle nasz sezon wypadowy rozpoczyna si\u0119 od zawod\u00f3w w Pi\u0144czowie&#8230;<\/p>\n","protected":false},"author":1,"featured_media":0,"parent":3576,"menu_order":0,"comment_status":"closed","ping_status":"closed","template":"","meta":{"_crdt_document":"","ngg_post_thumbnail":0,"footnotes":""},"class_list":["post-6548","page","type-page","status-publish","hentry"],"_links":{"self":[{"href":"https:\/\/zonk-team.pl\/index.php?rest_route=\/wp\/v2\/pages\/6548","targetHints":{"allow":["GET"]}}],"collection":[{"href":"https:\/\/zonk-team.pl\/index.php?rest_route=\/wp\/v2\/pages"}],"about":[{"href":"https:\/\/zonk-team.pl\/index.php?rest_route=\/wp\/v2\/types\/page"}],"author":[{"embeddable":true,"href":"https:\/\/zonk-team.pl\/index.php?rest_route=\/wp\/v2\/users\/1"}],"replies":[{"embeddable":true,"href":"https:\/\/zonk-team.pl\/index.php?rest_route=%2Fwp%2Fv2%2Fcomments&post=6548"}],"version-history":[{"count":4,"href":"https:\/\/zonk-team.pl\/index.php?rest_route=\/wp\/v2\/pages\/6548\/revisions"}],"predecessor-version":[{"id":6562,"href":"https:\/\/zonk-team.pl\/index.php?rest_route=\/wp\/v2\/pages\/6548\/revisions\/6562"}],"up":[{"embeddable":true,"href":"https:\/\/zonk-team.pl\/index.php?rest_route=\/wp\/v2\/pages\/3576"}],"wp:attachment":[{"href":"https:\/\/zonk-team.pl\/index.php?rest_route=%2Fwp%2Fv2%2Fmedia&parent=6548"}],"curies":[{"name":"wp","href":"https:\/\/api.w.org\/{rel}","templated":true}]}}