{"id":7469,"date":"2016-07-08T22:26:06","date_gmt":"2016-07-08T21:26:06","guid":{"rendered":"http:\/\/zonk-team.pl\/?page_id=7469"},"modified":"2016-10-20T23:17:27","modified_gmt":"2016-10-20T22:17:27","slug":"zawody-2016","status":"publish","type":"page","link":"https:\/\/zonk-team.pl\/?page_id=7469","title":{"rendered":"Zawody 2016"},"content":{"rendered":"<p><span style=\"text-decoration: underline;\"><strong><a href=\"https:\/\/zonk-team.pl\/?page_id=7472\">Puchar Polski F3J Mielec<\/a><\/strong><\/span><\/p>\n<p>Relacja Kamila &#8211; pomocnika Mariusza z zawod\u00f3w F3J w Mielcu&#8230;<\/p>\n<p>&nbsp;<\/p>\n<p><strong><a href=\"https:\/\/zonk-team.pl\/?page_id=7653\">Zawody F3JMini Pi\u0144cz\u00f3w jesie\u0144 2016<\/a><\/strong><\/p>\n<p>Jesienna edycja zawod\u00f3w w Pi\u0144czowie okiem Wojtka&#8230;<\/p>\n<p>&nbsp;<\/p>\n","protected":false},"excerpt":{"rendered":"<p>Puchar Polski F3J Mielec Relacja Kamila &#8211; pomocnika Mariusza z zawod\u00f3w F3J w Mielcu&#8230; &nbsp; Zawody F3JMini Pi\u0144cz\u00f3w jesie\u0144 2016 Jesienna edycja zawod\u00f3w w Pi\u0144czowie okiem Wojtka&#8230; &nbsp;<\/p>\n","protected":false},"author":1,"featured_media":0,"parent":3576,"menu_order":0,"comment_status":"closed","ping_status":"closed","template":"","meta":{"_crdt_document":"","ngg_post_thumbnail":0,"footnotes":""},"class_list":["post-7469","page","type-page","status-publish","hentry"],"_links":{"self":[{"href":"https:\/\/zonk-team.pl\/index.php?rest_route=\/wp\/v2\/pages\/7469","targetHints":{"allow":["GET"]}}],"collection":[{"href":"https:\/\/zonk-team.pl\/index.php?rest_route=\/wp\/v2\/pages"}],"about":[{"href":"https:\/\/zonk-team.pl\/index.php?rest_route=\/wp\/v2\/types\/page"}],"author":[{"embeddable":true,"href":"https:\/\/zonk-team.pl\/index.php?rest_route=\/wp\/v2\/users\/1"}],"replies":[{"embeddable":true,"href":"https:\/\/zonk-team.pl\/index.php?rest_route=%2Fwp%2Fv2%2Fcomments&post=7469"}],"version-history":[{"count":4,"href":"https:\/\/zonk-team.pl\/index.php?rest_route=\/wp\/v2\/pages\/7469\/revisions"}],"predecessor-version":[{"id":7656,"href":"https:\/\/zonk-team.pl\/index.php?rest_route=\/wp\/v2\/pages\/7469\/revisions\/7656"}],"up":[{"embeddable":true,"href":"https:\/\/zonk-team.pl\/index.php?rest_route=\/wp\/v2\/pages\/3576"}],"wp:attachment":[{"href":"https:\/\/zonk-team.pl\/index.php?rest_route=%2Fwp%2Fv2%2Fmedia&parent=7469"}],"curies":[{"name":"wp","href":"https:\/\/api.w.org\/{rel}","templated":true}]}}