{"id":7472,"date":"2016-07-08T22:32:17","date_gmt":"2016-07-08T21:32:17","guid":{"rendered":"http:\/\/zonk-team.pl\/?page_id=7472"},"modified":"2016-07-08T22:38:36","modified_gmt":"2016-07-08T21:38:36","slug":"puchar-polski-f3j-mielec","status":"publish","type":"page","link":"https:\/\/zonk-team.pl\/?page_id=7472","title":{"rendered":"Puchar Polski F3J Mielec"},"content":{"rendered":"<p>O godzinie 7:00 do Turbii przyjecha\u0142 po mnie Mariusz(Mario). Spakowali\u015bmy wyci\u0105garki, akumulatory i wyruszyli\u015bmy. Droga by\u0142a ca\u0142kiem w porz\u0105dku i oko\u0142o godziny 9 byli\u015bmy ju\u017c na miejscu. Pogoda zapowiada\u0142a si\u0119 super bo ju\u017c o 9 rano by\u0142o strasznie gor\u0105co i wia\u0142 lekki wiaterek. Na pocz\u0105tku by\u0142 problem z ustawieniem startu poniewa\u017c strasznie kr\u0119ci\u0142o wiatrem, lecz ustalili\u015bmy si\u0119 tak, \u017ce lekki boczny wiatr nie przeszkadza\u0142 i zawody mog\u0142y si\u0119 rozpocz\u0105\u0107. W zawodach wystartowa\u0142o w sumie 5 zawodnik\u00f3w, a Mariusz dawa\u0142 z siebie wszystko chocia\u017c zawodnicy posiadali lepszy sprz\u0119t, nie poddawali\u015bmy si\u0119. Faworytem tych zawod\u00f3w by\u0142 Wojciech Byrski kt\u00f3ry lata\u0142 Jantarem F3J lecz w ostatnim locie fina\u0142owym po wcze\u015bniejszej lekkiej kraksie z innym zawodnikiem odezwa\u0142o si\u0119 mikro p\u0119kni\u0119cie kad\u0142uba, kt\u00f3ry nie wytrzyma\u0142 przeci\u0105\u017ce\u0144 na holu i p\u0119k\u0142, co zako\u0144czy\u0142o si\u0119 doszcz\u0119tnym zniszczeniem modelu. Ta sytuacja zaowocowa\u0142a awansem Mariusza na 1 miejsce. Ca\u0142e zawody zako\u0144czyli\u015bmy pysznym obiadem w agroturystyce znajduj\u0105cej si\u0119 obok lotniska. I ko\u0142o godziny 16 byli\u015bmy ju\u017c w domu.<\/p>\n<p>Relacj\u0119 pisa\u0142 Kamil Koszyczek.<\/p>\n","protected":false},"excerpt":{"rendered":"<p>O godzinie 7:00 do Turbii przyjecha\u0142 po mnie Mariusz(Mario). Spakowali\u015bmy wyci\u0105garki, akumulatory i wyruszyli\u015bmy. Droga by\u0142a ca\u0142kiem w porz\u0105dku i oko\u0142o godziny 9 byli\u015bmy ju\u017c na miejscu. Pogoda zapowiada\u0142a si\u0119 super bo ju\u017c o 9 rano by\u0142o strasznie gor\u0105co i wia\u0142 lekki wiaterek. Na pocz\u0105tku by\u0142 problem z ustawieniem startu poniewa\u017c strasznie kr\u0119ci\u0142o wiatrem, lecz [&hellip;]<\/p>\n","protected":false},"author":1,"featured_media":0,"parent":7469,"menu_order":0,"comment_status":"closed","ping_status":"closed","template":"","meta":{"_crdt_document":"","ngg_post_thumbnail":0,"footnotes":""},"class_list":["post-7472","page","type-page","status-publish","hentry"],"_links":{"self":[{"href":"https:\/\/zonk-team.pl\/index.php?rest_route=\/wp\/v2\/pages\/7472","targetHints":{"allow":["GET"]}}],"collection":[{"href":"https:\/\/zonk-team.pl\/index.php?rest_route=\/wp\/v2\/pages"}],"about":[{"href":"https:\/\/zonk-team.pl\/index.php?rest_route=\/wp\/v2\/types\/page"}],"author":[{"embeddable":true,"href":"https:\/\/zonk-team.pl\/index.php?rest_route=\/wp\/v2\/users\/1"}],"replies":[{"embeddable":true,"href":"https:\/\/zonk-team.pl\/index.php?rest_route=%2Fwp%2Fv2%2Fcomments&post=7472"}],"version-history":[{"count":3,"href":"https:\/\/zonk-team.pl\/index.php?rest_route=\/wp\/v2\/pages\/7472\/revisions"}],"predecessor-version":[{"id":7478,"href":"https:\/\/zonk-team.pl\/index.php?rest_route=\/wp\/v2\/pages\/7472\/revisions\/7478"}],"up":[{"embeddable":true,"href":"https:\/\/zonk-team.pl\/index.php?rest_route=\/wp\/v2\/pages\/7469"}],"wp:attachment":[{"href":"https:\/\/zonk-team.pl\/index.php?rest_route=%2Fwp%2Fv2%2Fmedia&parent=7472"}],"curies":[{"name":"wp","href":"https:\/\/api.w.org\/{rel}","templated":true}]}}