{"id":8517,"date":"2017-10-02T21:59:39","date_gmt":"2017-10-02T20:59:39","guid":{"rendered":"http:\/\/zonk-team.pl\/?page_id=8517"},"modified":"2025-11-01T22:30:02","modified_gmt":"2025-11-01T21:30:02","slug":"2017-09-22-24-zawody-f3jm-pinczow-jesien","status":"publish","type":"page","link":"https:\/\/zonk-team.pl\/?page_id=8517","title":{"rendered":"2017.09.22-24 &#8211; Zawody &#8211; F3JM Pi\u0144cz\u00f3w jesie\u0144"},"content":{"rendered":"ngg_shortcode_0_placeholder\n","protected":false},"excerpt":{"rendered":"","protected":false},"author":1,"featured_media":0,"parent":1718,"menu_order":0,"comment_status":"closed","ping_status":"closed","template":"","meta":{"_crdt_document":"","ngg_post_thumbnail":0,"footnotes":""},"class_list":["post-8517","page","type-page","status-publish","hentry"],"_links":{"self":[{"href":"https:\/\/zonk-team.pl\/index.php?rest_route=\/wp\/v2\/pages\/8517","targetHints":{"allow":["GET"]}}],"collection":[{"href":"https:\/\/zonk-team.pl\/index.php?rest_route=\/wp\/v2\/pages"}],"about":[{"href":"https:\/\/zonk-team.pl\/index.php?rest_route=\/wp\/v2\/types\/page"}],"author":[{"embeddable":true,"href":"https:\/\/zonk-team.pl\/index.php?rest_route=\/wp\/v2\/users\/1"}],"replies":[{"embeddable":true,"href":"https:\/\/zonk-team.pl\/index.php?rest_route=%2Fwp%2Fv2%2Fcomments&post=8517"}],"version-history":[{"count":1,"href":"https:\/\/zonk-team.pl\/index.php?rest_route=\/wp\/v2\/pages\/8517\/revisions"}],"predecessor-version":[{"id":21307,"href":"https:\/\/zonk-team.pl\/index.php?rest_route=\/wp\/v2\/pages\/8517\/revisions\/21307"}],"up":[{"embeddable":true,"href":"https:\/\/zonk-team.pl\/index.php?rest_route=\/wp\/v2\/pages\/1718"}],"wp:attachment":[{"href":"https:\/\/zonk-team.pl\/index.php?rest_route=%2Fwp%2Fv2%2Fmedia&parent=8517"}],"curies":[{"name":"wp","href":"https:\/\/api.w.org\/{rel}","templated":true}]}}