{"id":8527,"date":"2017-10-02T23:24:23","date_gmt":"2017-10-02T22:24:23","guid":{"rendered":"http:\/\/zonk-team.pl\/?page_id=8527"},"modified":"2017-10-02T23:33:38","modified_gmt":"2017-10-02T22:33:38","slug":"zawody-f3jmini-pinczow-edycja-jesienna","status":"publish","type":"page","link":"https:\/\/zonk-team.pl\/?page_id=8527","title":{"rendered":"Zawody F3JMini Pi\u0144cz\u00f3w edycja jesienna"},"content":{"rendered":"<p>Te zawody to ju\u017c mocna tradycja w naszym kalendarzu, oboj\u0119tnie czy w wersji majowej czy wrze\u015bniowej zawsze kto\u015b od nas tam jest. Tym razem by\u0142 Mario, Arek i troch\u0119 Wojtek + jego szeroka ekipa z modelarni Zaleszany \ud83d\ude42<\/p>\n<p><strong>Pi\u0105tek 22 Wrze\u015bnia<\/strong><\/p>\n<p>Ok, powy\u017cej powinno by\u0107 &#8222;\u015aroda, 20 Wrze\u015bnia&#8221; bo od jakiego\u015b czasu Wojtek i czasem Mario plus paru wariat\u00f3w jad\u0105 do Pi\u0144czowa ju\u017c w \u015brod\u0119 'just for fun&#8217;, ale tym razem skupi\u0119 si\u0119 na standardowej cz\u0119\u015bci tematu, a nazwijmy to treningi przed zawodami niech opisz\u0105 fotki w galerii \ud83d\ude42 .&nbsp;<\/p>\n<p>Zatem, w pi\u0105tek troch\u0119 po po\u0142udniu do ekipy, kt\u00f3ra wykorzystywa\u0142a pi\u0105tkowe okno pogodowe do\u0142\u0105czy\u0142 Arek wraz z Kamilem Stanem. Ch\u0142opaki wpadli prosto z Warszawy na zbocze i korzystaj\u0105c z okazji r\u00f3wnie\u017c chcieli potrenowa\u0107. Modele posk\u0142adane albo w trakcie sk\u0142adania, a w mi\u0119dzyczasie posz\u0142a w ruch troch\u0119 wi\u0119ksza maszyna i sta\u0142o si\u0119 to (uwaga, teksty +18! \ud83d\ude00 ):<\/p>\n<p><iframe loading=\"lazy\" title=\"F3B ESO kontra dwumetr\u00f3wka :D nooo bywa i tak :P\" width=\"627\" height=\"353\" src=\"https:\/\/www.youtube.com\/embed\/G9OJVXdL_2E?feature=oembed\" frameborder=\"0\" allow=\"accelerometer; autoplay; clipboard-write; encrypted-media; gyroscope; picture-in-picture; web-share\" referrerpolicy=\"strict-origin-when-cross-origin\" allowfullscreen><\/iframe><\/p>\n<p>P\u00f3\u017aniej ju\u017c bez wi\u0119kszych eksces\u00f3w, polatali\u015bmy troch\u0119 z silnikiem, troch\u0119 z wi\u0119ksz\u0105 rozpi\u0119to\u015bci\u0105 i tak a\u017c do g\u0142\u0119bszego popo\u0142udnia. Dalej typowo &#8211; obiad w kwadransie, meldujemy si\u0119 w szkole (znowu mogli\u015bmy spa\u0107 na sali gimnastycznej, a baletowa\u0107 na sto\u0142\u00f3wce, jupiii \ud83d\ude00 ), robimy zakupy i &#8222;wymiana do\u015bwiadcze\u0144&#8221; leci w najlepsze. P\u00f3\u017anym popo\u0142udniem dotar\u0142 Mario oraz ekipa z Kielc &#8211; Maciek i Karol, wiecz\u00f3r by\u0142 taki jak mia\u0142 by\u0107 &#8211; pi\u0144czowsko-epicki, jak zawsze \ud83d\ude42<\/p>\n<p><strong>Sobota 23 Wrze\u015bnia<\/strong><\/p>\n<p>Dawno takiej soboty nie by\u0142o na zawodach. Pogoda i\u015bcie barowa &#8211; zero wiatru, co troch\u0119 przelotny deszcz. Do 12:00 jeszcze mo\u017ce kto\u015b my\u015bla\u0142 o lataniu, ale potem by\u0142o ju\u017c jasne, \u017ce 'w kimono uderzy\u0107 mo\u017cna&#8217; albo rozpocz\u0105\u0107 chmielow\u0105 przygod\u0119 po raz kolejny \ud83d\ude00 . M\u0142odzie\u017c jeszcze mia\u0142a odrobin\u0119 weny i posz\u0142a na lotnisko troch\u0119 polata\u0107, ale nie my stare dziady \ud83d\ude00 . Na zako\u0144czenie relacji z tego dnia mo\u017cna doda\u0107, \u017ce do wieczornych wymian do\u015bwiadczalnych dorzucili\u015bmy ogl\u0105danie co ciekawszych film\u00f3w lotniczo-modelarskich na YT dla pozostania w odpowiednim klimacie.<\/p>\n<p><strong>Niedziela 24 Wrze\u015bnia<\/strong><\/p>\n<p>Drugi dzie\u0144 zawod\u00f3w okaza\u0142 si\u0119 by\u0107 odrobin\u0119 lepszy od pierwszego. Co prawda nie wia\u0142o prawie wcale, ale nie mia\u0142o si\u0119 te\u017c na deszcz. By\u0142o troch\u0119 czajenia si\u0119 co i jak robimy, ale ostatecznie po 12:00 byli\u015bmy na g\u00f3rce (tej wi\u0119kszej) i do wylatania by\u0142o 5 kolejek, jak zwykle z maxem 5 minut + ewentualne 50 pkt za l\u0105dowanie. Z naszego rdzennego teamu zosta\u0142 tylko Arek i Mariusz, Wojtek musia\u0142 ucieka\u0107 w sobot\u0119 rano do swoich spraw \ud83d\ude09 . Samo latanie wygl\u0105da\u0142o g\u0142\u00f3wnie jako pr\u00f3ba utrzymania si\u0119 w powietrzu jak najd\u0142u\u017cej z l\u0105dowaniem daleko na dole + wycieczka krajo-b\u0142oto-znawcza w gratisie. Warto zaznaczy\u0107, \u017ce kilku zawodnik\u00f3w trafi\u0142o bardzo kr\u00f3tki warun, gdzie wylatali pe\u0142ne 5 minut i mogli wyl\u0105dowa\u0107 na g\u00f3rze, jak ludzie \ud83d\ude00 . Kto mia\u0142 mniej szcz\u0119\u015bcia, mia\u0142 wi\u0119cej w nogach lub korzysta\u0142 z tzw. samopomocy ch\u0142opskiej i liczy\u0142 na podrzutk\u0119 modelu od innego zawodnika \ud83d\ude42 .&nbsp;<\/p>\n<p>Tu\u017c po powrocie do bazy, zacz\u0105\u0142 pada\u0107 deszcz. W tym czasie nast\u0105pi\u0142o og\u0142oszenie wynik\u00f3w i rozdanie nagr\u00f3d. Zawody wygra\u0142 Kamil Koszyczek z modelarni Zaleszany (prowadzonej przez Wojtka), drugi by\u0142 nasz stary druh &#8211; Rafa\u0142 Po\u0142owniak, a trzeci Grzesiek Kunicki. Z naszego teamu Arek by\u0142 czwarty, a Mariusz si\u00f3dmy (zrobi\u0142 tylko 2 loty). W juniorach wygra\u0142 Kamil Jaskowski przed Wojtkiem Kieliszkiem i Kub\u0105 Mokrzakiem.<\/p>\n<p>Tym sposobem zawody w Pi\u0144czowie w edycji jesiennej przechodz\u0105 do historii, a my czekamy na przysz\u0142oroczn\u0105 edycj\u0119 wiosenn\u0105 z mam nadziej\u0119 lepsz\u0105 aur\u0105 i jeszcze wi\u0119ksz\u0105 frekwencj\u0105 \ud83d\ude42<\/p>\n<p>&nbsp;<\/p>\n<p>pisa\u0142 Arek<\/p>\n","protected":false},"excerpt":{"rendered":"<p>Te zawody to ju\u017c mocna tradycja w naszym kalendarzu, oboj\u0119tnie czy w wersji majowej czy wrze\u015bniowej zawsze kto\u015b od nas tam jest. Tym razem by\u0142 Mario, Arek i troch\u0119 Wojtek + jego szeroka ekipa z modelarni Zaleszany \ud83d\ude42 Pi\u0105tek 22 Wrze\u015bnia Ok, powy\u017cej powinno by\u0107 &#8222;\u015aroda, 20 Wrze\u015bnia&#8221; bo od jakiego\u015b czasu Wojtek i czasem [&hellip;]<\/p>\n","protected":false},"author":1,"featured_media":0,"parent":8521,"menu_order":0,"comment_status":"closed","ping_status":"closed","template":"","meta":{"_crdt_document":"","ngg_post_thumbnail":0,"footnotes":""},"class_list":["post-8527","page","type-page","status-publish","hentry"],"_links":{"self":[{"href":"https:\/\/zonk-team.pl\/index.php?rest_route=\/wp\/v2\/pages\/8527","targetHints":{"allow":["GET"]}}],"collection":[{"href":"https:\/\/zonk-team.pl\/index.php?rest_route=\/wp\/v2\/pages"}],"about":[{"href":"https:\/\/zonk-team.pl\/index.php?rest_route=\/wp\/v2\/types\/page"}],"author":[{"embeddable":true,"href":"https:\/\/zonk-team.pl\/index.php?rest_route=\/wp\/v2\/users\/1"}],"replies":[{"embeddable":true,"href":"https:\/\/zonk-team.pl\/index.php?rest_route=%2Fwp%2Fv2%2Fcomments&post=8527"}],"version-history":[{"count":3,"href":"https:\/\/zonk-team.pl\/index.php?rest_route=\/wp\/v2\/pages\/8527\/revisions"}],"predecessor-version":[{"id":8531,"href":"https:\/\/zonk-team.pl\/index.php?rest_route=\/wp\/v2\/pages\/8527\/revisions\/8531"}],"up":[{"embeddable":true,"href":"https:\/\/zonk-team.pl\/index.php?rest_route=\/wp\/v2\/pages\/8521"}],"wp:attachment":[{"href":"https:\/\/zonk-team.pl\/index.php?rest_route=%2Fwp%2Fv2%2Fmedia&parent=8527"}],"curies":[{"name":"wp","href":"https:\/\/api.w.org\/{rel}","templated":true}]}}