{"id":8627,"date":"2017-10-12T23:54:41","date_gmt":"2017-10-12T22:54:41","guid":{"rendered":"http:\/\/zonk-team.pl\/?page_id=8627"},"modified":"2017-10-13T00:11:10","modified_gmt":"2017-10-12T23:11:10","slug":"2017-10-01-zawody-vento","status":"publish","type":"page","link":"https:\/\/zonk-team.pl\/?page_id=8627","title":{"rendered":"2017.10.01 &#8211; Zawody Vento"},"content":{"rendered":"<p>Temat jednodniowy wi\u0119c bez balet\u00f3w, ale te\u017c bez pakowania mand\u017cura na ca\u0142y weekend, a mimo to zawsze bardzo mi\u0142o jedzie si\u0119 do Grze\u015bka i sp\u00f3\u0142ki&nbsp; (Aeroklubu Lubelskiego i ichniejszej Sekcji Modelarskiej). Kiedy\u015b sta\u0142ym punktem sezonu by\u0142y tam zawody mini\u00f3wek, teraz z kolei ciekawie rozwija si\u0119 temat klasy jednego modelu &#8211; piankowego motoszybowca Vento. Relatywnie niedrogi model, z ca\u0142kiem dobrymi ficzerami lotno\u015bci \ud83d\ude00 + ultra-prosty regulamin zawod\u00f3w (raczej do czasu, o czym za chwil\u0119) i mamy gotowy przepis na \u015bwietnie zagospodarowan\u0105 niedziel\u0119 :).&nbsp;<\/p>\n<p>Poniewa\u017c wcze\u015bniej na naszych presti\u017cowych \u0142amach nie by\u0142o za wiele pisane o tego typu zawodach (a odby\u0142y si\u0119 ju\u017c 4 edycje), kilka s\u0142\u00f3w o tym ultra-easy regulaminie \ud83d\ude42 .<br \/>\nZatem, aby wystartowa\u0107 w zawodach Vento musisz:<\/p>\n<ol>\n<li>Mie\u0107 dowoln\u0105 liczb\u0119 lat na karku<\/li>\n<li>Mie\u0107 Vento &#8211; czyli oryginalny <strong>p\u0142atowiec<\/strong> firmy RMS<\/li>\n<li>Mie\u0107 w \u015brodku graty dowolnego producenta, w dowolnej ilo\u015bci itd<\/li>\n<li>Umie\u0107 to wszystko zebra\u0107 do kupy i wystartowa\u0107 razem z pozosta\u0142ymi w przeci\u0105gu 1 minuty<\/li>\n<li>Wylata\u0107 jak najwi\u0119cej sekund, minut, godzin&#8230;jak spadniesz ostatni to wygrasz, aleeeee&#8230;<\/li>\n<li>&#8230;musisz wyl\u0105dowa\u0107 w prostok\u0105cie co\u015b oko\u0142o \u0107wier\u0107 boiska do pi\u0142ki no\u017cnej (chyba 25&#215;25 m)<\/li>\n<\/ol>\n<p>A jak to wygl\u0105da\u0142o w naszej praktyce? Vento od zesz\u0142ego roku mia\u0142 Arek i Wojtek, a pod k\u0105tem tych zawod\u00f3w da\u0142 si\u0119 nam\u00f3wi\u0107 jeszcze Mario \ud83d\ude42 . Opr\u00f3cz tego model w noc przed zawodami ko\u0144czy\u0142 jeszcze Rafa\u0142 \ud83d\ude00 . Same zawody by\u0142y w atmosferze piknikowej, na \u015bwie\u017co skoszonej trawce niczym murawa Stadionu Narodowego \ud83d\ude42 . Do tego \u015bwieci\u0142o eleganckie s\u0142oneczko, odczuwalnie wia\u0142o&#8230; polska z\u0142ota jesie\u0144 \ud83d\ude42 . Po og\u00f3lnym starcie, kt\u00f3ry wygl\u0105da\u0142 tak:<\/p>\n<p><iframe loading=\"lazy\" style=\"border: none; overflow: hidden;\" src=\"https:\/\/www.facebook.com\/plugins\/video.php?href=https%3A%2F%2Fwww.facebook.com%2Fradawiecrc%2Fvideos%2F1753136031376955%2F&amp;show_text=0&amp;width=560\" width=\"560\" height=\"315\" frameborder=\"0\" scrolling=\"no\" allowfullscreen=\"allowfullscreen\"><\/iframe><\/p>\n<p>zacz\u0119\u0142o si\u0119 szukanie s\u0142abej tego dnia termiki, przy jednoczesnym oszcz\u0119dzaniu zasob\u00f3w pr\u0105du rzecz jasna \ud83d\ude42 . Pe\u0142nego pola manewru by\u0142o w\u0142a\u015bciwie 3 strony \u015awiata i czwartej tak z 200 m w g\u0142\u0105b lotniska wi\u0119c taktyk by\u0142o praktycznie tyle, ilu pilot\u00f3w. Pierwszy zawodnik wyl\u0105dowa\u0142 po oko\u0142o 30 minutach, potem by\u0142 crash Maksia z powodu niedokr\u0119conego bagnetu skrzyde\u0142 \ud83d\ude42 . Kolejni spadali gdzie\u015b do 60 minuty, a potem lata\u0142 ju\u017c tylko Wojtek i Mario&#8230;<\/p>\n<p>&#8230; po kolejnych 30 minutach obaj nadal w powietrzu&#8230;<\/p>\n<p>&#8230; po kolejnych 30 sytuacja bez zmian, reszta z nud\u00f3w ju\u017c rozpala ognisko na kie\u0142baski&#8230;dodatkowo o\u017cywa dyskusja nad doprecyzowaniem regulaminu je\u015bli zawody mia\u0142yby by\u0107 rozegrane latem przysz\u0142ego roku. Najwi\u0119ksze poparcie ma opcja: 50g wody ognistej co 10 minut dla ka\u017cdego pilota lataj\u0105cego powy\u017cej 1 godziny&#8230;<\/p>\n<p>&#8230; wreszcie 127 minuta &#8211; Wojtek l\u0105duje, Mario wygrywa \ud83d\ude42<\/p>\n<p>Og\u00f3\u0142em natomiast wystartowa\u0142o 9 zawodnik\u00f3w, wygra\u0142 Mario z czasem 128 minut, Wojtek &#8211; 127 minut, a trzeci by\u0142 Arek &#8211; 52 minuty. Tutaj ma\u0142a dygresja &#8211; lepszy czas mia\u0142 Janusz \u017bak &#8211;&nbsp; 60 minut, ale wylatanie baterii naprawd\u0119 do ko\u0144ca nie pozwoli\u0142o na sterowanie modelem tu\u017c przed l\u0105dowaniem i w efekcie lot nie zosta\u0142 zaliczony. Druga ciekawostka &#8211; czas Arka to najlepszy wynik w\u015br\u00f3d os\u00f3b, kt\u00f3re u\u017cywa\u0142y pojedynczego pakietu &#8211; wszyscy powy\u017cej dowa\u017cali modele pr\u0105dem \ud83d\ude00 .<\/p>\n<p>Te zawody maj\u0105 jeszcze jeden fajny aspekt &#8211; opr\u00f3cz dyplom\u00f3w by\u0142y te\u017c nagrody rzeczowe :). Ufundowali je&nbsp;RIKU MODELSPORT z Warszawy i sklep modelarski Majsterklepka z Lublina.<\/p>\n<p>&nbsp;Po cz\u0119\u015bci oficjalnej by\u0142o ognisko, kie\u0142baski i pogadanki :). Mamy nadziej\u0119, \u017ce idea zawod\u00f3w spodoba si\u0119 kolejnym modelarzom i na wiosn\u0119 liczba startuj\u0105cych b\u0119dzie ju\u017c dwucyfrowa &#8211; w ko\u0144cu wg. dystrybutora ten model sprzeda\u0142 si\u0119 ju\u017c w ilo\u015bci ponad 400 szt! Liczymy na godny challenge w przysz\u0142ym roku \ud83d\ude42<\/p>\n<p>&nbsp;<\/p>\n<p>pisa\u0142 Arek<\/p>\n","protected":false},"excerpt":{"rendered":"<p>Temat jednodniowy wi\u0119c bez balet\u00f3w, ale te\u017c bez pakowania mand\u017cura na ca\u0142y weekend, a mimo to zawsze bardzo mi\u0142o jedzie si\u0119 do Grze\u015bka i sp\u00f3\u0142ki&nbsp; (Aeroklubu Lubelskiego i ichniejszej Sekcji Modelarskiej). Kiedy\u015b sta\u0142ym punktem sezonu by\u0142y tam zawody mini\u00f3wek, teraz z kolei ciekawie rozwija si\u0119 temat klasy jednego modelu &#8211; piankowego motoszybowca Vento. Relatywnie niedrogi [&hellip;]<\/p>\n","protected":false},"author":1,"featured_media":0,"parent":8521,"menu_order":0,"comment_status":"closed","ping_status":"closed","template":"","meta":{"_crdt_document":"","ngg_post_thumbnail":0,"footnotes":""},"class_list":["post-8627","page","type-page","status-publish","hentry"],"_links":{"self":[{"href":"https:\/\/zonk-team.pl\/index.php?rest_route=\/wp\/v2\/pages\/8627","targetHints":{"allow":["GET"]}}],"collection":[{"href":"https:\/\/zonk-team.pl\/index.php?rest_route=\/wp\/v2\/pages"}],"about":[{"href":"https:\/\/zonk-team.pl\/index.php?rest_route=\/wp\/v2\/types\/page"}],"author":[{"embeddable":true,"href":"https:\/\/zonk-team.pl\/index.php?rest_route=\/wp\/v2\/users\/1"}],"replies":[{"embeddable":true,"href":"https:\/\/zonk-team.pl\/index.php?rest_route=%2Fwp%2Fv2%2Fcomments&post=8627"}],"version-history":[{"count":9,"href":"https:\/\/zonk-team.pl\/index.php?rest_route=\/wp\/v2\/pages\/8627\/revisions"}],"predecessor-version":[{"id":8638,"href":"https:\/\/zonk-team.pl\/index.php?rest_route=\/wp\/v2\/pages\/8627\/revisions\/8638"}],"up":[{"embeddable":true,"href":"https:\/\/zonk-team.pl\/index.php?rest_route=\/wp\/v2\/pages\/8521"}],"wp:attachment":[{"href":"https:\/\/zonk-team.pl\/index.php?rest_route=%2Fwp%2Fv2%2Fmedia&parent=8627"}],"curies":[{"name":"wp","href":"https:\/\/api.w.org\/{rel}","templated":true}]}}