{"id":9105,"date":"2018-07-11T23:08:19","date_gmt":"2018-07-11T22:08:19","guid":{"rendered":"http:\/\/zonk-team.pl\/?page_id=9105"},"modified":"2018-07-11T23:15:24","modified_gmt":"2018-07-11T22:15:24","slug":"ponidzie-summer-cup-2018-1","status":"publish","type":"page","link":"https:\/\/zonk-team.pl\/?page_id=9105","title":{"rendered":"Ponidzie Summer Cup 2018 #1"},"content":{"rendered":"<p>Przez d\u0142ugi czas nie dochodzi\u0142o do nas \u017cadne info kiedy odb\u0119dzie si\u0119 wiosenna edycja naszych ulubionych zawod\u00f3w w Pi\u0144czowie a\u017c nasta\u0142 kwiecie\u0144 i wsp\u00f3lnym wysi\u0142kiem postanowili\u015bmy zorganizowa\u0107 je sobie sami \ud83d\ude42<br \/>\nNie pami\u0119tam ju\u017c kto rzuci\u0142 ten pomys\u0142, ale ca\u0142o\u015b\u0107 rozegra\u0142a si\u0119 na grupie fejsbukowej i w przeci\u0105gu kilku wieczor\u00f3w uda\u0142o si\u0119 wym\u00f3\u017cd\u017cy\u0107 nazw\u0119, termin i par\u0119 temat\u00f3w odno\u015bnie zasad, jakie maj\u0105 panowa\u0107 na tych naszych zawodach \ud83d\ude09<br \/>\nSzczeg\u00f3\u0142y tych naszych regulacji poznali\u015bcie pewnie czytaj\u0105c informator, ale w skr\u00f3cie: wszystko co bez silnika o rozpi\u0119to\u015bci max 2m mog\u0142o lata\u0107. Potem dzi\u0119ki Magdzie zrobi\u0142o si\u0119 eleganckie logo naszych zawod\u00f3w i dyplomy, a Karol ogarn\u0105\u0142 koszulki i naklejki. J\u00f3zek i Mario przygotowali puchary. Ca\u0142o\u015b\u0107 mia\u0142a nawi\u0105zywa\u0107 do tradycji dotychczasowych zawod\u00f3w organizowanych przez Stefana Piotrowskiego, ale z nut\u0105 \u015bwie\u017co\u015bci i kilkoma uproszczeniami lub te\u017c utrudnieniami je\u015bli spojrze\u0107 na punktacj\u0119 przy l\u0105dowaniu \ud83d\ude00<br \/>\nDodatkowo, ten etap pokaza\u0142 nam ile r\u00f3\u017cnych dupereli i wi\u0119kszych rzeczy trzeba ogarn\u0105\u0107 chc\u0105c zorganizowa\u0107 sensownie zawody, nawet takie podw\u00f3rkowe dla znajomych.<\/p>\n<p><strong>Pi\u0105tek 29 Czerwca<\/strong><\/p>\n<p>Tym razem spanie uda\u0142o si\u0119 za\u0142atwi\u0107 w Aeroklubie &#8211; fajnie, bo jest miejsce do wieczornego latania. Troch\u0119 gorsza wiadomo\u015b\u0107 by\u0142a taka, \u017ce dopiero w pi\u0105tek mo\u017cna by\u0142o si\u0119 kwaterowa\u0107. Wi\u0119kszo\u015b\u0107 przyjecha\u0142a jeszcze przed po\u0142udniem i lata\u0142a na g\u00f3rce, a reszta zjecha\u0142a si\u0119 sukcesywnie a\u017c do wieczora kiedy dojecha\u0142 Kamil i Arek ze stolicy. Ten dzie\u0144 typowo by\u0142 zarezerwowany na wolne latanie i grill &amp; chill wieczorem \ud83d\ude09<\/p>\n<p><strong>Sobota 30 Czerwca<\/strong><\/p>\n<p>Jako\u015b tym razem ca\u0142e poranne zbieranie si\u0119 na g\u00f3rk\u0119 przeci\u0105gn\u0119\u0142o si\u0119 do oko\u0142o 11:00. Pogoda z rana by\u0142a dobra, lecz brakowa\u0142o nam np. ta\u015bmy do l\u0105dowania, niekt\u00f3rzy jeszcze poprawiali sprz\u0119t albo wcinali \u015bniadanie..jako\u015b tak nam si\u0119 zesz\u0142o. Jednak ostatecznie oko\u0142o po\u0142udnia wszyscy wdrapali si\u0119 na g\u00f3rk\u0119 tzw. Czo\u0142o i S\u0119dzia G\u0142\u00f3wny w osobie Karola uroczy\u015bcie otworzy\u0142 browara na znak rozpocz\u0119cia kolejek \ud83d\ude00 . Chwil\u0119 wcze\u015bniej mia\u0142 miejsce pewien incydent &#8211; Kamil chcia\u0142 str\u0105ci\u0107 swoim Mystic&#8217;iem mini\u00f3wk\u0119 Arka, ale konstrukcja z Modelarni Zaleszany dzielnie da\u0142a sobie rad\u0119, czego nie mo\u017cna powiedzie\u0107 o znacznie wi\u0119kszym modelu &#8211; sko\u0144czy\u0142 do\u015b\u0107 wysoko na drzewie&#8230;<\/p>\n<p>Same kolejki lot\u00f3w sz\u0142y w miar\u0119 sprawnie i oko\u0142o 14:00 zosta\u0142o jeszcze tylko dw\u00f3ch pilot\u00f3w, kt\u00f3rzy ko\u0144czyli swoje loty. Pogoda tego dnia pozwala\u0142a na do\u015b\u0107 swobodne wylataywanie maxa je\u015bli chodzi o czas, ale trudniejsza wersja ta\u015bmy skutecznie r\u00f3\u017cnicowa\u0142a wyniki podczas l\u0105dowania &#8211; strata w sumie 60 pkt do lidera dawa\u0142a dopiero 6 miejsce wi\u0119c by\u0142o ciasno \ud83d\ude42<\/p>\n<p>Tu\u017c po sko\u0144czeniu lot\u00f3w w rejon Pi\u0144czowa wpad\u0142 przelotny deszcz, na szcz\u0119\u015bcie niezbyt d\u0142ugi i wieczorem uda\u0142o si\u0119 jeszcze troch\u0119 polata\u0107. Niestety temperatura tego dnia nie rozpieszcza\u0142a, a wiecz\u00f3r jak i ca\u0142y dzie\u0144 przypomina\u0142 troch\u0119 wrzesie\u0144.<br \/>\nNie przeszkadza\u0142o to jednak niekt\u00f3rym w balowaniu na mie\u015bcie z okazji Dni Ponidzia \ud83d\ude00 za\u015b starszyzna siedzia\u0142a w Aeroklubie i ogl\u0105da\u0142a m.in. stand-upy popijaj\u0105c jedyny s\u0142uszny nap\u00f3j \ud83d\ude42<\/p>\n<p><strong>Niedziela 1 Lipca<\/strong><\/p>\n<p>Drugi dzie\u0144 pierwszych zawod\u00f3w naszej produkcji przywita\u0142 nas troch\u0119 mniej oczywist\u0105 pogod\u0105. Z jednej strony by\u0142o odrobin\u0119 cieplej, ale wiatr nie by\u0142 ju\u017c tak silny jak w sobot\u0119. Drugim problemem by\u0142y do\u015b\u0107 spore chmury deszczowe widoczne na horyzoncie z naszej g\u00f3rki. St\u0105d trzeba by\u0142o do\u015b\u0107 sprawnie rozgrywa\u0107 kolejki lot\u00f3w. Od pocz\u0105tku czasu startowego wi\u0119kszo\u015b\u0107 wylatywa\u0142a maksymalny czas i trafia\u0142a w l\u0105dowanie, ale w pewnym momencie Zonk da\u0142 o sobie zna\u0107 \ud83d\ude00 Na kilka minut wpad\u0142o straszne duszenie, z kt\u00f3rego prawie nikt si\u0119 nie wygrzeba\u0142 i na raz spad\u0142o jakie\u015b 5-6 modeli, w tym Pawe\u0142 i Arek z naszej ekipy. Jak si\u0119 p\u00f3\u017aniej okaza\u0142o, przez to mieli ju\u017c po zawodach. Ci, kt\u00f3rzy unikn\u0119li tego momentu byli du\u017co wy\u017cej w klasyfikacji.&nbsp;<\/p>\n<p>Zatem po rozegraniu prawilnych 10 kolejek lot\u00f3w w 2 dni, zawody wygra\u0142 Kamil Koszyczek, drugi by\u0142 nasz Wojtek, a trzeci Rafa\u0142 Po\u0142owniak. Z naszej ekipy Pawe\u0142 by\u0142 6, Arek 7, a Mario 13 (z powodu deszczu nie wykona\u0142 dw\u00f3ch ostatnich lot\u00f3w).<\/p>\n<p>Dzi\u0119ki zrzutce po dychu na wpisowe uda\u0142o si\u0119 nie tylko zrobi\u0107 bardzo fajne puchary, ale tak\u017ce ufundowa\u0107 nagrody rzeczowe dla zwyci\u0119zc\u00f3w \ud83d\ude42<\/p>\n<p>Ca\u0142o\u015b\u0107 zawod\u00f3w naszej wsp\u00f3lnej organizacji wypad\u0142a bardzo elegancko, na pewno nie by\u0142 to pierwszy i ostatni tego typu event w Pi\u0144czowie. Szlak przetarty, jesieni\u0105 robimy kolejn\u0105 edycj\u0119! \ud83d\ude42<\/p>\n<p>pisa\u0142 Arek<\/p>\n","protected":false},"excerpt":{"rendered":"<p>Przez d\u0142ugi czas nie dochodzi\u0142o do nas \u017cadne info kiedy odb\u0119dzie si\u0119 wiosenna edycja naszych ulubionych zawod\u00f3w w Pi\u0144czowie a\u017c nasta\u0142 kwiecie\u0144 i wsp\u00f3lnym wysi\u0142kiem postanowili\u015bmy zorganizowa\u0107 je sobie sami \ud83d\ude42 Nie pami\u0119tam ju\u017c kto rzuci\u0142 ten pomys\u0142, ale ca\u0142o\u015b\u0107 rozegra\u0142a si\u0119 na grupie fejsbukowej i w przeci\u0105gu kilku wieczor\u00f3w uda\u0142o si\u0119 wym\u00f3\u017cd\u017cy\u0107 nazw\u0119, termin [&hellip;]<\/p>\n","protected":false},"author":1,"featured_media":0,"parent":9099,"menu_order":0,"comment_status":"closed","ping_status":"closed","template":"","meta":{"_crdt_document":"","ngg_post_thumbnail":0,"footnotes":""},"class_list":["post-9105","page","type-page","status-publish","hentry"],"_links":{"self":[{"href":"https:\/\/zonk-team.pl\/index.php?rest_route=\/wp\/v2\/pages\/9105","targetHints":{"allow":["GET"]}}],"collection":[{"href":"https:\/\/zonk-team.pl\/index.php?rest_route=\/wp\/v2\/pages"}],"about":[{"href":"https:\/\/zonk-team.pl\/index.php?rest_route=\/wp\/v2\/types\/page"}],"author":[{"embeddable":true,"href":"https:\/\/zonk-team.pl\/index.php?rest_route=\/wp\/v2\/users\/1"}],"replies":[{"embeddable":true,"href":"https:\/\/zonk-team.pl\/index.php?rest_route=%2Fwp%2Fv2%2Fcomments&post=9105"}],"version-history":[{"count":3,"href":"https:\/\/zonk-team.pl\/index.php?rest_route=\/wp\/v2\/pages\/9105\/revisions"}],"predecessor-version":[{"id":9111,"href":"https:\/\/zonk-team.pl\/index.php?rest_route=\/wp\/v2\/pages\/9105\/revisions\/9111"}],"up":[{"embeddable":true,"href":"https:\/\/zonk-team.pl\/index.php?rest_route=\/wp\/v2\/pages\/9099"}],"wp:attachment":[{"href":"https:\/\/zonk-team.pl\/index.php?rest_route=%2Fwp%2Fv2%2Fmedia&parent=9105"}],"curies":[{"name":"wp","href":"https:\/\/api.w.org\/{rel}","templated":true}]}}