{"id":9410,"date":"2018-10-18T23:39:08","date_gmt":"2018-10-18T22:39:08","guid":{"rendered":"http:\/\/zonk-team.pl\/?page_id=9410"},"modified":"2019-11-06T23:51:54","modified_gmt":"2019-11-06T22:51:54","slug":"ponidzie-autumn-cup-2018-2","status":"publish","type":"page","link":"https:\/\/zonk-team.pl\/?page_id=9410","title":{"rendered":"Ponidzie Autumn Cup 2018 #2"},"content":{"rendered":"\n<p class=\"wp-block-paragraph\">Skoro raz uda\u0142o si\u0119 zrobi\u0107 zawody i wszystkim pasowa\u0142o, to czemu nie p\u00f3j\u015b\u0107 za ciosem i nie zrobi\u0107 edycji jesiennej? Wi\u0119kszo\u015b\u0107 temat\u00f3w organizacyjnych by\u0142a ju\u017c prze\u0107wiczona wi\u0119c tylko ustawi\u0107 termin i jedziemy \ud83d\ude42<br \/>Troch\u0119 poprawek do regulaminu, ulepszona i zdublowana ta\u015bma (w\u0142a\u015bciwie linka) do l\u0105dowania i mamy kolejne, coraz lepsze zawody&#8230; ale po kolei:<\/p>\n\n\n\n<p class=\"wp-block-paragraph\"><strong>Pi\u0105tek 5 Pa\u017adziernika<\/strong><\/p>\n\n\n\n<p class=\"wp-block-paragraph\">Termin jesienny to zawsze wi\u0119ksze ryzyko zwi\u0105zane z pogod\u0105, jednak tym razem uda\u0142o si\u0119 trafi\u0107 na bardzo s\u0142oneczny weekend. O dziwo prawie wszyscy przyjechali do\u015b\u0107 p\u00f3\u017ano w pi\u0105tek, a nie jak dawniej bywa\u0142o w \u015brod\u0119 \ud83d\ude00 . Adrian by\u0142 tu o 14:00 i nikogo znajomego, niebywa\u0142e \ud83d\ude00 .<br \/>Bli\u017cej wieczoru jednak ekipa stopniowo si\u0119 zjecha\u0142a i mo\u017cna by\u0142o zacz\u0105\u0107 wymian\u0119 do\u015bwiadcze\u0144 po\u0142\u0105czon\u0105 z ko\u0144czeniem modeli na jutro \ud83d\ude42<br \/>Dodatkowo odbywa\u0142o si\u0119 precyzyjne odmierzanie ta\u015bm do l\u0105dowania, razem z grub\u0105 dyskusj\u0105 co ile zrobi\u0107 punktacj\u0119 \ud83d\ude42 Zobaczcie jaki bonus czeka\u0142 na ko\u0144cu ka\u017cdej z nich \ud83d\ude09<\/p>\n\n\n\n<p class=\"wp-block-paragraph\"><strong>Sobota 6 Pa\u017adziernika<\/strong><\/p>\n\n\n\n<p class=\"wp-block-paragraph\">Zgodnie z prognozami, sobotni poranek okaza\u0142 si\u0119 pi\u0119kny i s\u0142oneczny \ud83d\ude42 Dodatkowo na nasze zawody wpad\u0142 daaaaawno nie widziany Czarek z Warszawy. Wybiera\u0142 si\u0119 do nas wiele razy a\u017c w ko\u0144cu si\u0119 uda\u0142o \ud83d\ude42<br \/>Reszta porannych zwyczaj\u00f3w jak zwykle, poza jednym &#8211; wia\u0142o po\u0142udnie i Wojtek pokaza\u0142 wszystkim swoje nowe znalezisko &#8211; Rezerwat Krzy\u017canowice. By\u0142a to bardzo fajnie po\u0142o\u017cona g\u00f3rka, niedaleko Pi\u0144czowa z do\u015b\u0107 d\u0142ugim zboczem na kierunek S-SW, ewentualnie z drugiej strony na p\u00f3\u0142noc. Co wa\u017cne, nie trzeba du\u017co wchodzi\u0107 \ud83d\ude42&nbsp;<br \/>Na szczycie du\u017co miejsca pozwoli\u0142o na swobodne rozmieszczenie naszych \u015bwie\u017cych ta\u015bm i zawody otwarte \ud83d\ude42<br \/>Wiatr nie by\u0142 tego dnia do\u015b\u0107 silny, ale pozwala\u0142 spokojnie wylata\u0107 pe\u0142ny czas, a zawody tego dnia polega\u0142y na celno\u015bci l\u0105dowania.<br \/>Oczywi\u015bcie zdarza\u0142y si\u0119 pojedyncze przypadki awarii czy b\u0142\u0119d\u00f3w nie pozwalaj\u0105cych na wykonanie 5&#215;300 s. W\u0142a\u015bciwie jedno 0 za l\u0105dowanie powodowa\u0142o, \u017ce mo\u017cna by\u0142o zapomnie\u0107 o podium.<br \/>Po sko\u0144czeniu kolejek lot\u00f3w, wi\u0119kszo\u015b\u0107 do\u015b\u0107 szybko zmy\u0142a si\u0119 na obiad i odpoczynek. Je\u015bli kto\u015b lata\u0142 to np. Pawe\u0142 swoim FPV lub du\u017cym szybowcem, a modele bior\u0105ce udzia\u0142 w zawodach trzeba by\u0142o oszcz\u0119dza\u0107 na drugi dzie\u0144 \ud83d\ude42<br \/>Chocia\u017c jesienne dni s\u0105 kr\u00f3tsze, troch\u0119 by\u0142o latane przed zachodem s\u0142o\u0144ca np. modelami FPV &#8211; Adrian, elektrykami albo Vento jak Arek i Mario.<br \/>Po zmroku Mario lata\u0142 dalej &#8211; nocnym Vento, kt\u00f3re wygra\u0142 w tym roku na zawodach \ud83d\ude42<br \/>W dalszej cz\u0119\u015bci wieczoru jak to w zwyczaju &#8211; grill, piwko i chill \ud83d\ude42<\/p>\n\n\n\n<p class=\"wp-block-paragraph\"><strong>Niedziela 7 Pa\u017adziernika<\/strong><\/p>\n\n\n\n<p class=\"wp-block-paragraph\">Drugi dzie\u0144 zawod\u00f3w r\u00f3wnie\u017c okaza\u0142 si\u0119 s\u0142oneczny i ca\u0142kiem ciep\u0142y, szczeg\u00f3lnie jak na Pi\u017adziernik \ud83d\ude1b Wiatr nadal wia\u0142 z kierunku pozwalaj\u0105cego na latanie na naszym nowym zboczu.<br \/>Na g\u00f3rce okaza\u0142o si\u0119, \u017ce wieje delikatnie s\u0142abiej, ale maxy nadal wi\u0119kszo\u015bci udawa\u0142o si\u0119 wylata\u0107. Tego dnia by\u0142o jednak wi\u0119cej crash\u00f3w. Pecha mia\u0142 m.in. Adrian, kt\u00f3rego kad\u0142ub rozlecia\u0142 si\u0119 po zderzeniu z innym modelem.<br \/>Kiedy prawie wszyscy sko\u0144czyli swoje loty w zawodach, grzechem by\u0142o nie skorzysta\u0107 z miejsc\u00f3wki i pogody. Szybko uformowa\u0142a si\u0119 spora gromada lataj\u0105ca od lewej do prawej z przerwami na mniejsze i wi\u0119ksze stukni\u0119cia i pukni\u0119cia \ud83d\ude42 Co ciekawsze uj\u0119cia do zobaczenia w galerii i na kanale YouTube.<br \/>Wracaj\u0105c jednak do zawod\u00f3w to ostatecznie wygra\u0142 Pawe\u0142 \u017bak, za\u015b drugie miejsce ex aequo zdobyli Pawe\u0142 Ataman i Czarek Janas. Z naszej ekipy Wojtek by\u0142 5., Mario 7,&nbsp; Arek 9 a Adrian 13 (nie uko\u0144czy\u0142 zawod\u00f3w).<\/p>\n\n\n\n<p class=\"wp-block-paragraph\">Kolejny, bardzo udany weekend w Pi\u0144czowie na koniec sezonu bardzo dobrze wszystkim zrobi\u0142. Nowe miejsce do latania od\u015bwie\u017cy\u0142o nasze g\u0142owy i ju\u017c w trakcie tych zawod\u00f3w pojawi\u0142o si\u0119 kilka pomys\u0142\u00f3w, kt\u00f3re by\u0107 mo\u017ce uda si\u0119 wprowadzi\u0107 w \u017cycie w przysz\u0142ym roku. Zatem, stay tuned!<\/p>\n\n\n\n<p class=\"wp-block-paragraph\"><\/p>\n\n\n\n<p class=\"wp-block-paragraph\"><\/p>\n","protected":false},"excerpt":{"rendered":"<p>Skoro raz uda\u0142o si\u0119 zrobi\u0107 zawody i wszystkim pasowa\u0142o, to czemu nie p\u00f3j\u015b\u0107 za ciosem i nie zrobi\u0107 edycji jesiennej? Wi\u0119kszo\u015b\u0107 temat\u00f3w organizacyjnych by\u0142a ju\u017c prze\u0107wiczona wi\u0119c tylko ustawi\u0107 termin i jedziemy \ud83d\ude42Troch\u0119 poprawek do regulaminu, ulepszona i zdublowana ta\u015bma (w\u0142a\u015bciwie linka) do l\u0105dowania i mamy kolejne, coraz lepsze zawody&#8230; ale po kolei: Pi\u0105tek 5 [&hellip;]<\/p>\n","protected":false},"author":1,"featured_media":0,"parent":9099,"menu_order":0,"comment_status":"closed","ping_status":"closed","template":"","meta":{"_crdt_document":"","ngg_post_thumbnail":0,"footnotes":""},"class_list":["post-9410","page","type-page","status-publish","hentry"],"_links":{"self":[{"href":"https:\/\/zonk-team.pl\/index.php?rest_route=\/wp\/v2\/pages\/9410","targetHints":{"allow":["GET"]}}],"collection":[{"href":"https:\/\/zonk-team.pl\/index.php?rest_route=\/wp\/v2\/pages"}],"about":[{"href":"https:\/\/zonk-team.pl\/index.php?rest_route=\/wp\/v2\/types\/page"}],"author":[{"embeddable":true,"href":"https:\/\/zonk-team.pl\/index.php?rest_route=\/wp\/v2\/users\/1"}],"replies":[{"embeddable":true,"href":"https:\/\/zonk-team.pl\/index.php?rest_route=%2Fwp%2Fv2%2Fcomments&post=9410"}],"version-history":[{"count":2,"href":"https:\/\/zonk-team.pl\/index.php?rest_route=\/wp\/v2\/pages\/9410\/revisions"}],"predecessor-version":[{"id":10793,"href":"https:\/\/zonk-team.pl\/index.php?rest_route=\/wp\/v2\/pages\/9410\/revisions\/10793"}],"up":[{"embeddable":true,"href":"https:\/\/zonk-team.pl\/index.php?rest_route=\/wp\/v2\/pages\/9099"}],"wp:attachment":[{"href":"https:\/\/zonk-team.pl\/index.php?rest_route=%2Fwp%2Fv2%2Fmedia&parent=9410"}],"curies":[{"name":"wp","href":"https:\/\/api.w.org\/{rel}","templated":true}]}}