{"id":9981,"date":"2019-07-24T22:53:07","date_gmt":"2019-07-24T21:53:07","guid":{"rendered":"http:\/\/zonk-team.pl\/?page_id=9981"},"modified":"2019-11-06T23:58:59","modified_gmt":"2019-11-06T22:58:59","slug":"zawody-2019","status":"publish","type":"page","link":"https:\/\/zonk-team.pl\/?page_id=9981","title":{"rendered":"Zawody 2019"},"content":{"rendered":"\n<p class=\"wp-block-paragraph\"><a href=\"https:\/\/zonk-team.pl\/?page_id=9986\"><strong>Ponidzie Summer Cup 2019 #3<\/strong><\/a><br \/>Uda\u0142o si\u0119 ju\u017c dwa razy wi\u0119c pora na zawody #3!&#8230; chocia\u017c tym razem tak r\u00f3\u017cowo nie by\u0142o&#8230;<\/p>\n\n\n\n<p class=\"wp-block-paragraph\"><\/p>\n\n\n\n<p class=\"wp-block-paragraph\"><a href=\"https:\/\/zonk-team.pl\/?page_id=10599\"><strong>Mistrzostwa Polski F3F Grudzi\u0105dz 2019<\/strong><\/a><br \/>A tym razem wybrali\u015bmy si\u0119 na nieco inne zawody&#8230;<\/p>\n\n\n\n<p class=\"wp-block-paragraph\"><\/p>\n\n\n\n<p class=\"wp-block-paragraph\"><strong><a href=\"https:\/\/zonk-team.pl\/?page_id=10792\">PP F3F Puchar Ba\u0142tyku 2019<\/a><\/strong><br \/>Po Grudzi\u0105dzu F3F spodoba\u0142o si\u0119 nam na tyle, \u017ce zaliczyli\u015bmy jeszcze jedne zawody w tym sezonie&#8230;<\/p>\n\n\n\n<p class=\"wp-block-paragraph\"><\/p>\n","protected":false},"excerpt":{"rendered":"<p>Ponidzie Summer Cup 2019 #3Uda\u0142o si\u0119 ju\u017c dwa razy wi\u0119c pora na zawody #3!&#8230; chocia\u017c tym razem tak r\u00f3\u017cowo nie by\u0142o&#8230; Mistrzostwa Polski F3F Grudzi\u0105dz 2019A tym razem wybrali\u015bmy si\u0119 na nieco inne zawody&#8230; PP F3F Puchar Ba\u0142tyku 2019Po Grudzi\u0105dzu F3F spodoba\u0142o si\u0119 nam na tyle, \u017ce zaliczyli\u015bmy jeszcze jedne zawody w tym sezonie&#8230;<\/p>\n","protected":false},"author":1,"featured_media":0,"parent":3576,"menu_order":0,"comment_status":"closed","ping_status":"closed","template":"","meta":{"_crdt_document":"","ngg_post_thumbnail":0,"footnotes":""},"class_list":["post-9981","page","type-page","status-publish","hentry"],"_links":{"self":[{"href":"https:\/\/zonk-team.pl\/index.php?rest_route=\/wp\/v2\/pages\/9981","targetHints":{"allow":["GET"]}}],"collection":[{"href":"https:\/\/zonk-team.pl\/index.php?rest_route=\/wp\/v2\/pages"}],"about":[{"href":"https:\/\/zonk-team.pl\/index.php?rest_route=\/wp\/v2\/types\/page"}],"author":[{"embeddable":true,"href":"https:\/\/zonk-team.pl\/index.php?rest_route=\/wp\/v2\/users\/1"}],"replies":[{"embeddable":true,"href":"https:\/\/zonk-team.pl\/index.php?rest_route=%2Fwp%2Fv2%2Fcomments&post=9981"}],"version-history":[{"count":4,"href":"https:\/\/zonk-team.pl\/index.php?rest_route=\/wp\/v2\/pages\/9981\/revisions"}],"predecessor-version":[{"id":10794,"href":"https:\/\/zonk-team.pl\/index.php?rest_route=\/wp\/v2\/pages\/9981\/revisions\/10794"}],"up":[{"embeddable":true,"href":"https:\/\/zonk-team.pl\/index.php?rest_route=\/wp\/v2\/pages\/3576"}],"wp:attachment":[{"href":"https:\/\/zonk-team.pl\/index.php?rest_route=%2Fwp%2Fv2%2Fmedia&parent=9981"}],"curies":[{"name":"wp","href":"https:\/\/api.w.org\/{rel}","templated":true}]}}