{"id":9986,"date":"2019-07-24T23:09:22","date_gmt":"2019-07-24T22:09:22","guid":{"rendered":"http:\/\/zonk-team.pl\/?page_id=9986"},"modified":"2019-11-06T23:50:24","modified_gmt":"2019-11-06T22:50:24","slug":"ponidzie-summer-cup-2019-3","status":"publish","type":"page","link":"https:\/\/zonk-team.pl\/?page_id=9986","title":{"rendered":"Ponidzie Summer Cup 2019 #3"},"content":{"rendered":"\n<p class=\"wp-block-paragraph\">Skoro uda\u0142o si\u0119 podtrzyma\u0107 tradycj\u0119 organizacji zawod\u00f3w i doda\u0107 nowe elementy to polecieli\u015bmy za ciosem i zorganizowali\u015bmy sobie trzeci\u0105 edycj\u0119 naszego spotkania. Tym razem temat organizacji troch\u0119 nam si\u0119 rozjecha\u0142 w czasie ze wzgl\u0119du na zmiany w Zarz\u0105dzie Aeroklubu Pi\u0144czowskiego, ale finalnie uda\u0142o nam si\u0119 dogada\u0107 na po\u0142ow\u0119 lipca. Dodatkowo w planach by\u0142y dwie nowo\u015bci &#8211; pr\u00f3ba rozegrania konkurencji wzorowanej na F3F oraz uczestnictwo w Pikniku Modelarskim w Aeroklubie. W obu tych tematach wiele do gadania mia\u0142a pogoda, do tego stopnia \u017ce F3F tym razem nie uda\u0142o si\u0119 rozegra\u0107, ale spokojnie, to si\u0119 pr\u0119dzej czy p\u00f3\u017aniej stanie \ud83d\ude00<\/p>\n\n\n\n<p class=\"wp-block-paragraph\"><strong>Pi\u0105tek 12 Lipca<\/strong><\/p>\n\n\n\n<p class=\"wp-block-paragraph\">Tradycyjnie tego dnia zje\u017cd\u017camy si\u0119 do Pi\u0144czowa. Wczesnym popo\u0142udniem przyjechali pierwsi uczestnicy. Kto m\u00f3g\u0142 rozlokowa\u0142 si\u0119 w pokojach, reszta w namiotach lub na materacach w Aeroklubie. By\u0142a ca\u0142kiem fajna pogoda wi\u0119c troch\u0119 latania na lotnisku jak najbardziej wskazane, \u0142\u0105cznie z combatami itd. Wieczorem jak zwykle grill, piwko i szykowanie si\u0119 na pierwszy dzie\u0144 zawod\u00f3w.<\/p>\n\n\n\n<p class=\"wp-block-paragraph\"><strong>Sobota 13 Lipca<\/strong><\/p>\n\n\n\n<p class=\"wp-block-paragraph\">Sobotni poranek przyni\u00f3s\u0142 deszcz, ale zd\u0105\u017cy\u0142o si\u0119 wypada\u0107 nim wszyscy si\u0119 zebrali. Mimo to troch\u0119 trzeba by\u0142o poczeka\u0107 bo z kierunkiem wiatru nie by\u0142o zbyt cudownie. Ostatecznie ok po\u0142udnia byli\u015bmy na g\u00f3rce tzw. czole. Niestety tym razem mo\u017cna by\u0142o zapomnie\u0107 o super przyst\u0119pnym zboczu, kt\u00f3re wykorzystali\u015bmy w poprzedniej edycji &#8211; na p\u00f3\u0142nocno-zachodnie wiatry w og\u00f3le si\u0119 nie nadawa\u0142o.<br \/>Jedyna dost\u0119pna tego dnia g\u00f3rka te\u017c nie pozwala\u0142a na idealne latanie i tzw. konkurs l\u0105dowa\u0144. O ile na pocz\u0105tku jako tako wia\u0142o i udawa\u0142o si\u0119 wylata\u0107 pe\u0142ne 5 minut, tak w pewnym momencie warunki po prostu siad\u0142y. Skorzystali ci, kt\u00f3rzy zrobili wi\u0119kszo\u015b\u0107 lot\u00f3w zaraz na pocz\u0105tku. W moim przypadku skleroza i konieczno\u015b\u0107 powrotu na lotnisko po odbiorniki sko\u0144czy\u0142a si\u0119 tym, \u017ce za\u0142apa\u0142em si\u0119 jedynie na dwa loty za 350 pkt, p\u00f3\u017aniej zosta\u0142o ju\u017c tylko rzucanie modelu z g\u00f3rki. Szczeg\u00f3\u0142ow\u0105 klasyfikacj\u0119 po pierwszym dniu znajdziecie na jednym ze zdj\u0119\u0107 w <strong><a href=\"https:\/\/zonk-team.pl\/?page_id=9975\">galerii<\/a><\/strong>.<br \/>Po ciszy przysz\u0142a ma\u0142a burza i opady, w trakcie kt\u00f3rych akurat by\u0142 czas na szam\u0119, zakupy i odpoczynek. Pierwotnie zaraz po lotach mia\u0142 odby\u0107 si\u0119 wspomniany wcze\u015bniej Piknik, ale decyzj\u0105 nasz\u0105 i Zarz\u0105du ARP zosta\u0142 przeniesiony na niedzielny termin rezerwowy.<br \/>Deszcz nie pozwoli\u0142 nam za bardzo polata\u0107 r\u00f3wnie\u017c dla siebie wi\u0119c wiecz\u00f3r up\u0142yn\u0105\u0142 na og\u00f3lnym chillowaniu, grillowaniu czy te\u017c pizzowaniu \ud83d\ude00<\/p>\n\n\n\n<p class=\"wp-block-paragraph\"><strong>Niedziela 14 Lipca<\/strong><\/p>\n\n\n\n<p class=\"wp-block-paragraph\">Ten dzie\u0144 by\u0142 jednym z gorszych w historii zawod\u00f3w w Pi\u0144czowie. Z jednej strony ciep\u0142o, przez chmury przebija si\u0119 s\u0142o\u0144ce i wydaje si\u0119, \u017ce polatamy. Z drugiej za\u015b wiatru bardzo ma\u0142o i na dodatek je\u015bli jest to z p\u00f3\u0142nocy. D\u0142uuuugo czekali\u015bmy a\u017c co\u015b si\u0119 z tym stanie i si\u0119 nie doczekali\u015bmy. Zosta\u0142o latanie dla siebie na lotnisku, zabawy z combatami, Pawe\u0142 i Kielon trenowali F5J, Wojtek \u0142owi\u0142 ryby&#8230;ka\u017cdy znalaz\u0142 sobie spos\u00f3b na sp\u0119dzenie tego czasu \ud83d\ude42<br \/>Ostatecznie za ko\u0144cowe trzeba by\u0142o uzna\u0107 wyniki z pierwszego dnia. Tym samym wygra\u0142 Marcin Kieliszek, drugi by\u0142 Kamil Koszyczek, a podium zamkn\u0105\u0142 Pawe\u0142 &#8211; czyli wszystko gra, ZT na podium by\u0142o \ud83d\ude00 poza tym Wojtek 4-ty, J\u00f3zek by\u0142 5-ty., Arek \u00f3smy, Mario ostatecznie nie startowa\u0142.<br \/>Zaraz po zako\u0144czeniu zawod\u00f3w mia\u0142 miejsce start Pikniku Modelarskiego, na kt\u00f3ry zosta\u0142a prawie ca\u0142a nasza ekipa. Obecny by\u0142 m.in. Burmistrz Pi\u0144czowa, przysz\u0142o kilkadziesi\u0105t os\u00f3b ciekawych naszych pokaz\u00f3w. <br \/>Uda\u0142o nam si\u0119 zrobi\u0107 zar\u00f3wno wystaw\u0119 statyczn\u0105 sprz\u0119tu jak i da\u0107 pokazy lot\u00f3w modeli &#8211; od ma\u0142ych elektryk\u00f3w, przez combaty i wi\u0119ksze pianki jak ASW-28 Arka, a na F5J czy lotach FPV ko\u0144cz\u0105c. Je\u015bli FPV to oczywi\u015bcie J\u00f3zek i Pawe\u0142 &#8211; by\u0142y loty zar\u00f3wno skrzyd\u0142em Harier S1100 jak i ostatnio oblatanym Mini Talonem. Pawe\u0142 polata\u0142 te\u017c dronem wy\u015bcigowym. Widzowie mogli \u015bledzi\u0107 obraz z kamer na ekranie wystawionym przed hangarem.<br \/>Dodatkowo na pikniku pojawi\u0142 si\u0119 te\u017c du\u017cy dron z kamer\u0105 na pok\u0142adzie, a tak\u017ce stanowisko z symulatorem lotniczym firmy z Buska Zdroju.<br \/>Pomimo, \u017ce z organizacj\u0105 pikniku by\u0142o troch\u0119 wi\u0119cej zachodu to ca\u0142o\u015b\u0107 wysz\u0142a naszym zdaniem do\u015b\u0107 zgrabnie, chocia\u017c oczywi\u015bcie kilka kwestii wymaga dopracowania je\u015bli b\u0119dziemy mieli co\u015b podobnego organizowa\u0107 w przysz\u0142o\u015bci. Termin rezerwowy niestety te\u017c da\u0142 si\u0119 we znaki poniewa\u017c z Pi\u0144czowa wyjechali\u015bmy dopiero ok. 19:00, ale c\u00f3\u017c &#8211; tym razem to pogoda rz\u0105dzi\u0142a i mam nadziej\u0119, \u017ce nast\u0119pnym razem b\u0119dzie mie\u0107 mniej do gadania \ud83d\ude42 <\/p>\n\n\n\n<p class=\"wp-block-paragraph\">pisa\u0142 Arek <\/p>\n\n\n\n<p class=\"wp-block-paragraph\"><\/p>\n","protected":false},"excerpt":{"rendered":"<p>Skoro uda\u0142o si\u0119 podtrzyma\u0107 tradycj\u0119 organizacji zawod\u00f3w i doda\u0107 nowe elementy to polecieli\u015bmy za ciosem i zorganizowali\u015bmy sobie trzeci\u0105 edycj\u0119 naszego spotkania. Tym razem temat organizacji troch\u0119 nam si\u0119 rozjecha\u0142 w czasie ze wzgl\u0119du na zmiany w Zarz\u0105dzie Aeroklubu Pi\u0144czowskiego, ale finalnie uda\u0142o nam si\u0119 dogada\u0107 na po\u0142ow\u0119 lipca. Dodatkowo w planach by\u0142y dwie nowo\u015bci [&hellip;]<\/p>\n","protected":false},"author":1,"featured_media":0,"parent":9981,"menu_order":0,"comment_status":"closed","ping_status":"closed","template":"","meta":{"_crdt_document":"","ngg_post_thumbnail":0,"footnotes":""},"class_list":["post-9986","page","type-page","status-publish","hentry"],"_links":{"self":[{"href":"https:\/\/zonk-team.pl\/index.php?rest_route=\/wp\/v2\/pages\/9986","targetHints":{"allow":["GET"]}}],"collection":[{"href":"https:\/\/zonk-team.pl\/index.php?rest_route=\/wp\/v2\/pages"}],"about":[{"href":"https:\/\/zonk-team.pl\/index.php?rest_route=\/wp\/v2\/types\/page"}],"author":[{"embeddable":true,"href":"https:\/\/zonk-team.pl\/index.php?rest_route=\/wp\/v2\/users\/1"}],"replies":[{"embeddable":true,"href":"https:\/\/zonk-team.pl\/index.php?rest_route=%2Fwp%2Fv2%2Fcomments&post=9986"}],"version-history":[{"count":2,"href":"https:\/\/zonk-team.pl\/index.php?rest_route=\/wp\/v2\/pages\/9986\/revisions"}],"predecessor-version":[{"id":9991,"href":"https:\/\/zonk-team.pl\/index.php?rest_route=\/wp\/v2\/pages\/9986\/revisions\/9991"}],"up":[{"embeddable":true,"href":"https:\/\/zonk-team.pl\/index.php?rest_route=\/wp\/v2\/pages\/9981"}],"wp:attachment":[{"href":"https:\/\/zonk-team.pl\/index.php?rest_route=%2Fwp%2Fv2%2Fmedia&parent=9986"}],"curies":[{"name":"wp","href":"https:\/\/api.w.org\/{rel}","templated":true}]}}